{"id":759786,"date":"2025-08-28T08:45:11","date_gmt":"2025-08-28T05:45:11","guid":{"rendered":"https:\/\/roveyayinevi.com.tr\/index.php\/urun\/dus-delisinin-yeryuzu-notlari\/"},"modified":"2026-04-16T03:12:40","modified_gmt":"2026-04-16T00:12:40","slug":"dus-delisinin-yeryuzu-notlari","status":"publish","type":"product","link":"https:\/\/roveyayinevi.com.tr\/index.php\/urun\/dus-delisinin-yeryuzu-notlari\/","title":{"rendered":"D\u00fc\u015f Delisinin Yery\u00fcz\u00fc Notlar\u0131"},"content":{"rendered":"<p>Bir maruzat\u0131m var \u015fehir hakimi Gece yar\u0131s\u0131 saat \u00fc\u00e7te uyand\u0131r\u0131l\u0131r m\u0131 ku\u015f\u00e7u Hangi kanala girdi toplumsal kurtulu\u015f\u00e7u S\u0131n\u0131f\u0131m nerde kafa ka\u011f\u0131d\u0131m nerde Adalet nerde soy sop kayd\u0131m nerde   Ezberimdeydi daha d\u00fcn d\u00f6v\u00fc\u015feceklerim Unuttum unutaca\u011f\u0131m varm\u0131\u015f ci\u011ferim Hal ve gidi\u015ften ap\u0131\u015f\u0131p kald\u0131 m\u0131 Ba\u015fkandan saym\u0131yorlar adam\u0131 <\/p>\n","protected":false},"excerpt":{"rendered":"<p>Bir maruzat\u0131m var \u015fehir hakimi Gece yar\u0131s\u0131 saat \u00fc\u00e7te uyand\u0131r\u0131l\u0131r m\u0131 ku\u015f\u00e7u Hangi kanala girdi toplumsal kurtulu\u015f\u00e7u S\u0131n\u0131f\u0131m nerde kafa ka\u011f\u0131d\u0131m nerde Adalet nerde soy sop<span class=\"excerpt-hellip\"> [\u2026]<\/span><\/p>\n","protected":false},"featured_media":0,"template":"","meta":{"_monsterinsights_skip_tracking":false,"_monsterinsights_sitenote_active":false,"_monsterinsights_sitenote_note":"","_monsterinsights_sitenote_category":0},"product_brand":[],"product_cat":[12291,12509],"product_tag":[],"class_list":{"0":"post-759786","1":"product","2":"type-product","3":"status-publish","5":"product_cat-edebiyat","6":"product_cat-siir","7":"pa_cilt-ciltsiz","8":"pa_tur-kitap","9":"pa_yayinevi-nitelik-kitap","10":"pa_yazar-babur-pinar","12":"first","13":"instock","14":"sale","15":"shipping-taxable","16":"purchasable","17":"product-type-simple"},"_links":{"self":[{"href":"https:\/\/roveyayinevi.com.tr\/index.php\/wp-json\/wp\/v2\/product\/759786","targetHints":{"allow":["GET"]}}],"collection":[{"href":"https:\/\/roveyayinevi.com.tr\/index.php\/wp-json\/wp\/v2\/product"}],"about":[{"href":"https:\/\/roveyayinevi.com.tr\/index.php\/wp-json\/wp\/v2\/types\/product"}],"wp:attachment":[{"href":"https:\/\/roveyayinevi.com.tr\/index.php\/wp-json\/wp\/v2\/media?parent=759786"}],"wp:term":[{"taxonomy":"product_brand","embeddable":true,"href":"https:\/\/roveyayinevi.com.tr\/index.php\/wp-json\/wp\/v2\/product_brand?post=759786"},{"taxonomy":"product_cat","embeddable":true,"href":"https:\/\/roveyayinevi.com.tr\/index.php\/wp-json\/wp\/v2\/product_cat?post=759786"},{"taxonomy":"product_tag","embeddable":true,"href":"https:\/\/roveyayinevi.com.tr\/index.php\/wp-json\/wp\/v2\/product_tag?post=759786"}],"curies":[{"name":"wp","href":"https:\/\/api.w.org\/{rel}","templated":true}]}}