{"id":759785,"date":"2025-08-28T08:45:09","date_gmt":"2025-08-28T05:45:09","guid":{"rendered":"https:\/\/roveyayinevi.com.tr\/index.php\/urun\/haydi-o-zaman\/"},"modified":"2026-04-16T03:12:40","modified_gmt":"2026-04-16T00:12:40","slug":"haydi-o-zaman","status":"publish","type":"product","link":"https:\/\/roveyayinevi.com.tr\/index.php\/urun\/haydi-o-zaman\/","title":{"rendered":"Haydi O Zaman"},"content":{"rendered":"<p>Zor zamanlar\u0131n\u0131z\u0131 d\u00fc\u015f\u00fcn\u00fcn! Her s\u0131k\u0131nt\u0131n\u0131n sonunda feraha \u00e7\u0131kmad\u0131n\u0131z m\u0131? G\u00f6zya\u015f\u0131 d\u00f6kerken, bir dostunuz aniden kap\u0131da belirmedi mi? \u0130\u015fsiz kald\u0131\u011f\u0131n\u0131zda, hi\u00e7 olmad\u0131k bir yerden i\u015f teklifi almad\u0131n\u0131z m\u0131? Zihnimizin derinlerine dald\u0131\u011f\u0131m\u0131zda, par\u00e7alar\u0131 birle\u015ftirmek hi\u00e7 de zor de\u011fil. Hem \u00f6\u011fretmen, hem de \u00f6\u011frenciyizdir hayat\u0131n i\u00e7inde. Do\u011fdu\u011fumuz aile, gitti\u011fimiz okullar, s\u0131ra arkada\u015flar\u0131m\u0131z, sevgilimiz, e\u015fimiz, \u00e7ocu\u011fumuz ve daha bir\u00e7ok insan ve olaylar. Her ili\u015fki, farkl\u0131 bir y\u00f6n\u00fcm\u00fcz\u00fcn aynas\u0131d\u0131r ve bizler de birbirimiz i\u00e7in birer aynay\u0131zd\u0131r asl\u0131nda. Buradan yola \u00e7\u0131karak, daha g\u00fczel yans\u0131malar ve \u00f6\u011fretiler i\u00e7in, HAYD\u0130 O ZAMAN!.. <\/p>\n","protected":false},"excerpt":{"rendered":"<p>Zor zamanlar\u0131n\u0131z\u0131 d\u00fc\u015f\u00fcn\u00fcn! Her s\u0131k\u0131nt\u0131n\u0131n sonunda feraha \u00e7\u0131kmad\u0131n\u0131z m\u0131? G\u00f6zya\u015f\u0131 d\u00f6kerken, bir dostunuz aniden kap\u0131da belirmedi mi? \u0130\u015fsiz kald\u0131\u011f\u0131n\u0131zda, hi\u00e7 olmad\u0131k bir yerden i\u015f teklifi almad\u0131n\u0131z<span class=\"excerpt-hellip\"> [\u2026]<\/span><\/p>\n","protected":false},"featured_media":0,"template":"","meta":{"_monsterinsights_skip_tracking":false,"_monsterinsights_sitenote_active":false,"_monsterinsights_sitenote_note":"","_monsterinsights_sitenote_category":0},"product_brand":[],"product_cat":[12777,12291],"product_tag":[],"class_list":{"0":"post-759785","1":"product","2":"type-product","3":"status-publish","5":"product_cat-deneme","6":"product_cat-edebiyat","7":"pa_cilt-ciltsiz","8":"pa_tur-kitap","9":"pa_yayinevi-nitelik-kitap","10":"pa_yazar-sevtap-kurkcuoglu","12":"first","13":"instock","14":"sale","15":"shipping-taxable","16":"purchasable","17":"product-type-simple"},"_links":{"self":[{"href":"https:\/\/roveyayinevi.com.tr\/index.php\/wp-json\/wp\/v2\/product\/759785","targetHints":{"allow":["GET"]}}],"collection":[{"href":"https:\/\/roveyayinevi.com.tr\/index.php\/wp-json\/wp\/v2\/product"}],"about":[{"href":"https:\/\/roveyayinevi.com.tr\/index.php\/wp-json\/wp\/v2\/types\/product"}],"wp:attachment":[{"href":"https:\/\/roveyayinevi.com.tr\/index.php\/wp-json\/wp\/v2\/media?parent=759785"}],"wp:term":[{"taxonomy":"product_brand","embeddable":true,"href":"https:\/\/roveyayinevi.com.tr\/index.php\/wp-json\/wp\/v2\/product_brand?post=759785"},{"taxonomy":"product_cat","embeddable":true,"href":"https:\/\/roveyayinevi.com.tr\/index.php\/wp-json\/wp\/v2\/product_cat?post=759785"},{"taxonomy":"product_tag","embeddable":true,"href":"https:\/\/roveyayinevi.com.tr\/index.php\/wp-json\/wp\/v2\/product_tag?post=759785"}],"curies":[{"name":"wp","href":"https:\/\/api.w.org\/{rel}","templated":true}]}}