{"id":759784,"date":"2025-08-28T08:45:07","date_gmt":"2025-08-28T05:45:07","guid":{"rendered":"https:\/\/roveyayinevi.com.tr\/index.php\/urun\/sportif-rekreasyonel-etkinliklere-katilan-bireylerin-fiziksel-aktivite-ve-genel-oz-yeterlilik-inanci-arasindaki-iliski\/"},"modified":"2026-04-16T03:12:40","modified_gmt":"2026-04-16T00:12:40","slug":"sportif-rekreasyonel-etkinliklere-katilan-bireylerin-fiziksel-aktivite-ve-genel-oz-yeterlilik-inanci-arasindaki-iliski","status":"publish","type":"product","link":"https:\/\/roveyayinevi.com.tr\/index.php\/urun\/sportif-rekreasyonel-etkinliklere-katilan-bireylerin-fiziksel-aktivite-ve-genel-oz-yeterlilik-inanci-arasindaki-iliski\/","title":{"rendered":"Sportif Rekreasyonel Etkinliklere Kat\u0131lan Bireylerin Fiziksel Aktivite ve Genel \u00d6z Yeterlilik \u0130nanc\u0131 Aras\u0131ndaki \u0130li\u015fki"},"content":{"rendered":"<p>\u0130\u00e7indekiler :           1. G\u0130R\u0130\u015e         2. GERE\u00c7 VE Y\u00d6NTEM <\/p>\n","protected":false},"excerpt":{"rendered":"<p>\u0130\u00e7indekiler : 1. G\u0130R\u0130\u015e 2. GERE\u00c7 VE Y\u00d6NTEM<\/p>\n","protected":false},"featured_media":0,"template":"","meta":{"_monsterinsights_skip_tracking":false,"_monsterinsights_sitenote_active":false,"_monsterinsights_sitenote_note":"","_monsterinsights_sitenote_category":0},"product_brand":[],"product_cat":[15563,15564],"product_tag":[],"class_list":{"0":"post-759784","1":"product","2":"type-product","3":"status-publish","5":"product_cat-hobi","6":"product_cat-spor","7":"pa_cilt-ciltsiz","8":"pa_tur-kitap","9":"pa_yayinevi-gazi-kitabevi","10":"pa_yazar-muhammed-bahadir-sandikci","12":"first","13":"instock","14":"sale","15":"shipping-taxable","16":"purchasable","17":"product-type-simple"},"_links":{"self":[{"href":"https:\/\/roveyayinevi.com.tr\/index.php\/wp-json\/wp\/v2\/product\/759784","targetHints":{"allow":["GET"]}}],"collection":[{"href":"https:\/\/roveyayinevi.com.tr\/index.php\/wp-json\/wp\/v2\/product"}],"about":[{"href":"https:\/\/roveyayinevi.com.tr\/index.php\/wp-json\/wp\/v2\/types\/product"}],"wp:attachment":[{"href":"https:\/\/roveyayinevi.com.tr\/index.php\/wp-json\/wp\/v2\/media?parent=759784"}],"wp:term":[{"taxonomy":"product_brand","embeddable":true,"href":"https:\/\/roveyayinevi.com.tr\/index.php\/wp-json\/wp\/v2\/product_brand?post=759784"},{"taxonomy":"product_cat","embeddable":true,"href":"https:\/\/roveyayinevi.com.tr\/index.php\/wp-json\/wp\/v2\/product_cat?post=759784"},{"taxonomy":"product_tag","embeddable":true,"href":"https:\/\/roveyayinevi.com.tr\/index.php\/wp-json\/wp\/v2\/product_tag?post=759784"}],"curies":[{"name":"wp","href":"https:\/\/api.w.org\/{rel}","templated":true}]}}