{"id":759782,"date":"2025-08-28T08:45:03","date_gmt":"2025-08-28T05:45:03","guid":{"rendered":"https:\/\/roveyayinevi.com.tr\/index.php\/urun\/ilkokullar-icin-mandala-boyama-kitabi\/"},"modified":"2026-04-16T03:12:40","modified_gmt":"2026-04-16T00:12:40","slug":"ilkokullar-icin-mandala-boyama-kitabi","status":"publish","type":"product","link":"https:\/\/roveyayinevi.com.tr\/index.php\/urun\/ilkokullar-icin-mandala-boyama-kitabi\/","title":{"rendered":"\u0130lkokullar \u0130\u00e7in Mandala Boyama Kitab\u0131"},"content":{"rendered":"<p>\u00c7ocuklar\u0131n rengarenk boyalarla keyifli vakit ge\u00e7irmesini sa\u011flamak amac\u0131yla haz\u0131rland\u0131. \u00c7ek-Kopar \u015feklinde haz\u0131rlanan sayfalarla \u00e7ocuk boyad\u0131\u011f\u0131 sayfalar\u0131 istedi\u011fi yere asabilir, sevdiklerine hediye edebilir. Detayl\u0131 \u00e7izimleri ile \u00e7ocuklar\u0131n odaklanma becerisini geli\u015ftirir, g\u00f6rsel haf\u0131zalar\u0131n\u0131 g\u00fc\u00e7lendirir, zihin geli\u015fimlerine katk\u0131 sa\u011flar.   Haydi bakal\u0131m! E\u011flence ba\u015flas\u0131n.   <\/p>\n","protected":false},"excerpt":{"rendered":"<p>\u00c7ocuklar\u0131n rengarenk boyalarla keyifli vakit ge\u00e7irmesini sa\u011flamak amac\u0131yla haz\u0131rland\u0131. \u00c7ek-Kopar \u015feklinde haz\u0131rlanan sayfalarla \u00e7ocuk boyad\u0131\u011f\u0131 sayfalar\u0131 istedi\u011fi yere asabilir, sevdiklerine hediye edebilir. Detayl\u0131 \u00e7izimleri ile \u00e7ocuklar\u0131n<span class=\"excerpt-hellip\"> [\u2026]<\/span><\/p>\n","protected":false},"featured_media":0,"template":"","meta":{"_monsterinsights_skip_tracking":false,"_monsterinsights_sitenote_active":false,"_monsterinsights_sitenote_note":"","_monsterinsights_sitenote_category":0},"product_brand":[],"product_cat":[12644,12274],"product_tag":[],"class_list":{"0":"post-759782","1":"product","2":"type-product","3":"status-publish","5":"product_cat-boyama-kitaplari","6":"product_cat-cocuk-ve-genclik-kitaplari","7":"pa_cilt-ciltsiz","8":"pa_tur-kitap","9":"pa_yayinevi-evrensel-iletisim-yayinlari","10":"pa_yazar-kolektif","12":"first","13":"instock","14":"sale","15":"shipping-taxable","16":"purchasable","17":"product-type-simple"},"_links":{"self":[{"href":"https:\/\/roveyayinevi.com.tr\/index.php\/wp-json\/wp\/v2\/product\/759782","targetHints":{"allow":["GET"]}}],"collection":[{"href":"https:\/\/roveyayinevi.com.tr\/index.php\/wp-json\/wp\/v2\/product"}],"about":[{"href":"https:\/\/roveyayinevi.com.tr\/index.php\/wp-json\/wp\/v2\/types\/product"}],"wp:attachment":[{"href":"https:\/\/roveyayinevi.com.tr\/index.php\/wp-json\/wp\/v2\/media?parent=759782"}],"wp:term":[{"taxonomy":"product_brand","embeddable":true,"href":"https:\/\/roveyayinevi.com.tr\/index.php\/wp-json\/wp\/v2\/product_brand?post=759782"},{"taxonomy":"product_cat","embeddable":true,"href":"https:\/\/roveyayinevi.com.tr\/index.php\/wp-json\/wp\/v2\/product_cat?post=759782"},{"taxonomy":"product_tag","embeddable":true,"href":"https:\/\/roveyayinevi.com.tr\/index.php\/wp-json\/wp\/v2\/product_tag?post=759782"}],"curies":[{"name":"wp","href":"https:\/\/api.w.org\/{rel}","templated":true}]}}