{"id":759772,"date":"2025-08-28T08:44:44","date_gmt":"2025-08-28T05:44:44","guid":{"rendered":"https:\/\/roveyayinevi.com.tr\/index.php\/urun\/madalyonun-ici\/"},"modified":"2026-04-16T03:12:40","modified_gmt":"2026-04-16T00:12:40","slug":"madalyonun-ici","status":"publish","type":"product","link":"https:\/\/roveyayinevi.com.tr\/index.php\/urun\/madalyonun-ici\/","title":{"rendered":"Madalyonun \u0130\u00e7i"},"content":{"rendered":"<p>Bazen sahne sanat\u00e7\u0131s\u0131 gibi hissederim kendimi. Seyircilerin huzuruna \u00e7\u0131kan bir sanat\u00e7\u0131 sahneye nas\u0131l haz\u0131rlan\u0131yorsa, ben de ayn\u0131 titizlikle haz\u0131rlan\u0131r ve \u00f6yle \u00e7\u0131kar\u0131m hastalar\u0131m\u0131n kar\u015f\u0131s\u0131na. O nedenle haftan\u0131n belli g\u00fcnlerinde \u00e7al\u0131\u015fmam. Her g\u00fcn bu yo\u011funlukta \u00e7al\u0131\u015f\u0131rsam hem performans\u0131m d\u00fc\u015fer hem de kendime ay\u0131racak hi\u00e7 zaman\u0131m kalmad\u0131\u011f\u0131ndan hastalara ilgim azal\u0131r. O masaya oturdu\u011fum andan itibaren kendi d\u00fcnyamla ve sorunlar\u0131mla ili\u015fkim kesilir. Hasta olmaya bile hakk\u0131m yoktur art\u0131k. Sabah on birde girdi\u011fim o odadan, ak\u015fam ge\u00e7 saatlere kadar \u00e7\u0131kamam. \u0130nsanlar\u0131n biri girer, biri \u00e7\u0131kar. Heyecanl\u0131, ilgin\u00e7, \u00e7o\u011fu zaman da h\u00fcz\u00fcnl\u00fc bir film seyrediyor gibi hissederim kendimi.   \u00c7\u00f6p Apartman\u2019da ya\u015fayan \u00fc\u00e7 k\u0131z karde\u015f\u2026 Acaba biriktirdikleri \u00e7\u00f6pler, bilin\u00e7altlar\u0131nda birikenlerin yans\u0131mas\u0131 m\u0131? Birbirleriyle \u201c\u015fiddet\u201d arac\u0131l\u0131\u011f\u0131yla ili\u015fki kuran Jale ve Kemal, bir g\u00fcn ger\u00e7ek duygular\u0131n\u0131 payla\u015fabilecekler mi? Kendini \u0130sa Peygamber zanneden Doktor Yi\u011fit, kapand\u0131\u011f\u0131 otel odas\u0131ndan \u00e7\u0131k\u0131p yeniden hayata d\u00f6nebilecek mi? Pembe, hayat\u0131nda ilk kez hissetti\u011fi birbirinden g\u00fczel heyecanlar\u0131n yaratt\u0131\u011f\u0131 su\u00e7luluk duygusu y\u00fcz\u00fcnden kocas\u0131ndan yedi\u011fi dayaklarla kendini cezaland\u0131rmaya devam edecek mi? Gen\u00e7 bir k\u0131za tutulan Garip, terk edilmenin zihninde yaratt\u0131\u011f\u0131 \u00f6fkeyle ba\u015fa \u00e7\u0131kabilecek mi? Madalyonun d\u0131\u015f\u0131 ne g\u00f6sterirse g\u00f6stersin, Madalyonun \u0130\u00e7i\u2019nde insan\u0131n en ger\u00e7ek, en \u00e7\u0131plak hali vard\u0131r. G\u00fclseren Buday\u0131c\u0131o\u011flu, art\u0131k bir klasik haline gelmi\u015f bu kitab\u0131nda, g\u00fcndelik hayat\u0131n i\u00e7inde saklanan s\u0131rlar\u0131 g\u00f6steriyor bize.  <\/p>\n","protected":false},"excerpt":{"rendered":"<p>Bazen sahne sanat\u00e7\u0131s\u0131 gibi hissederim kendimi. Seyircilerin huzuruna \u00e7\u0131kan bir sanat\u00e7\u0131 sahneye nas\u0131l haz\u0131rlan\u0131yorsa, ben de ayn\u0131 titizlikle haz\u0131rlan\u0131r ve \u00f6yle \u00e7\u0131kar\u0131m hastalar\u0131m\u0131n kar\u015f\u0131s\u0131na. O nedenle<span class=\"excerpt-hellip\"> [\u2026]<\/span><\/p>\n","protected":false},"featured_media":0,"template":"","meta":{"_monsterinsights_skip_tracking":false,"_monsterinsights_sitenote_active":false,"_monsterinsights_sitenote_note":"","_monsterinsights_sitenote_category":0},"product_brand":[],"product_cat":[12357],"product_tag":[],"class_list":{"0":"post-759772","1":"product","2":"type-product","3":"status-publish","5":"product_cat-psikoloji","6":"pa_cilt-ciltsiz","7":"pa_tur-kitap","8":"pa_yayinevi-dogan-kitap","9":"pa_yazar-gulseren-budayicioglu","11":"first","12":"instock","13":"sale","14":"shipping-taxable","15":"purchasable","16":"product-type-simple"},"_links":{"self":[{"href":"https:\/\/roveyayinevi.com.tr\/index.php\/wp-json\/wp\/v2\/product\/759772","targetHints":{"allow":["GET"]}}],"collection":[{"href":"https:\/\/roveyayinevi.com.tr\/index.php\/wp-json\/wp\/v2\/product"}],"about":[{"href":"https:\/\/roveyayinevi.com.tr\/index.php\/wp-json\/wp\/v2\/types\/product"}],"wp:attachment":[{"href":"https:\/\/roveyayinevi.com.tr\/index.php\/wp-json\/wp\/v2\/media?parent=759772"}],"wp:term":[{"taxonomy":"product_brand","embeddable":true,"href":"https:\/\/roveyayinevi.com.tr\/index.php\/wp-json\/wp\/v2\/product_brand?post=759772"},{"taxonomy":"product_cat","embeddable":true,"href":"https:\/\/roveyayinevi.com.tr\/index.php\/wp-json\/wp\/v2\/product_cat?post=759772"},{"taxonomy":"product_tag","embeddable":true,"href":"https:\/\/roveyayinevi.com.tr\/index.php\/wp-json\/wp\/v2\/product_tag?post=759772"}],"curies":[{"name":"wp","href":"https:\/\/api.w.org\/{rel}","templated":true}]}}