{"id":759771,"date":"2025-08-28T08:44:43","date_gmt":"2025-08-28T05:44:43","guid":{"rendered":"https:\/\/roveyayinevi.com.tr\/index.php\/urun\/ataturkun-anayasasi-1924\/"},"modified":"2026-04-16T03:12:40","modified_gmt":"2026-04-16T00:12:40","slug":"ataturkun-anayasasi-1924","status":"publish","type":"product","link":"https:\/\/roveyayinevi.com.tr\/index.php\/urun\/ataturkun-anayasasi-1924\/","title":{"rendered":"Atat\u00fcrk&#8217;\u00fcn Anayasas\u0131 1924"},"content":{"rendered":"<p>T\u00fcrkiye Cumhuriyeti\u2019nin yapt\u0131\u011f\u0131 ilk anayasa, o zamanki deyi\u015fle 1924 tarihli Te\u015fkilat-\u0131 Esasiye Kanunu. 1924 Anayasas\u0131\u2019n\u0131n haz\u0131rlan\u0131\u015f\u0131 ve Meclis\u2019teki \u00f6zg\u00fcr tart\u0131\u015fmalar&#8230; Yetkilerin, Cumhurba\u015fkan\u0131 Mustafa Kemal Pa\u015fa\u2019n\u0131n elinde toplanmas\u0131na kar\u015f\u0131 \u00e7\u0131kan devrimci ve muhalif milletvekilleri\u2026 Meclis\u2019te kuvvetler birli\u011fi ve kuvvetler ayr\u0131l\u0131\u011f\u0131 tart\u0131\u015fmalar\u0131\u2026 \u201cVatanda\u015flara T\u00fcrk denilir\u201d \u015feklindeki anayasa maddesine T\u00fcrk\u00e7\u00fclerin itiraz\u0131\u2026 1924 Anayasas\u0131\u2019nda \u00f6zg\u00fcrl\u00fckler ve yarg\u0131 ba\u011f\u0131ms\u0131zl\u0131\u011f\u0131\u2026 1924 Anayasas\u0131\u2019n\u0131n uygulanma sorunlar\u0131, devrim-anayasa \u00e7eli\u015fkisi\u2026 Ve, Cumhurba\u015fkanl\u0131\u011f\u0131 H\u00fck\u00fcmet Sistemi ile yeniden yetkilerin tek elde toplanmas\u0131\u2026   Taha Akyol, Meclis tutanaklar\u0131na, d\u00f6nemin gazetelerine ve akademik kaynaklara dayanarak T\u00fcrkiye\u2019nin 100 y\u0131ll\u0131k anayasa ser\u00fcvenini anlat\u0131yor. <\/p>\n","protected":false},"excerpt":{"rendered":"<p>T\u00fcrkiye Cumhuriyeti\u2019nin yapt\u0131\u011f\u0131 ilk anayasa, o zamanki deyi\u015fle 1924 tarihli Te\u015fkilat-\u0131 Esasiye Kanunu. 1924 Anayasas\u0131\u2019n\u0131n haz\u0131rlan\u0131\u015f\u0131 ve Meclis\u2019teki \u00f6zg\u00fcr tart\u0131\u015fmalar&#8230; Yetkilerin, Cumhurba\u015fkan\u0131 Mustafa Kemal Pa\u015fa\u2019n\u0131n elinde<span class=\"excerpt-hellip\"> [\u2026]<\/span><\/p>\n","protected":false},"featured_media":0,"template":"","meta":{"_monsterinsights_skip_tracking":false,"_monsterinsights_sitenote_active":false,"_monsterinsights_sitenote_note":"","_monsterinsights_sitenote_category":0},"product_brand":[],"product_cat":[12370,12304],"product_tag":[],"class_list":{"0":"post-759771","1":"product","2":"type-product","3":"status-publish","5":"product_cat-arastirma-inceleme","6":"product_cat-tarih","7":"pa_cilt-ciltsiz","8":"pa_tur-kitap","9":"pa_yayinevi-dogan-kitap","10":"pa_yazar-taha-akyol","12":"first","13":"instock","14":"sale","15":"shipping-taxable","16":"purchasable","17":"product-type-simple"},"_links":{"self":[{"href":"https:\/\/roveyayinevi.com.tr\/index.php\/wp-json\/wp\/v2\/product\/759771","targetHints":{"allow":["GET"]}}],"collection":[{"href":"https:\/\/roveyayinevi.com.tr\/index.php\/wp-json\/wp\/v2\/product"}],"about":[{"href":"https:\/\/roveyayinevi.com.tr\/index.php\/wp-json\/wp\/v2\/types\/product"}],"wp:attachment":[{"href":"https:\/\/roveyayinevi.com.tr\/index.php\/wp-json\/wp\/v2\/media?parent=759771"}],"wp:term":[{"taxonomy":"product_brand","embeddable":true,"href":"https:\/\/roveyayinevi.com.tr\/index.php\/wp-json\/wp\/v2\/product_brand?post=759771"},{"taxonomy":"product_cat","embeddable":true,"href":"https:\/\/roveyayinevi.com.tr\/index.php\/wp-json\/wp\/v2\/product_cat?post=759771"},{"taxonomy":"product_tag","embeddable":true,"href":"https:\/\/roveyayinevi.com.tr\/index.php\/wp-json\/wp\/v2\/product_tag?post=759771"}],"curies":[{"name":"wp","href":"https:\/\/api.w.org\/{rel}","templated":true}]}}