{"id":759768,"date":"2025-08-28T08:44:37","date_gmt":"2025-08-28T05:44:37","guid":{"rendered":"https:\/\/roveyayinevi.com.tr\/index.php\/urun\/bay-kaplan-betsy-ve-mavi-ay\/"},"modified":"2026-04-16T03:12:40","modified_gmt":"2026-04-16T00:12:40","slug":"bay-kaplan-betsy-ve-mavi-ay","status":"publish","type":"product","link":"https:\/\/roveyayinevi.com.tr\/index.php\/urun\/bay-kaplan-betsy-ve-mavi-ay\/","title":{"rendered":"Bay Kaplan, Betsy ve Mavi Ay"},"content":{"rendered":"<p>Evvel zaman i\u00e7inde, d\u00fcnya haritas\u0131nda olmayan bir adada, BETSY K GLORY ad\u0131nda k\u00fc\u00e7\u00fck bir k\u0131z ya\u015farm\u0131\u015f. G\u00fcn\u00fcn birinde esrarengiz BAY KAPLAN ile tan\u0131\u015fan Betsy kendini bir anda m\u0131rrrkulade bir maceran\u0131n ortas\u0131nda buluvermi\u015f. Bay Kaplan, Betsy, bir deniz k\u0131z\u0131, bir dondurmac\u0131 ve bir sirk dolusu akrobat, kurba\u011fa prensese yard\u0131m edip Gongalong Adas\u0131\u2019n\u0131 ac\u0131mas\u0131z dev anas\u0131ndan kurtarmak i\u00e7in kollar\u0131 s\u0131vam\u0131\u015flar. Bunun i\u00e7in t\u00fcm dilekleri ger\u00e7ekle\u015ftiren, sihirli bir dondurma yapmalar\u0131 gerekiyormu\u015f. Ama bu dondurma sadece mavi Ay \u0131\u015f\u0131\u011f\u0131nda toplanan \u00e7ileklerle yap\u0131labilirmi\u015f. Ve Ay sadece hi\u00e7bir zaman mavi olurmu\u015f\u2026 Costa \u00c7ocuk Kitab\u0131 \u00d6d\u00fcl\u00fc ve Carnegie Madalyas\u0131 sahibi Sally Gardner\u2019\u0131n kalemini ustaca konu\u015fturdu\u011fu; \u00f6d\u00fcll\u00fc \u00e7izer Nick Maland\u2019\u0131n \u00e7izimleriyle renk ve e\u011flence katt\u0131\u011f\u0131 BAY KAPLAN, BETSY ve MAV\u0130 AY her sayfas\u0131 birbirinden renkli karakterlerle, tuhafl\u0131klarla ve e\u011flenceyle dolu e\u015fsiz bir macera. Bu kitap, okumay\u0131 daha kolay ve e\u011flenceli h\u00e2le getirmek i\u00e7in \u00f6zel olarak tasarlanm\u0131\u015f olan mavi m\u00fcrekkepli Dyslexie fontu ile bas\u0131lm\u0131\u015ft\u0131r.<\/p>\n","protected":false},"excerpt":{"rendered":"<p>Evvel zaman i\u00e7inde, d\u00fcnya haritas\u0131nda olmayan bir adada, BETSY K GLORY ad\u0131nda k\u00fc\u00e7\u00fck bir k\u0131z ya\u015farm\u0131\u015f. G\u00fcn\u00fcn birinde esrarengiz BAY KAPLAN ile tan\u0131\u015fan Betsy kendini bir<span class=\"excerpt-hellip\"> [\u2026]<\/span><\/p>\n","protected":false},"featured_media":0,"template":"","meta":{"_monsterinsights_skip_tracking":false,"_monsterinsights_sitenote_active":false,"_monsterinsights_sitenote_note":"","_monsterinsights_sitenote_category":0},"product_brand":[],"product_cat":[12274],"product_tag":[],"class_list":{"0":"post-759768","1":"product","2":"type-product","3":"status-publish","5":"product_cat-cocuk-ve-genclik-kitaplari","6":"pa_cilt-ciltsiz","7":"pa_tur-kitap","8":"pa_yayinevi-beyaz-balina-yayinlari","9":"pa_yazar-sally-gardner","11":"first","12":"instock","13":"sale","14":"shipping-taxable","15":"purchasable","16":"product-type-simple"},"_links":{"self":[{"href":"https:\/\/roveyayinevi.com.tr\/index.php\/wp-json\/wp\/v2\/product\/759768","targetHints":{"allow":["GET"]}}],"collection":[{"href":"https:\/\/roveyayinevi.com.tr\/index.php\/wp-json\/wp\/v2\/product"}],"about":[{"href":"https:\/\/roveyayinevi.com.tr\/index.php\/wp-json\/wp\/v2\/types\/product"}],"wp:attachment":[{"href":"https:\/\/roveyayinevi.com.tr\/index.php\/wp-json\/wp\/v2\/media?parent=759768"}],"wp:term":[{"taxonomy":"product_brand","embeddable":true,"href":"https:\/\/roveyayinevi.com.tr\/index.php\/wp-json\/wp\/v2\/product_brand?post=759768"},{"taxonomy":"product_cat","embeddable":true,"href":"https:\/\/roveyayinevi.com.tr\/index.php\/wp-json\/wp\/v2\/product_cat?post=759768"},{"taxonomy":"product_tag","embeddable":true,"href":"https:\/\/roveyayinevi.com.tr\/index.php\/wp-json\/wp\/v2\/product_tag?post=759768"}],"curies":[{"name":"wp","href":"https:\/\/api.w.org\/{rel}","templated":true}]}}