{"id":759767,"date":"2025-08-28T08:44:35","date_gmt":"2025-08-28T05:44:35","guid":{"rendered":"https:\/\/roveyayinevi.com.tr\/index.php\/urun\/gezenti-cocuklar\/"},"modified":"2026-04-16T03:12:40","modified_gmt":"2026-04-16T00:12:40","slug":"gezenti-cocuklar","status":"publish","type":"product","link":"https:\/\/roveyayinevi.com.tr\/index.php\/urun\/gezenti-cocuklar\/","title":{"rendered":"Gezenti \u00c7ocuklar"},"content":{"rendered":"<p>Siz hi\u00e7 Gezenti \u00c7ocuklar\u0131 duydunuz mu ? Hasankeyf\u2019in e\u015fsiz g\u00fczelliklerinin i\u00e7inde ya\u015fayan Elif\u2019in tek hayali, bir g\u00fcn Gezenti \u00c7ocuklar\u0131n aras\u0131na kat\u0131lmakt\u0131. Ak\u0131ll\u0131, merakl\u0131 ve bisikletleriyle u\u00e7arcas\u0131na yol alan bu grubun \u00fcyesi olabilmek\u2026 Hatta bunun i\u00e7in her \u015feyi yapmaya haz\u0131rd\u0131 ama bir g\u00fcn topraklar\u0131na \u00abTalih Ku\u015fu\u00bb geldi\u2026 Dokuz y\u0131l Batman\u2019da \u00f6\u011fretmenlik yapan Serap \u015eahin, bu s\u00fcre boyunca Hasankeyf\u2019e ve b\u00f6lge insan\u0131na hayran olmu\u015f. Y\u0131llar \u00f6nce sular alt\u0131ndaki b\u00fcy\u00fck yaln\u0131zl\u0131\u011f\u0131na \u00e7ekilen bu kadim topraklar\u0131, \u015eerap \u015eahin\u2019in kaleminden okumak ister misiniz?<\/p>\n","protected":false},"excerpt":{"rendered":"<p>Siz hi\u00e7 Gezenti \u00c7ocuklar\u0131 duydunuz mu ? Hasankeyf\u2019in e\u015fsiz g\u00fczelliklerinin i\u00e7inde ya\u015fayan Elif\u2019in tek hayali, bir g\u00fcn Gezenti \u00c7ocuklar\u0131n aras\u0131na kat\u0131lmakt\u0131. Ak\u0131ll\u0131, merakl\u0131 ve bisikletleriyle u\u00e7arcas\u0131na<span class=\"excerpt-hellip\"> [\u2026]<\/span><\/p>\n","protected":false},"featured_media":0,"template":"","meta":{"_monsterinsights_skip_tracking":false,"_monsterinsights_sitenote_active":false,"_monsterinsights_sitenote_note":"","_monsterinsights_sitenote_category":0},"product_brand":[],"product_cat":[12274,12284],"product_tag":[],"class_list":{"0":"post-759767","1":"product","2":"type-product","3":"status-publish","5":"product_cat-cocuk-ve-genclik-kitaplari","6":"product_cat-hikayeler","7":"pa_cilt-ciltsiz","8":"pa_tur-kitap","9":"pa_yayinevi-beyaz-balina-yayinlari","10":"pa_yazar-serap-sahin","12":"first","13":"instock","14":"sale","15":"shipping-taxable","16":"purchasable","17":"product-type-simple"},"_links":{"self":[{"href":"https:\/\/roveyayinevi.com.tr\/index.php\/wp-json\/wp\/v2\/product\/759767","targetHints":{"allow":["GET"]}}],"collection":[{"href":"https:\/\/roveyayinevi.com.tr\/index.php\/wp-json\/wp\/v2\/product"}],"about":[{"href":"https:\/\/roveyayinevi.com.tr\/index.php\/wp-json\/wp\/v2\/types\/product"}],"wp:attachment":[{"href":"https:\/\/roveyayinevi.com.tr\/index.php\/wp-json\/wp\/v2\/media?parent=759767"}],"wp:term":[{"taxonomy":"product_brand","embeddable":true,"href":"https:\/\/roveyayinevi.com.tr\/index.php\/wp-json\/wp\/v2\/product_brand?post=759767"},{"taxonomy":"product_cat","embeddable":true,"href":"https:\/\/roveyayinevi.com.tr\/index.php\/wp-json\/wp\/v2\/product_cat?post=759767"},{"taxonomy":"product_tag","embeddable":true,"href":"https:\/\/roveyayinevi.com.tr\/index.php\/wp-json\/wp\/v2\/product_tag?post=759767"}],"curies":[{"name":"wp","href":"https:\/\/api.w.org\/{rel}","templated":true}]}}