{"id":759764,"date":"2025-08-28T08:44:29","date_gmt":"2025-08-28T05:44:29","guid":{"rendered":"https:\/\/roveyayinevi.com.tr\/index.php\/urun\/muzik-canavari-1\/"},"modified":"2026-04-16T03:12:39","modified_gmt":"2026-04-16T00:12:39","slug":"muzik-canavari-1","status":"publish","type":"product","link":"https:\/\/roveyayinevi.com.tr\/index.php\/urun\/muzik-canavari-1\/","title":{"rendered":"M\u00fczik Canavar\u0131 &#8211; 1"},"content":{"rendered":"<p>M\u00fczik canavar\u0131 1 kitab\u0131m\u0131z ; Anaokulu ve ilkokul 1-2-3 \u00f6\u011frencileri i\u00e7indir.  Milli e\u011fitim m\u00fcfredat\u0131na e\u015f de\u011ferde, Milli e\u011fitim ders kitaplar\u0131 blok fl\u00fct \u00e7alg\u0131s\u0131n\u0131 i\u015fler ve T\u00fcrk m\u00fczi\u011fi i\u00e7eriklidir. M\u00fczik canavar\u0131 serisi sadece okulda m\u00fczik teorisi de\u011fil her t\u00fcrl\u00fc \u00e7alg\u0131 e\u011fitimini verir. Royal Academy m\u00fczik s\u0131navlar\u0131na haz\u0131rlanan \u00f6\u011frenciler i\u00e7in uygundur ve Orff e\u011fitiminden sonra nota bilgisi ba\u015flang\u0131c\u0131 \u0130\u00e7in kolay \u00f6\u011frenim sa\u011flar.Her m\u00fczik \u00f6\u011fretmeni \u00f6\u011frencisinin nota bilgisi olmas\u0131n\u0131 ister. \u00c7alg\u0131 e\u011fitimi ba\u015flang\u0131c\u0131 \u0130\u00e7in en \u00f6nemli fakt\u00f6r budur.Fakat notalar\u0131 \u00f6\u011fretirken hikayele\u015ftirme, dikkat \u00e7ekme, e\u011flenceli etkinlik \u00f6nmeli rol oynar, i\u015fte bu noktada M\u00fczik canavar\u0131 var. Kitab\u0131m\u0131z\u0131 Devlet okullar\u0131ndaki \u00f6\u011fretmenlerimiz ek kaynak, \u00f6zel kurum \u00f6\u011fretmenlerimiz direkt ders kitab\u0131 olarak kullanabilirler.<\/p>\n","protected":false},"excerpt":{"rendered":"<p>M\u00fczik canavar\u0131 1 kitab\u0131m\u0131z ; Anaokulu ve ilkokul 1-2-3 \u00f6\u011frencileri i\u00e7indir. Milli e\u011fitim m\u00fcfredat\u0131na e\u015f de\u011ferde, Milli e\u011fitim ders kitaplar\u0131 blok fl\u00fct \u00e7alg\u0131s\u0131n\u0131 i\u015fler ve T\u00fcrk<span class=\"excerpt-hellip\"> [\u2026]<\/span><\/p>\n","protected":false},"featured_media":0,"template":"","meta":{"_monsterinsights_skip_tracking":false,"_monsterinsights_sitenote_active":false,"_monsterinsights_sitenote_note":"","_monsterinsights_sitenote_category":0},"product_brand":[],"product_cat":[12274,15842],"product_tag":[],"class_list":{"0":"post-759764","1":"product","2":"type-product","3":"status-publish","5":"product_cat-cocuk-ve-genclik-kitaplari","6":"product_cat-egitici-kitaplar","7":"pa_cilt-ciltsiz","8":"pa_tur-kitap","9":"pa_yayinevi-nota-yayinlari","10":"pa_yazar-tuba-palanci","12":"first","13":"instock","14":"sale","15":"shipping-taxable","16":"purchasable","17":"product-type-simple"},"_links":{"self":[{"href":"https:\/\/roveyayinevi.com.tr\/index.php\/wp-json\/wp\/v2\/product\/759764","targetHints":{"allow":["GET"]}}],"collection":[{"href":"https:\/\/roveyayinevi.com.tr\/index.php\/wp-json\/wp\/v2\/product"}],"about":[{"href":"https:\/\/roveyayinevi.com.tr\/index.php\/wp-json\/wp\/v2\/types\/product"}],"wp:attachment":[{"href":"https:\/\/roveyayinevi.com.tr\/index.php\/wp-json\/wp\/v2\/media?parent=759764"}],"wp:term":[{"taxonomy":"product_brand","embeddable":true,"href":"https:\/\/roveyayinevi.com.tr\/index.php\/wp-json\/wp\/v2\/product_brand?post=759764"},{"taxonomy":"product_cat","embeddable":true,"href":"https:\/\/roveyayinevi.com.tr\/index.php\/wp-json\/wp\/v2\/product_cat?post=759764"},{"taxonomy":"product_tag","embeddable":true,"href":"https:\/\/roveyayinevi.com.tr\/index.php\/wp-json\/wp\/v2\/product_tag?post=759764"}],"curies":[{"name":"wp","href":"https:\/\/api.w.org\/{rel}","templated":true}]}}