{"id":759763,"date":"2025-08-28T08:44:28","date_gmt":"2025-08-28T05:44:28","guid":{"rendered":"https:\/\/roveyayinevi.com.tr\/index.php\/urun\/guven-ve-ilham-ver-baskalarinin-icindeki-mukemmelligi-aciga-cikarmak-icin\/"},"modified":"2026-04-07T03:19:10","modified_gmt":"2026-04-07T00:19:10","slug":"guven-ve-ilham-ver-baskalarinin-icindeki-mukemmelligi-aciga-cikarmak-icin","status":"publish","type":"product","link":"https:\/\/roveyayinevi.com.tr\/index.php\/urun\/guven-ve-ilham-ver-baskalarinin-icindeki-mukemmelligi-aciga-cikarmak-icin\/","title":{"rendered":"G\u00fcven ve \u0130lham Ver Ba\u015fkalar\u0131n\u0131n \u0130\u00e7indeki M\u00fckemmelli\u011fi A\u00e7\u0131\u011fa \u00c7\u0131karmak \u0130\u00e7in"},"content":{"rendered":"<p>G\u00fcven: Her \u015eeyi De\u011fi\u015ftiren Tek \u015eey adl\u0131 etkileyici kitab\u0131n yazar\u0131 Stephen M. R. Covey, G\u00fcven ve \u0130lham Ver\u2019de d\u00fcnyam\u0131z\u0131n de\u011fi\u015fti\u011fini ama liderlik tarz\u0131m\u0131z\u0131n de\u011fi\u015fmedi\u011fini belirtiyor. Kurulu\u015flar\u0131n, ekiplerin, okullar\u0131n ve ailelerinin \u00e7o\u011fu bug\u00fcn hala \u201cKumanda ve Kontrol\u201de dayal\u0131 bir modelden yola \u00e7\u0131karak mevkiye, hiyerar\u015filere ve uyuma odaklan\u0131yor. Ancak i\u015fg\u00fcc\u00fcn\u00fcn de\u011fi\u015fen demografisi, i\u015fin kendisinin de\u011fi\u015fen do\u011fas\u0131 ve nerede nas\u0131l \u00e7al\u0131\u015faca\u011f\u0131m\u0131za dair se\u00e7enekler nedeniyle, bu eski yakla\u015f\u0131m art\u0131k zaman a\u015f\u0131m\u0131na u\u011frad\u0131. Covey\u2019in \u00e7\u00f6z\u00fcm\u00fcyse basit: Eski Kumanda ve Kontrol modelinden yeni \u201cG\u00fcven ve \u0130lham Ver\u201d tarz\u0131na ge\u00e7mek. G\u00fcven ve \u0130lham Ver yakla\u015f\u0131m\u0131, insanlar\u0131n yarat\u0131c\u0131, i\u015f birli\u011fine yatk\u0131n ve potansiyelle dolu oldu\u011funa inanmakla ba\u015flar. Paradigmay\u0131 de\u011fi\u015ftirir ve modeli, ba\u015fkalar\u0131n\u0131 y\u00f6netmekten insanlara liderlik etmeye, konumdan etkiye, denetlemekten g\u00fcvenmeye, motivasyondan ilhama d\u00f6n\u00fc\u015ft\u00fcr\u00fcr. Liderler mikro-y\u00f6netime ba\u015fvurmak yerine kendini y\u00f6netmenin g\u00fcc\u00fcnden yararlan\u0131rlar. Daha fazla itaat yerine y\u00fcrekten ba\u011fl\u0131l\u0131\u011f\u0131 ve onunla birlikte gelen tutku ve yarat\u0131c\u0131l\u0131\u011f\u0131 ortaya \u00e7\u0131kar\u0131rlar. Bunun sonucuysa Kumanda ve Kontrol\u2019\u00fcn \u00fcretemeyece\u011fi d\u00fczeyde bir aidiyet, i\u015fbirli\u011fi ve performanst\u0131r. \u0130nsanlar g\u00fcvenilmeyi isterler ve g\u00fcvenen bir liderleri oldu\u011funda ellerinden gelenin en iyisini yapmak ve en iyi \u015fekilde \u00fcretmek i\u00e7in ilham al\u0131rlar. \u201cY\u0131llar boyunca insanlara ba\u015fucu kitab\u0131m\u0131n \u2018G\u00fcven\u2019 oldu\u011funu s\u00f6yledim. \u2018G\u00fcven ve \u0130lham Ver\u2019i okuduktan sonra, art\u0131k iki ba\u015fucu kitab\u0131m oldu\u011funu s\u00f6ylemek zorunday\u0131m.\u201d -Zoom\u2019un kurucusu ve CEO\u2019su, Eric Yuan<\/p>\n","protected":false},"excerpt":{"rendered":"<p>G\u00fcven: Her \u015eeyi De\u011fi\u015ftiren Tek \u015eey adl\u0131 etkileyici kitab\u0131n yazar\u0131 Stephen M. R. Covey, G\u00fcven ve \u0130lham Ver\u2019de d\u00fcnyam\u0131z\u0131n de\u011fi\u015fti\u011fini ama liderlik tarz\u0131m\u0131z\u0131n de\u011fi\u015fmedi\u011fini belirtiyor. Kurulu\u015flar\u0131n,<span class=\"excerpt-hellip\"> [\u2026]<\/span><\/p>\n","protected":false},"featured_media":0,"template":"","meta":{"_monsterinsights_skip_tracking":false,"_monsterinsights_sitenote_active":false,"_monsterinsights_sitenote_note":"","_monsterinsights_sitenote_category":0},"product_brand":[],"product_cat":[12364,12376],"product_tag":[],"class_list":{"0":"post-759763","1":"product","2":"type-product","3":"status-publish","5":"product_cat-genel-konular","6":"product_cat-kisisel-gelisim","7":"pa_cilt-ciltsiz","8":"pa_tur-kitap","9":"pa_yayinevi-varlik-yayinlari","10":"pa_yazar-stephen-m-r-cover","12":"first","13":"instock","14":"sale","15":"shipping-taxable","16":"purchasable","17":"product-type-simple"},"_links":{"self":[{"href":"https:\/\/roveyayinevi.com.tr\/index.php\/wp-json\/wp\/v2\/product\/759763","targetHints":{"allow":["GET"]}}],"collection":[{"href":"https:\/\/roveyayinevi.com.tr\/index.php\/wp-json\/wp\/v2\/product"}],"about":[{"href":"https:\/\/roveyayinevi.com.tr\/index.php\/wp-json\/wp\/v2\/types\/product"}],"wp:attachment":[{"href":"https:\/\/roveyayinevi.com.tr\/index.php\/wp-json\/wp\/v2\/media?parent=759763"}],"wp:term":[{"taxonomy":"product_brand","embeddable":true,"href":"https:\/\/roveyayinevi.com.tr\/index.php\/wp-json\/wp\/v2\/product_brand?post=759763"},{"taxonomy":"product_cat","embeddable":true,"href":"https:\/\/roveyayinevi.com.tr\/index.php\/wp-json\/wp\/v2\/product_cat?post=759763"},{"taxonomy":"product_tag","embeddable":true,"href":"https:\/\/roveyayinevi.com.tr\/index.php\/wp-json\/wp\/v2\/product_tag?post=759763"}],"curies":[{"name":"wp","href":"https:\/\/api.w.org\/{rel}","templated":true}]}}