{"id":759759,"date":"2025-08-28T08:44:20","date_gmt":"2025-08-28T05:44:20","guid":{"rendered":"https:\/\/roveyayinevi.com.tr\/index.php\/urun\/en-uzun-yol\/"},"modified":"2026-04-16T03:12:39","modified_gmt":"2026-04-16T00:12:39","slug":"en-uzun-yol","status":"publish","type":"product","link":"https:\/\/roveyayinevi.com.tr\/index.php\/urun\/en-uzun-yol\/","title":{"rendered":"En Uzun Yol"},"content":{"rendered":"<p>Bu d\u00fcnyaya ayr\u0131lmaya m\u0131 geldik? Bu d\u00fcnyaya ayr\u0131l\u0131p da m\u0131 geldik? Ana babalar kendi ana babalar\u0131ndan do\u011famadan m\u0131 bizim ana babalar\u0131m\u0131z oldular? Sahi bu d\u00fcnyada kim kimdik? S\u0131n\u0131r neredeydi? Ben nerede bitiyordum da \u00f6teki ba\u015fl\u0131yordu? Fay bu y\u00fczden mi vard\u0131? Mevsimler neden b\u00f6yle \u00e7abuk d\u00f6nm\u00fc\u015f ve yine yaz gelmi\u015fti?  Yoksa en uzun yol yaz m\u0131yd\u0131?   Her \u015feyi ba\u015ftan anlatmal\u0131\u2026 Kar\u015f\u0131 yakadan bak\u0131nca mavi g\u00f6r\u00fcnd\u00fc\u011f\u00fcnden bihaber oldu\u011fum kentte do\u011fdum. Y\u0131llar ge\u00e7ti. B\u00fcy\u00fcmeye \u00e7al\u0131\u015ft\u0131m. Soluk al\u0131p verdim. Annem mutfaktan, buna hayat denir, diye seslendi. Olmad\u0131. Babam b\u00fct\u00fcn hiddetine s\u0131\u011f\u0131n\u0131p, g\u00f6zlerini kendinden ve bizden esirgeyerek, buna hayat denir, diye ba\u011f\u0131rd\u0131.  Odalar\u0131m\u0131za ka\u00e7\u0131\u015ft\u0131k. Yine olmad\u0131. Belki de onlar a\u011f\u0131zlar\u0131ndan \u00e7\u0131kana inanmad\u0131klar\u0131ndan bir t\u00fcrl\u00fc olamad\u0131, bilemiyorum. Y\u0131llar b\u00f6yle ge\u00e7ti. Soluk al\u0131p veri\u015fimizin hayat manas\u0131na geldi\u011fine inanmaya ve di\u011ferlerini buna inand\u0131rmaya \u00e7al\u0131\u015farak. Bozguna u\u011fray\u0131\u015f\u0131m\u0131z\u0131n a\u015fik\u00e2r oldu\u011fu noktada, annem b\u00fct\u00fcn g\u00fcc\u00fcn\u00fc rahminde toplay\u0131p gebe kalmay\u0131 ba\u015fard\u0131.     Hayatlar\u0131 alt\u00fcst eden y\u0131k\u0131c\u0131 bir sars\u0131nt\u0131n\u0131n ard\u0131ndan seyri de\u011fi\u015fen \u00e7ocukluk, bamba\u015fka bir \u015fehirde b\u00fcy\u00fcmeye do\u011fru yeniden kuruluyor. Kabuk de\u011fi\u015ftiren hayat\u0131n i\u00e7inde ye\u015feren dostluk \u00f6nce bir kay\u0131p, sonraysa uzun bir yolculu\u011fa, bitimsiz bir aray\u0131\u015fa d\u00f6n\u00fc\u015f\u00fcyor. Ger\u00e7ek, a\u011fa\u00e7lar\u0131n sesi, denizin kokusu, \u015fehirlerin ve yollar\u0131n b\u00fcy\u00fcs\u00fc, karde\u015flik ve dostlu\u011fun emniyeti aras\u0131ndan kendine yol a\u00e7\u0131yor.   Edebiyat\u0131n perdesini \u00f6yk\u00fcleriyle aralayan I\u015f\u0131l Ayd\u0131n, ilk roman\u0131 En Uzun Yol\u2019da kula\u011f\u0131n\u0131 yere dayay\u0131p yery\u00fcz\u00fcn\u00fcn nabz\u0131n\u0131 dinliyor, a\u011fa\u00e7lar\u0131n g\u00f6lgelerini tarayarak uzun yollara d\u00fc\u015f\u00fcyor, uzaktan mavi g\u00f6r\u00fcnen \u015fehrin i\u00e7ine kendi rengini kat\u0131yor. En Uzun Yol, bir aray\u0131\u015f\u0131n \u00f6yk\u00fcs\u00fc ve Ayd\u0131n, g\u00f6z\u00fcn\u00fc budaktan sak\u0131nmadan, usta i\u015fi bu ilk romanla perdenin \u00fczerine hi\u00e7 kapanmayaca\u011f\u0131n\u0131n teminat\u0131n\u0131 veriyor.<\/p>\n","protected":false},"excerpt":{"rendered":"<p>Bu d\u00fcnyaya ayr\u0131lmaya m\u0131 geldik? Bu d\u00fcnyaya ayr\u0131l\u0131p da m\u0131 geldik? Ana babalar kendi ana babalar\u0131ndan do\u011famadan m\u0131 bizim ana babalar\u0131m\u0131z oldular? Sahi bu d\u00fcnyada kim<span class=\"excerpt-hellip\"> [\u2026]<\/span><\/p>\n","protected":false},"featured_media":0,"template":"","meta":{"_monsterinsights_skip_tracking":false,"_monsterinsights_sitenote_active":false,"_monsterinsights_sitenote_note":"","_monsterinsights_sitenote_category":0},"product_brand":[],"product_cat":[12291,12711],"product_tag":[],"class_list":{"0":"post-759759","1":"product","2":"type-product","3":"status-publish","5":"product_cat-edebiyat","6":"product_cat-roman-oyku","7":"pa_cilt-ciltsiz","8":"pa_tur-kitap","9":"pa_yayinevi-kafka-yayinevi","10":"pa_yazar-isil-aydin","12":"first","13":"instock","14":"sale","15":"shipping-taxable","16":"purchasable","17":"product-type-simple"},"_links":{"self":[{"href":"https:\/\/roveyayinevi.com.tr\/index.php\/wp-json\/wp\/v2\/product\/759759","targetHints":{"allow":["GET"]}}],"collection":[{"href":"https:\/\/roveyayinevi.com.tr\/index.php\/wp-json\/wp\/v2\/product"}],"about":[{"href":"https:\/\/roveyayinevi.com.tr\/index.php\/wp-json\/wp\/v2\/types\/product"}],"wp:attachment":[{"href":"https:\/\/roveyayinevi.com.tr\/index.php\/wp-json\/wp\/v2\/media?parent=759759"}],"wp:term":[{"taxonomy":"product_brand","embeddable":true,"href":"https:\/\/roveyayinevi.com.tr\/index.php\/wp-json\/wp\/v2\/product_brand?post=759759"},{"taxonomy":"product_cat","embeddable":true,"href":"https:\/\/roveyayinevi.com.tr\/index.php\/wp-json\/wp\/v2\/product_cat?post=759759"},{"taxonomy":"product_tag","embeddable":true,"href":"https:\/\/roveyayinevi.com.tr\/index.php\/wp-json\/wp\/v2\/product_tag?post=759759"}],"curies":[{"name":"wp","href":"https:\/\/api.w.org\/{rel}","templated":true}]}}