{"id":759758,"date":"2025-08-28T08:44:17","date_gmt":"2025-08-28T05:44:17","guid":{"rendered":"https:\/\/roveyayinevi.com.tr\/index.php\/urun\/gizli-aksam-yemegi\/"},"modified":"2026-04-16T03:12:39","modified_gmt":"2026-04-16T00:12:39","slug":"gizli-aksam-yemegi","status":"publish","type":"product","link":"https:\/\/roveyayinevi.com.tr\/index.php\/urun\/gizli-aksam-yemegi\/","title":{"rendered":"Gizli Aks\u0327am Yemeg\u0306i"},"content":{"rendered":"<p>LEONARDO DA VINCI&#8217;N\u0130N EN \u00dcNL\u00dc ESERLER\u0130NDENB\u0130R\u0130 OLAN SON AK\u015eAM YEME\u011e\u0130&#8217;NDE SAKLI OLANSIRLAR, JAVIER SIERRA\u2019NIN G\u00dc\u00c7L\u00dc KALEM\u0130YLEA\u00c7I\u011eA \u00c7IKIYOR!   Milano, 1497\u2026 Leonardo, Santa Maria delle Grazie Manast\u0131r\u0131\u2019nda Son Ak\u015fam Yeme\u011fi adl\u0131 freskini tamamlamak i\u00e7in \u00e7al\u0131\u015fmaktayken Papa VI. Alexander\u2019a eserin heretik mesajlar i\u00e7erdi\u011fine dair mektuplar gelmeye ba\u015flar. Ressam\u0131 idam ettirmeyi akl\u0131na koyan Papa\u2019n\u0131n tek ihtiyac\u0131ysa su g\u00f6t\u00fcrmez kan\u0131tlard\u0131r. Tam da bu sebeple Roma Engizit\u00f6r\u00fc Agostino Leyre\u2019yi g\u00f6revlendirir ve esere gizlenen sapk\u0131n mesajlar\u0131 \u00e7\u00f6zmesini ister. Masada Kutsal K\u00e2se ve Evharistiya Ekme\u011fi\u2019nin olmad\u0131\u011f\u0131n\u0131 g\u00f6ren Leyre\u2019nin ara\u015ft\u0131rmas\u0131, olduk\u00e7a \u00e7arp\u0131c\u0131 baz\u0131 sorulara yan\u0131t aramakla ba\u015flayacakt\u0131r: Havarilere o d\u00f6nem anlay\u0131\u015f\u0131na g\u00f6re sapk\u0131n kabul edilen d\u00fc\u015f\u00fcn\u00fcrlerin portresinin \u00e7izildi\u011fi do\u011fru mudur? Da Vinci, eserde s\u0131rt\u0131 \u0130sa\u2019ya d\u00f6n\u00fck olan tek havariye neden kendi suretini \u00e7izmi\u015ftir? Manast\u0131r civar\u0131nda ard\u0131 ard\u0131na i\u015flenen cinayetlerde cesetlere ba\u011flanan, bir kad\u0131n papan\u0131n bulundu\u011fu iskambil k\u00e2\u011f\u0131d\u0131n\u0131n gizemi nedir? Ve Son Ak\u015fam Yeme\u011fi\u2019ne gizlenmi\u015f b\u00fcy\u00fck mesaj nas\u0131l de\u015fifre edilebilir? Leonardo&#8217;nun en b\u00fcy\u00fck bulmacas\u0131n\u0131n ipu\u00e7lar\u0131, kitap boyunca g\u00f6zlerinizin \u00f6n\u00fcnde dursa da son sayfaya gelene dek \u00e7\u00f6z\u00fclmemi\u015f bir gizem olarak kalacak\u2026 Roza Hakmen\u2019in muhte\u015fem \u00e7evirisiyle Gizli Ak\u015fam Yeme\u011fi, hem Leonardo da Vinci&#8217;nin dehas\u0131na hem de bir daha asla ayn\u0131 g\u00f6zle bakamayaca\u011f\u0131n\u0131z ba\u015fyap\u0131t\u0131na dair e\u015fsiz bir tarihi gerilim.  <\/p>\n","protected":false},"excerpt":{"rendered":"<p>LEONARDO DA VINCI&#8217;N\u0130N EN \u00dcNL\u00dc ESERLER\u0130NDENB\u0130R\u0130 OLAN SON AK\u015eAM YEME\u011e\u0130&#8217;NDE SAKLI OLANSIRLAR, JAVIER SIERRA\u2019NIN G\u00dc\u00c7L\u00dc KALEM\u0130YLEA\u00c7I\u011eA \u00c7IKIYOR! Milano, 1497\u2026 Leonardo, Santa Maria delle Grazie Manast\u0131r\u0131\u2019nda Son<span class=\"excerpt-hellip\"> [\u2026]<\/span><\/p>\n","protected":false},"featured_media":0,"template":"","meta":{"_monsterinsights_skip_tracking":false,"_monsterinsights_sitenote_active":false,"_monsterinsights_sitenote_note":"","_monsterinsights_sitenote_category":0},"product_brand":[],"product_cat":[12291,12711],"product_tag":[],"class_list":{"0":"post-759758","1":"product","2":"type-product","3":"status-publish","5":"product_cat-edebiyat","6":"product_cat-roman-oyku","7":"pa_cilt-ciltsiz","8":"pa_tur-kitap","9":"pa_yayinevi-epsilon-yayinlari","10":"pa_yazar-javier-serra","12":"first","13":"instock","14":"sale","15":"shipping-taxable","16":"purchasable","17":"product-type-simple"},"_links":{"self":[{"href":"https:\/\/roveyayinevi.com.tr\/index.php\/wp-json\/wp\/v2\/product\/759758","targetHints":{"allow":["GET"]}}],"collection":[{"href":"https:\/\/roveyayinevi.com.tr\/index.php\/wp-json\/wp\/v2\/product"}],"about":[{"href":"https:\/\/roveyayinevi.com.tr\/index.php\/wp-json\/wp\/v2\/types\/product"}],"wp:attachment":[{"href":"https:\/\/roveyayinevi.com.tr\/index.php\/wp-json\/wp\/v2\/media?parent=759758"}],"wp:term":[{"taxonomy":"product_brand","embeddable":true,"href":"https:\/\/roveyayinevi.com.tr\/index.php\/wp-json\/wp\/v2\/product_brand?post=759758"},{"taxonomy":"product_cat","embeddable":true,"href":"https:\/\/roveyayinevi.com.tr\/index.php\/wp-json\/wp\/v2\/product_cat?post=759758"},{"taxonomy":"product_tag","embeddable":true,"href":"https:\/\/roveyayinevi.com.tr\/index.php\/wp-json\/wp\/v2\/product_tag?post=759758"}],"curies":[{"name":"wp","href":"https:\/\/api.w.org\/{rel}","templated":true}]}}