{"id":759757,"date":"2025-08-28T08:44:16","date_gmt":"2025-08-28T05:44:16","guid":{"rendered":"https:\/\/roveyayinevi.com.tr\/index.php\/urun\/buyukler-ve-kucukler\/"},"modified":"2026-04-16T03:12:39","modified_gmt":"2026-04-16T00:12:39","slug":"buyukler-ve-kucukler","status":"publish","type":"product","link":"https:\/\/roveyayinevi.com.tr\/index.php\/urun\/buyukler-ve-kucukler\/","title":{"rendered":"B\u00fcy\u00fckler ve K\u00fc\u00e7\u00fckler"},"content":{"rendered":"<p>\u0130\u00e7 d\u00fcnyam\u0131 sanatla besledi\u011fim g\u00fczel g\u00fcnlerden biriydi. G\u00f6z\u00fcm g\u00f6nl\u00fcm a\u00e7\u0131k, \u00fcretken bir halde etrafa \u0131\u015f\u0131k sa\u00e7an g\u00f6r\u00fcn\u00fc\u015f\u00fcmle dola\u015f\u0131yordum. Yoku\u015f a\u015fa\u011f\u0131 inerken ayaklar\u0131m havalan\u0131yor, d\u00fcz yola vard\u0131\u011f\u0131mda gizemli bir ki\u015fili\u011fe b\u00fcr\u00fcn\u00fcp halk\u0131n aras\u0131na kar\u0131\u015f\u0131yordum. Kar\u015f\u0131la\u015ft\u0131\u011f\u0131m her insan\u0131n ruhuna ortak oluyor, onunla d\u00fcnya saati olarak tan\u0131mlanamayacak bir h\u0131zda ve yetkinlikte ya\u015f\u0131yor, kendi bedenime ge\u00e7iyor, ya\u015fananlar\u0131 anlamland\u0131r\u0131yor, ruhuma kat\u0131p, ard\u0131ndan di\u011ferinin ruhuna girerek orada yolculu\u011fa \u00e7\u0131k\u0131yordum. Kendimi helak edilmek \u00fczere olan bir kavimden ay\u0131klanm\u0131\u015f gibi hissediyordum. <\/p>\n","protected":false},"excerpt":{"rendered":"<p>\u0130\u00e7 d\u00fcnyam\u0131 sanatla besledi\u011fim g\u00fczel g\u00fcnlerden biriydi. G\u00f6z\u00fcm g\u00f6nl\u00fcm a\u00e7\u0131k, \u00fcretken bir halde etrafa \u0131\u015f\u0131k sa\u00e7an g\u00f6r\u00fcn\u00fc\u015f\u00fcmle dola\u015f\u0131yordum. Yoku\u015f a\u015fa\u011f\u0131 inerken ayaklar\u0131m havalan\u0131yor, d\u00fcz yola vard\u0131\u011f\u0131mda<span class=\"excerpt-hellip\"> [\u2026]<\/span><\/p>\n","protected":false},"featured_media":0,"template":"","meta":{"_monsterinsights_skip_tracking":false,"_monsterinsights_sitenote_active":false,"_monsterinsights_sitenote_note":"","_monsterinsights_sitenote_category":0},"product_brand":[],"product_cat":[12291,18202],"product_tag":[],"class_list":{"0":"post-759757","1":"product","2":"type-product","3":"status-publish","5":"product_cat-edebiyat","6":"product_cat-hikaye","7":"pa_cilt-ciltsiz","8":"pa_tur-kitap","9":"pa_yayinevi-doksan-dokuz-yayinlari","10":"pa_yazar-tamu-karaagac","12":"first","13":"instock","14":"sale","15":"shipping-taxable","16":"purchasable","17":"product-type-simple"},"_links":{"self":[{"href":"https:\/\/roveyayinevi.com.tr\/index.php\/wp-json\/wp\/v2\/product\/759757","targetHints":{"allow":["GET"]}}],"collection":[{"href":"https:\/\/roveyayinevi.com.tr\/index.php\/wp-json\/wp\/v2\/product"}],"about":[{"href":"https:\/\/roveyayinevi.com.tr\/index.php\/wp-json\/wp\/v2\/types\/product"}],"wp:attachment":[{"href":"https:\/\/roveyayinevi.com.tr\/index.php\/wp-json\/wp\/v2\/media?parent=759757"}],"wp:term":[{"taxonomy":"product_brand","embeddable":true,"href":"https:\/\/roveyayinevi.com.tr\/index.php\/wp-json\/wp\/v2\/product_brand?post=759757"},{"taxonomy":"product_cat","embeddable":true,"href":"https:\/\/roveyayinevi.com.tr\/index.php\/wp-json\/wp\/v2\/product_cat?post=759757"},{"taxonomy":"product_tag","embeddable":true,"href":"https:\/\/roveyayinevi.com.tr\/index.php\/wp-json\/wp\/v2\/product_tag?post=759757"}],"curies":[{"name":"wp","href":"https:\/\/api.w.org\/{rel}","templated":true}]}}