{"id":759753,"date":"2025-08-28T08:44:07","date_gmt":"2025-08-28T05:44:07","guid":{"rendered":"https:\/\/roveyayinevi.com.tr\/index.php\/urun\/geride-kalanlar-2\/"},"modified":"2026-04-16T03:12:39","modified_gmt":"2026-04-16T00:12:39","slug":"geride-kalanlar-2","status":"publish","type":"product","link":"https:\/\/roveyayinevi.com.tr\/index.php\/urun\/geride-kalanlar-2\/","title":{"rendered":"Geride Kalanlar 2"},"content":{"rendered":"<p>Memnune\u2019nin i\u00e7 d\u00fcnyas\u0131n\u0131 ne kocas\u0131 ne evlatlar\u0131, hi\u00e7biri bilmezdi. Ke\u015fke bir naz\u0131n\u0131 \u00e7eken olsayd\u0131, belki o vakit b\u00f6yle \u00f6fkeli bir kad\u0131n olmaktan s\u0131yr\u0131labilirdi. Y\u0131llar y\u0131l\u0131 yokluk i\u00e7inde ad\u0131 koca olan, varl\u0131\u011f\u0131 yan\u0131nda olmayan bir adam ve alt\u0131 \u00e7ocu\u011fuyla var olma, ayakta durma \u00e7abas\u0131 vermi\u015fti bir ba\u015f\u0131na. 11 do\u011fumundan alt\u0131s\u0131 elinde sa\u011f kalm\u0131\u015ft\u0131, tabii T\u00fcrkan\u2019\u0131 ve Asiye\u2019yi saymazsak\u2026 Onlar ya\u015fam\u0131\u015f ama hastal\u0131ktan \u00f6lm\u00fc\u015flerdi. Yeri gelmi\u015f, dikilecek kuma\u015f bulamay\u0131p \u00e7uval\u0131 dolam\u0131\u015ft\u0131 beline etek niyetine\u2026 Rezillik, yoksulluk\u2026 Ne yoklu\u011funu ne fakirli\u011fini s\u00f6yleyip de yard\u0131m dilenmemi\u015fti en yak\u0131n\u0131ndan bile. Ya\u015fanmam\u0131\u015fl\u0131klar\u0131yla, kad\u0131nl\u0131k arzular\u0131n\u0131 \u00e7o\u011fu kez bask\u0131lam\u0131\u015f, g\u00fcc\u00fc yetti\u011finde de \u00f6c\u00fcn\u00fc misliyle \u00e7\u0131karm\u0131\u015ft\u0131.     Erzurum\u2019da k\u00fc\u00e7\u00fck bir k\u00f6yde ge\u00e7en Geride Kalanlar,  umudun, umutsuzlu\u011fun, karanl\u0131\u011f\u0131n ve ayd\u0131nl\u0131\u011f\u0131n \u00e7arp\u0131c\u0131 bir yans\u0131mas\u0131&#8230; \u015eeng\u00fcl Terzio\u011flu Y\u0131ld\u0131r\u0131m, romanda yaratt\u0131\u011f\u0131 sosyolojik dokuyla yerelden evrensele ula\u015fabilen bir yazar olarak kar\u015f\u0131m\u0131za \u00e7\u0131k\u0131yor.  Ak\u0131c\u0131, i\u00e7ten; okurda bir film izliyor hissi uyand\u0131ran \u00fcslubuyla bizleri kar beyaz\u0131 hayallerin ve hayal k\u0131r\u0131kl\u0131klar\u0131n\u0131n i\u00e7ine \u00e7ekiyor.<\/p>\n","protected":false},"excerpt":{"rendered":"<p>Memnune\u2019nin i\u00e7 d\u00fcnyas\u0131n\u0131 ne kocas\u0131 ne evlatlar\u0131, hi\u00e7biri bilmezdi. Ke\u015fke bir naz\u0131n\u0131 \u00e7eken olsayd\u0131, belki o vakit b\u00f6yle \u00f6fkeli bir kad\u0131n olmaktan s\u0131yr\u0131labilirdi. Y\u0131llar y\u0131l\u0131 yokluk<span class=\"excerpt-hellip\"> [\u2026]<\/span><\/p>\n","protected":false},"featured_media":0,"template":"","meta":{"_monsterinsights_skip_tracking":false,"_monsterinsights_sitenote_active":false,"_monsterinsights_sitenote_note":"","_monsterinsights_sitenote_category":0},"product_brand":[],"product_cat":[12291,12711],"product_tag":[],"class_list":{"0":"post-759753","1":"product","2":"type-product","3":"status-publish","5":"product_cat-edebiyat","6":"product_cat-roman-oyku","7":"pa_cilt-ciltsiz","8":"pa_tur-kitap","9":"pa_yayinevi-luna-yayinlari","10":"pa_yazar-sengul-terzioglu-yildirim","12":"first","13":"instock","14":"sale","15":"shipping-taxable","16":"purchasable","17":"product-type-simple"},"_links":{"self":[{"href":"https:\/\/roveyayinevi.com.tr\/index.php\/wp-json\/wp\/v2\/product\/759753","targetHints":{"allow":["GET"]}}],"collection":[{"href":"https:\/\/roveyayinevi.com.tr\/index.php\/wp-json\/wp\/v2\/product"}],"about":[{"href":"https:\/\/roveyayinevi.com.tr\/index.php\/wp-json\/wp\/v2\/types\/product"}],"wp:attachment":[{"href":"https:\/\/roveyayinevi.com.tr\/index.php\/wp-json\/wp\/v2\/media?parent=759753"}],"wp:term":[{"taxonomy":"product_brand","embeddable":true,"href":"https:\/\/roveyayinevi.com.tr\/index.php\/wp-json\/wp\/v2\/product_brand?post=759753"},{"taxonomy":"product_cat","embeddable":true,"href":"https:\/\/roveyayinevi.com.tr\/index.php\/wp-json\/wp\/v2\/product_cat?post=759753"},{"taxonomy":"product_tag","embeddable":true,"href":"https:\/\/roveyayinevi.com.tr\/index.php\/wp-json\/wp\/v2\/product_tag?post=759753"}],"curies":[{"name":"wp","href":"https:\/\/api.w.org\/{rel}","templated":true}]}}