{"id":759752,"date":"2025-08-28T08:44:04","date_gmt":"2025-08-28T05:44:04","guid":{"rendered":"https:\/\/roveyayinevi.com.tr\/index.php\/urun\/geride-kalanlar-1\/"},"modified":"2026-04-16T03:12:39","modified_gmt":"2026-04-16T00:12:39","slug":"geride-kalanlar-1","status":"publish","type":"product","link":"https:\/\/roveyayinevi.com.tr\/index.php\/urun\/geride-kalanlar-1\/","title":{"rendered":"Geride Kalanlar 1"},"content":{"rendered":"<p>Her k\u0131\u015f oldu\u011fu gibi o k\u0131\u015f da k\u00f6ydeki evler yar\u0131ya kadar kar y\u0131\u011f\u0131nlar\u0131 alt\u0131na g\u00f6m\u00fcld\u00fc. \u00dc\u00e7 g\u00fcnd\u00fcr aral\u0131ks\u0131z ya\u011fan kar, zaman zaman \u015fiddetini d\u00fc\u015f\u00fcrmekle birlikte ara sokaklar ile k\u00f6y\u00fc di\u011fer k\u00f6ylere ve \u015fehre ba\u011flayan tek ana yolu da kapat\u0131verdi.   Bu topraklarda beyaz \u00f6rt\u00fcn\u00fcn, alt\u0131 aydan \u00f6nce kalkt\u0131\u011f\u0131 g\u00f6r\u00fclm\u00fc\u015f \u015fey de\u011fildi. \u0130nsanlar, kahverengi topra\u011fa ve ye\u015file hasret kal\u0131rd\u0131. K\u0131\u015f\u0131n en \u00e7etin ge\u00e7ti\u011fi zemheri aylar\u0131nda, yeri g\u00f6\u011f\u00fc b\u00fcr\u00fcyen beyazl\u0131ktan korunmak i\u00e7in soka\u011fa \u00e7\u0131kmak zorunda olanlar, g\u00f6zlerinin alt\u0131na soba isi s\u00fcrerek i\u015flerini g\u00f6r\u00fcr, beyaza boyal\u0131 yer g\u00f6k i\u00e7inde yollar\u0131n\u0131 anca bulabilirlerdi.     Erzurum\u2019da k\u00fc\u00e7\u00fck bir k\u00f6yde ge\u00e7en Geride Kalanlar,  umudun, umutsuzlu\u011fun, karanl\u0131\u011f\u0131n ve ayd\u0131nl\u0131\u011f\u0131n \u00e7arp\u0131c\u0131 bir yans\u0131mas\u0131&#8230; \u015eeng\u00fcl Terzio\u011flu Y\u0131ld\u0131r\u0131m, romanda yaratt\u0131\u011f\u0131 sosyolojik dokuyla yerelden evrensele ula\u015fabilen bir yazar olarak kar\u015f\u0131m\u0131za \u00e7\u0131k\u0131yor.  Ak\u0131c\u0131, i\u00e7ten; okurda bir film izliyor hissi uyand\u0131ran \u00fcslubuyla bizleri kar beyaz\u0131 hayallerin ve hayal k\u0131r\u0131kl\u0131klar\u0131n\u0131n i\u00e7ine \u00e7ekiyor.<\/p>\n","protected":false},"excerpt":{"rendered":"<p>Her k\u0131\u015f oldu\u011fu gibi o k\u0131\u015f da k\u00f6ydeki evler yar\u0131ya kadar kar y\u0131\u011f\u0131nlar\u0131 alt\u0131na g\u00f6m\u00fcld\u00fc. \u00dc\u00e7 g\u00fcnd\u00fcr aral\u0131ks\u0131z ya\u011fan kar, zaman zaman \u015fiddetini d\u00fc\u015f\u00fcrmekle birlikte ara<span class=\"excerpt-hellip\"> [\u2026]<\/span><\/p>\n","protected":false},"featured_media":0,"template":"","meta":{"_monsterinsights_skip_tracking":false,"_monsterinsights_sitenote_active":false,"_monsterinsights_sitenote_note":"","_monsterinsights_sitenote_category":0},"product_brand":[],"product_cat":[12291,12711],"product_tag":[],"class_list":{"0":"post-759752","1":"product","2":"type-product","3":"status-publish","5":"product_cat-edebiyat","6":"product_cat-roman-oyku","7":"pa_cilt-ciltsiz","8":"pa_tur-kitap","9":"pa_yayinevi-luna-yayinlari","10":"pa_yazar-sengul-terzioglu-yildirim","12":"first","13":"instock","14":"sale","15":"shipping-taxable","16":"purchasable","17":"product-type-simple"},"_links":{"self":[{"href":"https:\/\/roveyayinevi.com.tr\/index.php\/wp-json\/wp\/v2\/product\/759752","targetHints":{"allow":["GET"]}}],"collection":[{"href":"https:\/\/roveyayinevi.com.tr\/index.php\/wp-json\/wp\/v2\/product"}],"about":[{"href":"https:\/\/roveyayinevi.com.tr\/index.php\/wp-json\/wp\/v2\/types\/product"}],"wp:attachment":[{"href":"https:\/\/roveyayinevi.com.tr\/index.php\/wp-json\/wp\/v2\/media?parent=759752"}],"wp:term":[{"taxonomy":"product_brand","embeddable":true,"href":"https:\/\/roveyayinevi.com.tr\/index.php\/wp-json\/wp\/v2\/product_brand?post=759752"},{"taxonomy":"product_cat","embeddable":true,"href":"https:\/\/roveyayinevi.com.tr\/index.php\/wp-json\/wp\/v2\/product_cat?post=759752"},{"taxonomy":"product_tag","embeddable":true,"href":"https:\/\/roveyayinevi.com.tr\/index.php\/wp-json\/wp\/v2\/product_tag?post=759752"}],"curies":[{"name":"wp","href":"https:\/\/api.w.org\/{rel}","templated":true}]}}