{"id":759751,"date":"2025-08-28T08:44:03","date_gmt":"2025-08-28T05:44:03","guid":{"rendered":"https:\/\/roveyayinevi.com.tr\/index.php\/urun\/ardanin-kalemi\/"},"modified":"2026-04-16T03:12:39","modified_gmt":"2026-04-16T00:12:39","slug":"ardanin-kalemi","status":"publish","type":"product","link":"https:\/\/roveyayinevi.com.tr\/index.php\/urun\/ardanin-kalemi\/","title":{"rendered":"Arda\u2019n\u0131n Kalemi"},"content":{"rendered":"<p>ARDA, \u00e7ok \u00f6fkeliydi. \u201cYine mi \u00f6dev!\u201d diye s\u00f6yleniyordu. Hem de bu sefer \u00f6dev konusunu anlatmakla kalmayacak, dosya k\u00e2\u011f\u0131tlar\u0131na el yaz\u0131s\u0131 ile yazacakt\u0131. Yazmak m\u0131? Yazmaktan nefret ediyordu. Ne kadar da gereksiz bir eylemdi.   \u0130sminin anlam\u0131n\u0131 \u00f6\u011frenmek ve bununla ilgili bir hik\u00e2ye yazma \u00f6devinden, zamanda yolculu\u011fa uzanan bir macera Arda\u2019n\u0131n \u00f6yk\u00fcs\u00fc. \u00dcstelik de sihirli bir kalem ve k\u00f6m\u00fcr rengi bir kedi ile birlikte!   Ekim CANAY, \u201cArda\u2019n\u0131n Kalemi\u201d ile \u00e7ocuklar\u0131, e\u011flendiren bir maceraya ortak ederken, i\u00e7lerindeki ke\u015ffetme arzusunu da harekete ge\u00e7irecek ilham ile okurun kar\u015f\u0131s\u0131na \u00e7\u0131k\u0131yor!<\/p>\n","protected":false},"excerpt":{"rendered":"<p>ARDA, \u00e7ok \u00f6fkeliydi. \u201cYine mi \u00f6dev!\u201d diye s\u00f6yleniyordu. Hem de bu sefer \u00f6dev konusunu anlatmakla kalmayacak, dosya k\u00e2\u011f\u0131tlar\u0131na el yaz\u0131s\u0131 ile yazacakt\u0131. Yazmak m\u0131? Yazmaktan nefret<span class=\"excerpt-hellip\"> [\u2026]<\/span><\/p>\n","protected":false},"featured_media":0,"template":"","meta":{"_monsterinsights_skip_tracking":false,"_monsterinsights_sitenote_active":false,"_monsterinsights_sitenote_note":"","_monsterinsights_sitenote_category":0},"product_brand":[],"product_cat":[12274,12284],"product_tag":[],"class_list":{"0":"post-759751","1":"product","2":"type-product","3":"status-publish","5":"product_cat-cocuk-ve-genclik-kitaplari","6":"product_cat-hikayeler","7":"pa_cilt-ciltsiz","8":"pa_tur-kitap","9":"pa_yayinevi-luna-cocuk-yayinlari","10":"pa_yazar-ekim-canay","12":"first","13":"instock","14":"sale","15":"shipping-taxable","16":"purchasable","17":"product-type-simple"},"_links":{"self":[{"href":"https:\/\/roveyayinevi.com.tr\/index.php\/wp-json\/wp\/v2\/product\/759751","targetHints":{"allow":["GET"]}}],"collection":[{"href":"https:\/\/roveyayinevi.com.tr\/index.php\/wp-json\/wp\/v2\/product"}],"about":[{"href":"https:\/\/roveyayinevi.com.tr\/index.php\/wp-json\/wp\/v2\/types\/product"}],"wp:attachment":[{"href":"https:\/\/roveyayinevi.com.tr\/index.php\/wp-json\/wp\/v2\/media?parent=759751"}],"wp:term":[{"taxonomy":"product_brand","embeddable":true,"href":"https:\/\/roveyayinevi.com.tr\/index.php\/wp-json\/wp\/v2\/product_brand?post=759751"},{"taxonomy":"product_cat","embeddable":true,"href":"https:\/\/roveyayinevi.com.tr\/index.php\/wp-json\/wp\/v2\/product_cat?post=759751"},{"taxonomy":"product_tag","embeddable":true,"href":"https:\/\/roveyayinevi.com.tr\/index.php\/wp-json\/wp\/v2\/product_tag?post=759751"}],"curies":[{"name":"wp","href":"https:\/\/api.w.org\/{rel}","templated":true}]}}