{"id":759749,"date":"2025-08-28T08:43:58","date_gmt":"2025-08-28T05:43:58","guid":{"rendered":"https:\/\/roveyayinevi.com.tr\/index.php\/urun\/geride-kalanlar-3\/"},"modified":"2026-04-16T03:12:39","modified_gmt":"2026-04-16T00:12:39","slug":"geride-kalanlar-3","status":"publish","type":"product","link":"https:\/\/roveyayinevi.com.tr\/index.php\/urun\/geride-kalanlar-3\/","title":{"rendered":"Geride Kalanlar 3"},"content":{"rendered":"<p>\u201cBiliyor musun H\u00fcsna? Senin gibi y\u00fcz\u00fc g\u00fczel bir k\u0131z\u0131 bana nasip etti\u011fi i\u00e7in Allah\u2019a \u015f\u00fckrediyorum,\u201d dedi Fikret.   Konu\u015fmak yerine sadece k\u0131k\u0131rdamakla yetinen H\u00fcsna, daha \u015fimdiden hediyelerin hayalini kurmaya ba\u015flam\u0131\u015ft\u0131 bile. Pembe gelinlik, k\u0131rm\u0131z\u0131 duvak ve k\u0131rm\u0131z\u0131 ayakkab\u0131 i\u00e7inde annesinin anlatt\u0131\u011f\u0131 masallardaki peri k\u0131zlar\u0131 gibi olaca\u011f\u0131n\u0131 d\u00fc\u015fl\u00fcyordu. Fikret\u2019in ald\u0131klar\u0131n\u0131n hepsine r\u0131za g\u00f6stermi\u015fti k\u00fc\u00e7\u00fck \u015fartlar \u00f6ne ko\u015farak; gelinlik parlak, ayakkab\u0131 topuklu olacakt\u0131\u2026 Y\u00fcr\u00fcd\u00fc\u011f\u00fcnde, t\u0131k t\u0131k diye ses \u00e7\u0131karmal\u0131, gelinli\u011fi g\u00f6z kama\u015ft\u0131rmal\u0131yd\u0131. Kollar\u0131nda \u0131\u015f\u0131l \u0131\u015f\u0131l parlayan dizi dizi bilezikleri olacakt\u0131. At \u00fczerinde giderken \u015f\u0131ng\u0131rt\u0131s\u0131n\u0131 b\u00fct\u00fcn k\u00f6y\u00fcn k\u0131zlar\u0131 duyacak, i\u00e7 \u00e7ekeceklerdi\u2026     Erzurum\u2019da k\u00fc\u00e7\u00fck bir k\u00f6yde ge\u00e7en Geride Kalanlar,  umudun, umutsuzlu\u011fun, karanl\u0131\u011f\u0131n ve ayd\u0131nl\u0131\u011f\u0131n \u00e7arp\u0131c\u0131 bir yans\u0131mas\u0131&#8230; \u015eeng\u00fcl Terzio\u011flu Y\u0131ld\u0131r\u0131m, romanda yaratt\u0131\u011f\u0131 sosyolojik dokuyla yerelden evrensele ula\u015fabilen bir yazar olarak kar\u015f\u0131m\u0131za \u00e7\u0131k\u0131yor.  Ak\u0131c\u0131, i\u00e7ten; okurda bir film izliyor hissi uyand\u0131ran \u00fcslubuyla bizleri kar beyaz\u0131 hayallerin ve hayal k\u0131r\u0131kl\u0131klar\u0131n\u0131n i\u00e7ine \u00e7ekiyor.<\/p>\n","protected":false},"excerpt":{"rendered":"<p>\u201cBiliyor musun H\u00fcsna? Senin gibi y\u00fcz\u00fc g\u00fczel bir k\u0131z\u0131 bana nasip etti\u011fi i\u00e7in Allah\u2019a \u015f\u00fckrediyorum,\u201d dedi Fikret. Konu\u015fmak yerine sadece k\u0131k\u0131rdamakla yetinen H\u00fcsna, daha \u015fimdiden hediyelerin<span class=\"excerpt-hellip\"> [\u2026]<\/span><\/p>\n","protected":false},"featured_media":0,"template":"","meta":{"_monsterinsights_skip_tracking":false,"_monsterinsights_sitenote_active":false,"_monsterinsights_sitenote_note":"","_monsterinsights_sitenote_category":0},"product_brand":[],"product_cat":[12291,12711],"product_tag":[],"class_list":{"0":"post-759749","1":"product","2":"type-product","3":"status-publish","5":"product_cat-edebiyat","6":"product_cat-roman-oyku","7":"pa_cilt-ciltsiz","8":"pa_tur-kitap","9":"pa_yayinevi-luna-yayinlari","10":"pa_yazar-sengul-terzioglu-yildirim","12":"first","13":"instock","14":"sale","15":"shipping-taxable","16":"purchasable","17":"product-type-simple"},"_links":{"self":[{"href":"https:\/\/roveyayinevi.com.tr\/index.php\/wp-json\/wp\/v2\/product\/759749","targetHints":{"allow":["GET"]}}],"collection":[{"href":"https:\/\/roveyayinevi.com.tr\/index.php\/wp-json\/wp\/v2\/product"}],"about":[{"href":"https:\/\/roveyayinevi.com.tr\/index.php\/wp-json\/wp\/v2\/types\/product"}],"wp:attachment":[{"href":"https:\/\/roveyayinevi.com.tr\/index.php\/wp-json\/wp\/v2\/media?parent=759749"}],"wp:term":[{"taxonomy":"product_brand","embeddable":true,"href":"https:\/\/roveyayinevi.com.tr\/index.php\/wp-json\/wp\/v2\/product_brand?post=759749"},{"taxonomy":"product_cat","embeddable":true,"href":"https:\/\/roveyayinevi.com.tr\/index.php\/wp-json\/wp\/v2\/product_cat?post=759749"},{"taxonomy":"product_tag","embeddable":true,"href":"https:\/\/roveyayinevi.com.tr\/index.php\/wp-json\/wp\/v2\/product_tag?post=759749"}],"curies":[{"name":"wp","href":"https:\/\/api.w.org\/{rel}","templated":true}]}}