{"id":759748,"date":"2025-08-28T08:43:56","date_gmt":"2025-08-28T05:43:56","guid":{"rendered":"https:\/\/roveyayinevi.com.tr\/index.php\/urun\/canparem\/"},"modified":"2026-04-16T03:12:39","modified_gmt":"2026-04-16T00:12:39","slug":"canparem","status":"publish","type":"product","link":"https:\/\/roveyayinevi.com.tr\/index.php\/urun\/canparem\/","title":{"rendered":"Canparem"},"content":{"rendered":"<p>CANEV\u0130M ile bizlerle bulu\u015fan Turgay Ka\u00e7an; CANPAREM ile \u015fiir ser\u00fcveninde kendini aram\u0131\u015f, yeni tarzlar denemi\u015ftir. Karamsarl\u0131ktan s\u0131yr\u0131l\u0131p Mahzen, Rengine Doyar Mevsimler ve \u00d6yle Sevdim Seni ile a\u015fka, \u00f6zleme, umuda sar\u0131lan \u015fairimiz; Bozkurt seline Kalmad\u0131 Bozkurt, \u00c7\u00f6kertme yang\u0131n\u0131na Bir G\u00f6lgem Kald\u0131, 6 May\u0131s&#8217;ta budanan umudumuza \u00dc\u00e7 Bahar Dal\u0131, Amasra madeni i\u015f\u00e7ileri i\u00e7in Kara \u00c7al\u0131nd\u0131 Y\u00fczlere, 6 \u015eubat depremine Yar\u0131nlar D\u00fcns\u00fcz Kald\u0131, Filistin sald\u0131r\u0131s\u0131 i\u00e7in Filistin&#8217;e A\u011f\u0131t, mesle\u011fini onuruyla, eme\u011fiyle yaparken \u00f6ld\u00fcr\u00fclen M\u00fczisyen Onur \u015een&#8217;e Topra\u011fa Can Kald\u0131 diye seslenerek bireysellikten uzakla\u015f\u0131p toplumsal konulara de\u011finmi\u015f, bam telimize basarak sesimizi duyurmu\u015ftur.   \u015eiiri hayat\u0131n\u0131n ba\u015fucunda tutan Turgay KA\u00c7AN; \u015fiiri \u015fu \u015fekilde tan\u0131mlamaktad\u0131r: \u015eiir; bir y\u00fcrekten do\u011far ve \u0131rmak misali dola\u015f\u0131r bir bir y\u00fcrekleri. Hayk\u0131r\u0131r sizin ad\u0131n\u0131za ya\u015fama ve sevdaya dair ne varsa. \u015eiir; ellerinden tutarak hayat\u0131n, y\u00fcr\u00fct\u00fcr gelece\u011fe. Yar\u0131nlar\u0131 kurar i\u00e7inde sevgi tomurcuklu. \u015eiir; durmamakt\u0131r yola \u00e7\u0131kanlar i\u00e7in. En zorlu yan\u0131nda y\u00fcr\u00fcy\u00fc\u015f\u00fcn, maviye sar\u0131lmakt\u0131r g\u00f6n\u00fclden. \u015eiir; insana sar\u0131lmakt\u0131r s\u0131k\u0131ca ve bir daha b\u0131rakmamakt\u0131r. \u015eiir; yaln\u0131zl\u0131\u011f\u0131 payla\u015fmakt\u0131r, d\u00fc\u015f kurmakt\u0131r, g\u00f6nl\u00fc payla\u015fmakt\u0131r, saf ve temiz \u015fekilde.   Serg\u00fcl CANPOLAT<\/p>\n","protected":false},"excerpt":{"rendered":"<p>CANEV\u0130M ile bizlerle bulu\u015fan Turgay Ka\u00e7an; CANPAREM ile \u015fiir ser\u00fcveninde kendini aram\u0131\u015f, yeni tarzlar denemi\u015ftir. Karamsarl\u0131ktan s\u0131yr\u0131l\u0131p Mahzen, Rengine Doyar Mevsimler ve \u00d6yle Sevdim Seni ile<span class=\"excerpt-hellip\"> [\u2026]<\/span><\/p>\n","protected":false},"featured_media":0,"template":"","meta":{"_monsterinsights_skip_tracking":false,"_monsterinsights_sitenote_active":false,"_monsterinsights_sitenote_note":"","_monsterinsights_sitenote_category":0},"product_brand":[],"product_cat":[12291,12509],"product_tag":[],"class_list":{"0":"post-759748","1":"product","2":"type-product","3":"status-publish","5":"product_cat-edebiyat","6":"product_cat-siir","7":"pa_cilt-ciltsiz","8":"pa_tur-kitap","9":"pa_yayinevi-luna-yayinlari","10":"pa_yazar-turgay-kacan","12":"first","13":"instock","14":"sale","15":"shipping-taxable","16":"purchasable","17":"product-type-simple"},"_links":{"self":[{"href":"https:\/\/roveyayinevi.com.tr\/index.php\/wp-json\/wp\/v2\/product\/759748","targetHints":{"allow":["GET"]}}],"collection":[{"href":"https:\/\/roveyayinevi.com.tr\/index.php\/wp-json\/wp\/v2\/product"}],"about":[{"href":"https:\/\/roveyayinevi.com.tr\/index.php\/wp-json\/wp\/v2\/types\/product"}],"wp:attachment":[{"href":"https:\/\/roveyayinevi.com.tr\/index.php\/wp-json\/wp\/v2\/media?parent=759748"}],"wp:term":[{"taxonomy":"product_brand","embeddable":true,"href":"https:\/\/roveyayinevi.com.tr\/index.php\/wp-json\/wp\/v2\/product_brand?post=759748"},{"taxonomy":"product_cat","embeddable":true,"href":"https:\/\/roveyayinevi.com.tr\/index.php\/wp-json\/wp\/v2\/product_cat?post=759748"},{"taxonomy":"product_tag","embeddable":true,"href":"https:\/\/roveyayinevi.com.tr\/index.php\/wp-json\/wp\/v2\/product_tag?post=759748"}],"curies":[{"name":"wp","href":"https:\/\/api.w.org\/{rel}","templated":true}]}}