{"id":759746,"date":"2025-08-28T08:43:53","date_gmt":"2025-08-28T05:43:53","guid":{"rendered":"https:\/\/roveyayinevi.com.tr\/index.php\/urun\/sakin-kimseye-soyleme\/"},"modified":"2026-04-16T03:12:39","modified_gmt":"2026-04-16T00:12:39","slug":"sakin-kimseye-soyleme","status":"publish","type":"product","link":"https:\/\/roveyayinevi.com.tr\/index.php\/urun\/sakin-kimseye-soyleme\/","title":{"rendered":"Sak\u0131n Kimseye S\u00f6yleme"},"content":{"rendered":"<p>Knotek karde\u015flerin travma sonras\u0131 stres bozuklu\u011fu ya\u015famalar\u0131n\u0131n tek sebebi anneleriydi. Ve ne yaz\u0131k ki bu ya\u015fananlar kurgu de\u011fil, ger\u00e7ek. Shelly Knotek, Washington\u2019\u0131n k\u00fc\u00e7\u00fck bir kasabas\u0131ndaki \u00e7iftlik evlerinin kapal\u0131 kap\u0131lar\u0131 ard\u0131nda k\u0131zlar\u0131na y\u0131llarca dayan\u0131lmaz fiziksel ve psikolojik \u015fiddet uygulad\u0131. Ancak ya\u015fanan t\u00fcm bu zulme ra\u011fmen \u00fc\u00e7 k\u0131z karde\u015f Nikki, Sami ve Tori, birbirlerine s\u0131k\u0131 s\u0131k\u0131ya ba\u011fl\u0131 kalarak m\u00fccadele etmeyi \u00f6\u011frendiler. Annelerinin tuza\u011f\u0131na d\u00fc\u015fen di\u011fer kurbanlardan farkl\u0131 olarak, k\u0131z karde\u015fler giderek k\u00f6t\u00fcle\u015fen bir k\u00e2bustan ka\u00e7acak g\u00fcc\u00fc ve cesareti buldular. T\u00fcyler \u00fcrpertici ger\u00e7ek bir su\u00e7 \u00f6yk\u00fcs\u00fc olan Sak\u0131n Kimseye S\u00f6yleme, mutlak k\u00f6t\u00fcl\u00fc\u011f\u00fcn ve Nikki, Sami ve Tori\u2019nin u\u011fruna hayatlar\u0131n\u0131 tehlikeye att\u0131klar\u0131 \u00f6zg\u00fcrl\u00fck ve adaletin hik\u00e2yesidir. Onlar art\u0131k kurban de\u011filler, karanl\u0131kta bir \u0131\u015f\u0131k buldular ve bu \u0131\u015f\u0131k onlar\u0131 bug\u00fcn olduklar\u0131 gibi diren\u00e7li kad\u0131nlar haline getirdi; sevdiler, sevildiler ve iyili\u011fin g\u00fcc\u00fcyle yollar\u0131n\u0131 buldular. Bu s\u00fcr\u00fckleyici hik\u00e2ye, okuyucular\u0131n tan\u0131d\u0131klar\u0131 t\u00fcm tuhaf akrabalar\u0131n\u0131 sorgulamalar\u0131na neden olacak. \u2014PublishersWeekly   Karde\u015flik ba\u011f\u0131, cesaret ve dayan\u0131kl\u0131l\u0131k \u00fczerine sars\u0131c\u0131 bir eser. \u2014People Magazine <\/p>\n","protected":false},"excerpt":{"rendered":"<p>Knotek karde\u015flerin travma sonras\u0131 stres bozuklu\u011fu ya\u015famalar\u0131n\u0131n tek sebebi anneleriydi. Ve ne yaz\u0131k ki bu ya\u015fananlar kurgu de\u011fil, ger\u00e7ek. Shelly Knotek, Washington\u2019\u0131n k\u00fc\u00e7\u00fck bir kasabas\u0131ndaki \u00e7iftlik<span class=\"excerpt-hellip\"> [\u2026]<\/span><\/p>\n","protected":false},"featured_media":0,"template":"","meta":{"_monsterinsights_skip_tracking":false,"_monsterinsights_sitenote_active":false,"_monsterinsights_sitenote_note":"","_monsterinsights_sitenote_category":0},"product_brand":[],"product_cat":[12357],"product_tag":[],"class_list":{"0":"post-759746","1":"product","2":"type-product","3":"status-publish","5":"product_cat-psikoloji","6":"pa_cilt-ciltsiz","7":"pa_tur-kitap","8":"pa_yayinevi-say-yayinlari","9":"pa_yazar-gregg-olsen","11":"first","12":"instock","13":"sale","14":"shipping-taxable","15":"purchasable","16":"product-type-simple"},"_links":{"self":[{"href":"https:\/\/roveyayinevi.com.tr\/index.php\/wp-json\/wp\/v2\/product\/759746","targetHints":{"allow":["GET"]}}],"collection":[{"href":"https:\/\/roveyayinevi.com.tr\/index.php\/wp-json\/wp\/v2\/product"}],"about":[{"href":"https:\/\/roveyayinevi.com.tr\/index.php\/wp-json\/wp\/v2\/types\/product"}],"wp:attachment":[{"href":"https:\/\/roveyayinevi.com.tr\/index.php\/wp-json\/wp\/v2\/media?parent=759746"}],"wp:term":[{"taxonomy":"product_brand","embeddable":true,"href":"https:\/\/roveyayinevi.com.tr\/index.php\/wp-json\/wp\/v2\/product_brand?post=759746"},{"taxonomy":"product_cat","embeddable":true,"href":"https:\/\/roveyayinevi.com.tr\/index.php\/wp-json\/wp\/v2\/product_cat?post=759746"},{"taxonomy":"product_tag","embeddable":true,"href":"https:\/\/roveyayinevi.com.tr\/index.php\/wp-json\/wp\/v2\/product_tag?post=759746"}],"curies":[{"name":"wp","href":"https:\/\/api.w.org\/{rel}","templated":true}]}}