{"id":759744,"date":"2025-08-28T08:43:49","date_gmt":"2025-08-28T05:43:49","guid":{"rendered":"https:\/\/roveyayinevi.com.tr\/index.php\/urun\/bir-qiz-vardi\/"},"modified":"2026-04-16T03:12:39","modified_gmt":"2026-04-16T00:12:39","slug":"bir-qiz-vardi","status":"publish","type":"product","link":"https:\/\/roveyayinevi.com.tr\/index.php\/urun\/bir-qiz-vardi\/","title":{"rendered":"Bir Q\u0131z Vard\u0131"},"content":{"rendered":"<p>Seadet Novruzk\u0131z\u0131, \u00e7ok eski bir T\u00fcrk topra\u011f\u0131 olan Bor\u00e7al\u0131 (G\u00fcrcistan) b\u00f6lgesi Ba\u015fge\u00e7it Rayonu\u2019nun \u015eindiler k\u00f6y\u00fcnde ayd\u0131n bir ailenin \u00e7ocu\u011fu olarak do\u011fdu. Allah ona en de\u011ferli servet olan \u015fairlik, s\u00f6z s\u00f6yleme yetene\u011fini ba\u011f\u0131\u015flad\u0131. Bununla birlikte onun aile kaderindeki bo\u015flu\u011fu dolduracak hayatta ona sonraki kaderinde bahtiyarl\u0131k k\u0131smetini verdi. Atalar\u0131n tabiri ile s\u00f6ylersek hayat durmaz devam eder. \u00c7a\u011fda\u015f edebiyat\u0131m\u0131za yeni-yeni edebi ku\u015faklar ayak basar. Onlar kendi ortaya koyduklar\u0131 sanatlar\u0131 ile okuyucular\u0131n kalplerine girmeye yol bulur. \u015euras\u0131 kesin ki s\u00f6z bitmez-t\u00fckenmez. \u015eair Seadet Seda\u2019n\u0131n \u015fiir d\u00fcnyas\u0131 buna \u00f6rnektir. Garda\u015f AL\u0130\u015eO\u011eLU  <\/p>\n","protected":false},"excerpt":{"rendered":"<p>Seadet Novruzk\u0131z\u0131, \u00e7ok eski bir T\u00fcrk topra\u011f\u0131 olan Bor\u00e7al\u0131 (G\u00fcrcistan) b\u00f6lgesi Ba\u015fge\u00e7it Rayonu\u2019nun \u015eindiler k\u00f6y\u00fcnde ayd\u0131n bir ailenin \u00e7ocu\u011fu olarak do\u011fdu. Allah ona en de\u011ferli servet<span class=\"excerpt-hellip\"> [\u2026]<\/span><\/p>\n","protected":false},"featured_media":0,"template":"","meta":{"_monsterinsights_skip_tracking":false,"_monsterinsights_sitenote_active":false,"_monsterinsights_sitenote_note":"","_monsterinsights_sitenote_category":0},"product_brand":[],"product_cat":[12291,12509],"product_tag":[],"class_list":{"0":"post-759744","1":"product","2":"type-product","3":"status-publish","5":"product_cat-edebiyat","6":"product_cat-siir","7":"pa_cilt-ciltsiz","8":"pa_tur-kitap","9":"pa_yayinevi-kultur-ajans-yayinlari","10":"pa_yazar-saadet-seda-novruzqizi","12":"first","13":"instock","14":"sale","15":"shipping-taxable","16":"purchasable","17":"product-type-simple"},"_links":{"self":[{"href":"https:\/\/roveyayinevi.com.tr\/index.php\/wp-json\/wp\/v2\/product\/759744","targetHints":{"allow":["GET"]}}],"collection":[{"href":"https:\/\/roveyayinevi.com.tr\/index.php\/wp-json\/wp\/v2\/product"}],"about":[{"href":"https:\/\/roveyayinevi.com.tr\/index.php\/wp-json\/wp\/v2\/types\/product"}],"wp:attachment":[{"href":"https:\/\/roveyayinevi.com.tr\/index.php\/wp-json\/wp\/v2\/media?parent=759744"}],"wp:term":[{"taxonomy":"product_brand","embeddable":true,"href":"https:\/\/roveyayinevi.com.tr\/index.php\/wp-json\/wp\/v2\/product_brand?post=759744"},{"taxonomy":"product_cat","embeddable":true,"href":"https:\/\/roveyayinevi.com.tr\/index.php\/wp-json\/wp\/v2\/product_cat?post=759744"},{"taxonomy":"product_tag","embeddable":true,"href":"https:\/\/roveyayinevi.com.tr\/index.php\/wp-json\/wp\/v2\/product_tag?post=759744"}],"curies":[{"name":"wp","href":"https:\/\/api.w.org\/{rel}","templated":true}]}}