{"id":759739,"date":"2025-08-28T08:43:40","date_gmt":"2025-08-28T05:43:40","guid":{"rendered":"https:\/\/roveyayinevi.com.tr\/index.php\/urun\/dagin-tepesindeki-bir-milyon-istiridye-ciltli\/"},"modified":"2026-04-16T03:12:39","modified_gmt":"2026-04-16T00:12:39","slug":"dagin-tepesindeki-bir-milyon-istiridye-ciltli","status":"publish","type":"product","link":"https:\/\/roveyayinevi.com.tr\/index.php\/urun\/dagin-tepesindeki-bir-milyon-istiridye-ciltli\/","title":{"rendered":"Da\u011f\u0131n Tepesindeki Bir Milyon \u0130stiridye (Ciltli)"},"content":{"rendered":"<p>Fosillerin gizemi ve jeolojinin b\u00fcy\u00fcs\u00fcne dair co\u015fku dolu bir kitap!   Yakla\u015f\u0131n ve \u015fu ta\u015flara bir bak\u0131n! Bunlar hi\u00e7 de g\u00f6r\u00fcnd\u00fc\u011f\u00fc gibi s\u0131radan ta\u015flar de\u011fil. Bunlar fosille\u015fmi\u015f y\u00fczlerce, binlerce, milyonlarca deniz canl\u0131s\u0131.    Peki nas\u0131l oldu da bir milyon istiridye kendini bir da\u011f\u0131n tepesinde buldu dersiniz?   Aylaklar Kumsal\u0131\u2019n\u0131n sevilen yazar\u0131, jeolog Alex Nogu\u00e9s\u2019in kaleme ald\u0131\u011f\u0131 bu merak uyand\u0131ran yolculuk, okurlara denizlerin, yery\u00fcz\u00fc katmanlar\u0131n\u0131n ve tektonik levhalar\u0131n hareketleri konusunda rehberlik ediyor.   Jeolojiye ilgi \u00e7ekici bir giri\u015f niteli\u011fi ta\u015f\u0131yan Da\u011f\u0131n Tepesindeki Bir Milyon \u0130stiridye, okurlar\u0131 soru sormaya, ele\u015ftirel d\u00fc\u015f\u00fcnmeye ve yery\u00fcz\u00fcne dair daha \u00e7ok \u015fey \u00f6\u011frenmeye te\u015fvik edecek. <\/p>\n","protected":false},"excerpt":{"rendered":"<p>Fosillerin gizemi ve jeolojinin b\u00fcy\u00fcs\u00fcne dair co\u015fku dolu bir kitap! Yakla\u015f\u0131n ve \u015fu ta\u015flara bir bak\u0131n! Bunlar hi\u00e7 de g\u00f6r\u00fcnd\u00fc\u011f\u00fc gibi s\u0131radan ta\u015flar de\u011fil. Bunlar fosille\u015fmi\u015f<span class=\"excerpt-hellip\"> [\u2026]<\/span><\/p>\n","protected":false},"featured_media":0,"template":"","meta":{"_monsterinsights_skip_tracking":false,"_monsterinsights_sitenote_active":false,"_monsterinsights_sitenote_note":"","_monsterinsights_sitenote_category":0},"product_brand":[],"product_cat":[12274,12518],"product_tag":[],"class_list":{"0":"post-759739","1":"product","2":"type-product","3":"status-publish","5":"product_cat-cocuk-ve-genclik-kitaplari","6":"product_cat-okul-oncesi-kitaplar","7":"pa_cilt-ciltli","8":"pa_tur-kitap","9":"pa_yayinevi-can-cocuk-yayinlari","10":"pa_yazar-alex-nogues","12":"first","13":"instock","14":"sale","15":"shipping-taxable","16":"purchasable","17":"product-type-simple"},"_links":{"self":[{"href":"https:\/\/roveyayinevi.com.tr\/index.php\/wp-json\/wp\/v2\/product\/759739","targetHints":{"allow":["GET"]}}],"collection":[{"href":"https:\/\/roveyayinevi.com.tr\/index.php\/wp-json\/wp\/v2\/product"}],"about":[{"href":"https:\/\/roveyayinevi.com.tr\/index.php\/wp-json\/wp\/v2\/types\/product"}],"wp:attachment":[{"href":"https:\/\/roveyayinevi.com.tr\/index.php\/wp-json\/wp\/v2\/media?parent=759739"}],"wp:term":[{"taxonomy":"product_brand","embeddable":true,"href":"https:\/\/roveyayinevi.com.tr\/index.php\/wp-json\/wp\/v2\/product_brand?post=759739"},{"taxonomy":"product_cat","embeddable":true,"href":"https:\/\/roveyayinevi.com.tr\/index.php\/wp-json\/wp\/v2\/product_cat?post=759739"},{"taxonomy":"product_tag","embeddable":true,"href":"https:\/\/roveyayinevi.com.tr\/index.php\/wp-json\/wp\/v2\/product_tag?post=759739"}],"curies":[{"name":"wp","href":"https:\/\/api.w.org\/{rel}","templated":true}]}}