{"id":759730,"date":"2025-08-28T08:43:24","date_gmt":"2025-08-28T05:43:24","guid":{"rendered":"https:\/\/roveyayinevi.com.tr\/index.php\/urun\/maksadi-guzel\/"},"modified":"2026-04-16T03:12:39","modified_gmt":"2026-04-16T00:12:39","slug":"maksadi-guzel","status":"publish","type":"product","link":"https:\/\/roveyayinevi.com.tr\/index.php\/urun\/maksadi-guzel\/","title":{"rendered":"Maksad\u0131 G\u00fczel"},"content":{"rendered":"<p>\u00c7a\u011f\u0131m\u0131z\u0131n kara vebas\u0131 n\u00fcksetti ci\u011ferlerime  hallice bitap d\u00fc\u015f\u00fcren. Ge\u00e7i\u015ftirmeler, ko\u015fu\u015fturmalar ve di\u011fer hepsi&#8230; Bunlar y\u00fcz\u00fcnden mi ger\u00e7ekten b\u00fct\u00fcn bu samimiyetsizce ya\u015fam?  San\u0131r\u0131m bu hayat\u0131m\u0131n tek ke\u015fkesi; &#8220;ke\u015fke fikrimizin en saf en temiz yanlar\u0131n\u0131 besleme g\u00fcc\u00fcn\u00fc yakalayabilseydik hepimiz.&#8221; \u0130\u015fte tam da o zaman i\u00e7imizin en saf gevherine ula\u015f\u0131rd\u0131k her birimiz kendince. Hepimiz o kay\u0131p gevherimizin pe\u015finde olal\u0131m. Y\u00fcrek o be\u015f harfe ancak b\u00f6yle s\u0131\u011far. Bilmezsin ki sen o s\u0131rt\u0131n\u0131n a\u011fr\u0131s\u0131 kalbindendir. <\/p>\n","protected":false},"excerpt":{"rendered":"<p>\u00c7a\u011f\u0131m\u0131z\u0131n kara vebas\u0131 n\u00fcksetti ci\u011ferlerime hallice bitap d\u00fc\u015f\u00fcren. Ge\u00e7i\u015ftirmeler, ko\u015fu\u015fturmalar ve di\u011fer hepsi&#8230; Bunlar y\u00fcz\u00fcnden mi ger\u00e7ekten b\u00fct\u00fcn bu samimiyetsizce ya\u015fam? San\u0131r\u0131m bu hayat\u0131m\u0131n tek ke\u015fkesi;<span class=\"excerpt-hellip\"> [\u2026]<\/span><\/p>\n","protected":false},"featured_media":0,"template":"","meta":{"_monsterinsights_skip_tracking":false,"_monsterinsights_sitenote_active":false,"_monsterinsights_sitenote_note":"","_monsterinsights_sitenote_category":0},"product_brand":[],"product_cat":[12777,12291],"product_tag":[],"class_list":{"0":"post-759730","1":"product","2":"type-product","3":"status-publish","5":"product_cat-deneme","6":"product_cat-edebiyat","7":"pa_cilt-ciltsiz","8":"pa_tur-kitap","9":"pa_yayinevi-kitap-muptelasi-yayinlari","10":"pa_yazar-elif-can","12":"first","13":"instock","14":"sale","15":"shipping-taxable","16":"purchasable","17":"product-type-simple"},"_links":{"self":[{"href":"https:\/\/roveyayinevi.com.tr\/index.php\/wp-json\/wp\/v2\/product\/759730","targetHints":{"allow":["GET"]}}],"collection":[{"href":"https:\/\/roveyayinevi.com.tr\/index.php\/wp-json\/wp\/v2\/product"}],"about":[{"href":"https:\/\/roveyayinevi.com.tr\/index.php\/wp-json\/wp\/v2\/types\/product"}],"wp:attachment":[{"href":"https:\/\/roveyayinevi.com.tr\/index.php\/wp-json\/wp\/v2\/media?parent=759730"}],"wp:term":[{"taxonomy":"product_brand","embeddable":true,"href":"https:\/\/roveyayinevi.com.tr\/index.php\/wp-json\/wp\/v2\/product_brand?post=759730"},{"taxonomy":"product_cat","embeddable":true,"href":"https:\/\/roveyayinevi.com.tr\/index.php\/wp-json\/wp\/v2\/product_cat?post=759730"},{"taxonomy":"product_tag","embeddable":true,"href":"https:\/\/roveyayinevi.com.tr\/index.php\/wp-json\/wp\/v2\/product_tag?post=759730"}],"curies":[{"name":"wp","href":"https:\/\/api.w.org\/{rel}","templated":true}]}}