{"id":759729,"date":"2025-08-28T08:43:23","date_gmt":"2025-08-28T05:43:23","guid":{"rendered":"https:\/\/roveyayinevi.com.tr\/index.php\/urun\/darwin-olmasaydi\/"},"modified":"2026-04-16T03:12:39","modified_gmt":"2026-04-16T00:12:39","slug":"darwin-olmasaydi","status":"publish","type":"product","link":"https:\/\/roveyayinevi.com.tr\/index.php\/urun\/darwin-olmasaydi\/","title":{"rendered":"Darwin Olmasayd\u0131"},"content":{"rendered":"<p>Evrim kuram\u0131 Darwinizm midir? Darwin olmasayd\u0131 evrim kuram\u0131 olmaz m\u0131yd\u0131? Darwin\u2019in evrim kuram\u0131 ile modern evrim kuram\u0131n\u0131n fark\u0131 nedir? Darwin\u2019in fikirleri ve terminolojisi bug\u00fcnlerde o kadar yayg\u0131n ki, onlars\u0131z bir d\u00fcnya hayal etmek bir yana, onlardan ka\u00e7\u0131nmak bile imkans\u0131z g\u00f6r\u00fcn\u00fcyor. Ancak Peter J. Bowler \u00e7al\u0131\u015fmas\u0131nda \u015funu soruyor: Ya Charles Darwin Beagle yolculu\u011fundan d\u00f6nmemi\u015f ve dolay\u0131s\u0131yla T\u00fcrlerin K\u00f6keni\u2019ni yazmam\u0131\u015f olsayd\u0131? Alfred Russel Wallace gibi bir ba\u015fkas\u0131 se\u00e7ilim teorisini yay\u0131mlay\u0131p benzer bir d\u00f6n\u00fc\u015f\u00fcm\u00fc ba\u015flatabilir miydi? Ya da Darwin\u2019in kitab\u0131n\u0131n yoklu\u011fu, biyolojinin evrimcili\u011fin etkisi hakk\u0131nda b\u00fcy\u00fck bir tart\u0131\u015fma ba\u015flatmayan bir yolda geli\u015fti\u011fi farkl\u0131 bir olaylar dizisine yol a\u00e7ar m\u0131yd\u0131? Bowler\u2019in tezi, Darwin\u2019in \u00e7a\u011fda\u015flar\u0131 i\u00e7in olanakl\u0131 olmayacak \u00f6zel bir evrim kuram\u0131 bi\u00e7imi geli\u015ftirmesini sa\u011flayan e\u015fsiz i\u00e7g\u00f6r\u00fcleri oldu\u011fu iddias\u0131na dayan\u0131yor. Darwin\u2019in h\u00e2l\u00e2 biyologlar\u0131n sayg\u0131s\u0131n\u0131 g\u00f6rmesinin nedeni, \u00e7a\u011fda\u015f evrimcili\u011fin temelini olu\u015fturan fikirlere kendi zaman\u0131ndaki \u00f6teki do\u011fabilimcilerin hepsinden daha yak\u0131n olmas\u0131yd\u0131. Ba\u015fka bir deyi\u015fle, Darwin \u201ckendi zaman\u0131n\u0131n \u00f6tesindeydi.\u201d   \u201cDarwin Olmasayd\u0131, evrim kuram\u0131n\u0131n tarihinde \u00e7\u0131kmaya de\u011fer bir yolculuk sunuyor. Bowler, T\u00fcrlerin K\u00f6keni\u2019in hi\u00e7 ortaya \u00e7\u0131kmad\u0131\u011f\u0131 senaryosuyla, \u00e7a\u011fda\u015f tart\u0131\u015fmalar\u0131n alt\u0131nda yatan varsay\u0131mlar hakk\u0131nda d\u00fc\u015f\u00fcnme yetene\u011fimizi geli\u015ftiriyor.\u201d \u2013Science   \u201cPeter J. Bowler evrimsel biyolojinin geli\u015fimini son derece e\u011flenceli ayr\u0131nt\u0131larla anlat\u0131yor.\u2018\u2019 \u2013Times Higher Education                                                                                                          \u201cBu kitap bilim tarihine \u00f6nemli bir katk\u0131d\u0131r ve biyolojik bilimler ve evrimsel d\u00fc\u015f\u00fcnceyle ilgilenen \u00f6\u011frenciler ve akademisyenler i\u00e7in temel bir okuma kitab\u0131d\u0131r. Ancak daha da \u00f6nemlisi, evrim ile din aras\u0131ndaki ili\u015fki hakk\u0131nda bir g\u00f6r\u00fc\u015fe sahip olmak isteyen herkes taraf\u0131ndan okunmas\u0131 gereken bir kitap.\u201d \u2013Quarterly Review of Biology  <\/p>\n","protected":false},"excerpt":{"rendered":"<p>Evrim kuram\u0131 Darwinizm midir? Darwin olmasayd\u0131 evrim kuram\u0131 olmaz m\u0131yd\u0131? Darwin\u2019in evrim kuram\u0131 ile modern evrim kuram\u0131n\u0131n fark\u0131 nedir? Darwin\u2019in fikirleri ve terminolojisi bug\u00fcnlerde o kadar<span class=\"excerpt-hellip\"> [\u2026]<\/span><\/p>\n","protected":false},"featured_media":0,"template":"","meta":{"_monsterinsights_skip_tracking":false,"_monsterinsights_sitenote_active":false,"_monsterinsights_sitenote_note":"","_monsterinsights_sitenote_category":0},"product_brand":[],"product_cat":[13005],"product_tag":[],"class_list":{"0":"post-759729","1":"product","2":"type-product","3":"status-publish","5":"product_cat-bilim-muhendislik","6":"pa_cilt-ciltsiz","7":"pa_tur-kitap","8":"pa_yayinevi-alfa-yayinlari","9":"pa_yazar-peter-j-bowler","11":"first","12":"instock","13":"sale","14":"shipping-taxable","15":"purchasable","16":"product-type-simple"},"_links":{"self":[{"href":"https:\/\/roveyayinevi.com.tr\/index.php\/wp-json\/wp\/v2\/product\/759729","targetHints":{"allow":["GET"]}}],"collection":[{"href":"https:\/\/roveyayinevi.com.tr\/index.php\/wp-json\/wp\/v2\/product"}],"about":[{"href":"https:\/\/roveyayinevi.com.tr\/index.php\/wp-json\/wp\/v2\/types\/product"}],"wp:attachment":[{"href":"https:\/\/roveyayinevi.com.tr\/index.php\/wp-json\/wp\/v2\/media?parent=759729"}],"wp:term":[{"taxonomy":"product_brand","embeddable":true,"href":"https:\/\/roveyayinevi.com.tr\/index.php\/wp-json\/wp\/v2\/product_brand?post=759729"},{"taxonomy":"product_cat","embeddable":true,"href":"https:\/\/roveyayinevi.com.tr\/index.php\/wp-json\/wp\/v2\/product_cat?post=759729"},{"taxonomy":"product_tag","embeddable":true,"href":"https:\/\/roveyayinevi.com.tr\/index.php\/wp-json\/wp\/v2\/product_tag?post=759729"}],"curies":[{"name":"wp","href":"https:\/\/api.w.org\/{rel}","templated":true}]}}