{"id":759727,"date":"2025-08-28T08:43:19","date_gmt":"2025-08-28T05:43:19","guid":{"rendered":"https:\/\/roveyayinevi.com.tr\/index.php\/urun\/kafa-parlatan-hikayeler-2\/"},"modified":"2026-04-16T03:12:39","modified_gmt":"2026-04-16T00:12:39","slug":"kafa-parlatan-hikayeler-2","status":"publish","type":"product","link":"https:\/\/roveyayinevi.com.tr\/index.php\/urun\/kafa-parlatan-hikayeler-2\/","title":{"rendered":"Kafa Parlatan Hikayeler 2"},"content":{"rendered":"<p>\u00dclkeye d\u00f6n\u00fc\u015f\u00fc s\u0131cak kar\u015f\u0131lanmad\u0131. Kendisini y\u0131llar \u00f6nce \u00f6ld\u00fc sayan akrabalar\u0131 ve hayattaki en yak\u0131n akrabas\u0131 olan abisi yan\u0131na bile gelmedi. Arkada\u015flar\u0131 ya ba\u015fka yere ta\u015f\u0131nm\u0131\u015f ya da bu d\u00fcnyadan g\u00f6\u00e7\u00fcp gitmi\u015fti. Eski kar\u0131s\u0131 kahr\u0131ndan \u00f6lm\u00fc\u015ft\u00fc. \u00c7ocu\u011fu, \u00f6nce dedesi ve anneannesi, daha sonra da abisi taraf\u0131ndan b\u00fcy\u00fct\u00fclm\u00fc\u015ft\u00fc. D\u00f6n\u00fc\u015f\u00fcnden birka\u00e7 y\u0131l sonra \u00e7\u0131kt\u0131 kar\u015f\u0131s\u0131na, \u00e7ok k\u0131sa bir s\u00fcre babal\u0131k yapabildi\u011fi evlad\u0131n\u0131n. O\u011ful sar\u0131ld\u0131 babas\u0131na. A\u011flad\u0131. K\u0131zd\u0131. Sonra biraz da ba\u011f\u0131rarak a\u011flad\u0131. H\u0131\u00e7k\u0131rmas\u0131 ge\u00e7medi birka\u00e7 dakika boyunca \u00e7\u00fcnk\u00fc biliyordu, akl\u0131 ba\u015f\u0131ndayd\u0131 babas\u0131 terk etti\u011finde onlar\u0131. Ac\u0131yla yo\u011frulan her \u00f6zlem \u00f6fkeye kaybeder bu sava\u015f\u0131. K\u0131r\u0131kt\u0131 \u00e7ocuk, \u015fimdi olgun bir adam olmas\u0131na ra\u011fmen o k\u0131r\u0131lm\u0131\u015fl\u0131kla \u00f6m\u00fcr boyu senet imzalam\u0131\u015ft\u0131 sanki. Sahibi \u00f6len yetim bir k\u00f6pek gibi \u00e7aresiz ve \u0131ss\u0131z kalm\u0131\u015ft\u0131 \u00e7ok y\u0131llar \u00f6nce. Bir baba gitti\u011finde, bir annenin yar\u0131s\u0131 da gider. Giden bir annenin yar\u0131s\u0131, kalan \u00e7ocu\u011fun iyile\u015fmez yaras\u0131d\u0131r. O yara ge\u00e7mez. Ta ki yorgana \u00f6zenen toprak, v\u00fccudu sar\u0131p hapsedene, ta ki do\u011fan\u0131n ayr\u0131\u015ft\u0131r\u0131c\u0131lar\u0131 geriye kalan par\u00e7alar\u0131 silip s\u00fcp\u00fcrene kadar\u2026<\/p>\n","protected":false},"excerpt":{"rendered":"<p>\u00dclkeye d\u00f6n\u00fc\u015f\u00fc s\u0131cak kar\u015f\u0131lanmad\u0131. Kendisini y\u0131llar \u00f6nce \u00f6ld\u00fc sayan akrabalar\u0131 ve hayattaki en yak\u0131n akrabas\u0131 olan abisi yan\u0131na bile gelmedi. Arkada\u015flar\u0131 ya ba\u015fka yere ta\u015f\u0131nm\u0131\u015f ya<span class=\"excerpt-hellip\"> [\u2026]<\/span><\/p>\n","protected":false},"featured_media":0,"template":"","meta":{"_monsterinsights_skip_tracking":false,"_monsterinsights_sitenote_active":false,"_monsterinsights_sitenote_note":"","_monsterinsights_sitenote_category":0},"product_brand":[],"product_cat":[12291,12711],"product_tag":[],"class_list":{"0":"post-759727","1":"product","2":"type-product","3":"status-publish","5":"product_cat-edebiyat","6":"product_cat-roman-oyku","7":"pa_cilt-ciltsiz","8":"pa_tur-kitap","9":"pa_yayinevi-perseus","10":"pa_yazar-mustafa-aydogdu","12":"first","13":"instock","14":"sale","15":"shipping-taxable","16":"purchasable","17":"product-type-simple"},"_links":{"self":[{"href":"https:\/\/roveyayinevi.com.tr\/index.php\/wp-json\/wp\/v2\/product\/759727","targetHints":{"allow":["GET"]}}],"collection":[{"href":"https:\/\/roveyayinevi.com.tr\/index.php\/wp-json\/wp\/v2\/product"}],"about":[{"href":"https:\/\/roveyayinevi.com.tr\/index.php\/wp-json\/wp\/v2\/types\/product"}],"wp:attachment":[{"href":"https:\/\/roveyayinevi.com.tr\/index.php\/wp-json\/wp\/v2\/media?parent=759727"}],"wp:term":[{"taxonomy":"product_brand","embeddable":true,"href":"https:\/\/roveyayinevi.com.tr\/index.php\/wp-json\/wp\/v2\/product_brand?post=759727"},{"taxonomy":"product_cat","embeddable":true,"href":"https:\/\/roveyayinevi.com.tr\/index.php\/wp-json\/wp\/v2\/product_cat?post=759727"},{"taxonomy":"product_tag","embeddable":true,"href":"https:\/\/roveyayinevi.com.tr\/index.php\/wp-json\/wp\/v2\/product_tag?post=759727"}],"curies":[{"name":"wp","href":"https:\/\/api.w.org\/{rel}","templated":true}]}}