{"id":759726,"date":"2025-08-28T08:43:16","date_gmt":"2025-08-28T05:43:16","guid":{"rendered":"https:\/\/roveyayinevi.com.tr\/index.php\/urun\/mubersem\/"},"modified":"2026-04-16T03:12:39","modified_gmt":"2026-04-16T00:12:39","slug":"mubersem","status":"publish","type":"product","link":"https:\/\/roveyayinevi.com.tr\/index.php\/urun\/mubersem\/","title":{"rendered":"M\u00fcbersem"},"content":{"rendered":"<p>Belki daha kendinizi arama yolculu\u011funa \u00e7\u0131kmam\u0131\u015fken benimle rastla\u015ft\u0131n\u0131z. \u015eans\u0131 pek yaver gitmi\u015f biri olmasam da herkes gibi ya\u015fad\u0131klar\u0131mdan \u00f6\u011frendi\u011fim \u015feyler var.   Ben ya\u015fad\u0131m ve sizin g\u00f6remediklerinizi g\u00f6rd\u00fcm, duyamad\u0131klar\u0131n\u0131z\u0131 duydum hatta anlayamad\u0131\u011f\u0131n\u0131z \u015feyler d\u00fc\u015f\u00fcnd\u00fcm. Ya\u015fay\u0131n ve benim g\u00f6remediklerimi g\u00f6r\u00fcn, dokunamad\u0131klar\u0131ma dokunun, hissetmeyi akl\u0131m\u0131n ucundan dahi ge\u00e7iremedi\u011fim duygular hissedin. Bedeninizin bulamad\u0131\u011f\u0131 huzuru ruhunuz bulsun\u2026   G\u00f6khan Aktepe<\/p>\n","protected":false},"excerpt":{"rendered":"<p>Belki daha kendinizi arama yolculu\u011funa \u00e7\u0131kmam\u0131\u015fken benimle rastla\u015ft\u0131n\u0131z. \u015eans\u0131 pek yaver gitmi\u015f biri olmasam da herkes gibi ya\u015fad\u0131klar\u0131mdan \u00f6\u011frendi\u011fim \u015feyler var. Ben ya\u015fad\u0131m ve sizin g\u00f6remediklerinizi<span class=\"excerpt-hellip\"> [\u2026]<\/span><\/p>\n","protected":false},"featured_media":0,"template":"","meta":{"_monsterinsights_skip_tracking":false,"_monsterinsights_sitenote_active":false,"_monsterinsights_sitenote_note":"","_monsterinsights_sitenote_category":0},"product_brand":[],"product_cat":[12291,12711],"product_tag":[],"class_list":{"0":"post-759726","1":"product","2":"type-product","3":"status-publish","5":"product_cat-edebiyat","6":"product_cat-roman-oyku","7":"pa_cilt-ciltsiz","8":"pa_tur-kitap","9":"pa_yayinevi-perseus","10":"pa_yazar-burak-erismis","12":"first","13":"instock","14":"sale","15":"shipping-taxable","16":"purchasable","17":"product-type-simple"},"_links":{"self":[{"href":"https:\/\/roveyayinevi.com.tr\/index.php\/wp-json\/wp\/v2\/product\/759726","targetHints":{"allow":["GET"]}}],"collection":[{"href":"https:\/\/roveyayinevi.com.tr\/index.php\/wp-json\/wp\/v2\/product"}],"about":[{"href":"https:\/\/roveyayinevi.com.tr\/index.php\/wp-json\/wp\/v2\/types\/product"}],"wp:attachment":[{"href":"https:\/\/roveyayinevi.com.tr\/index.php\/wp-json\/wp\/v2\/media?parent=759726"}],"wp:term":[{"taxonomy":"product_brand","embeddable":true,"href":"https:\/\/roveyayinevi.com.tr\/index.php\/wp-json\/wp\/v2\/product_brand?post=759726"},{"taxonomy":"product_cat","embeddable":true,"href":"https:\/\/roveyayinevi.com.tr\/index.php\/wp-json\/wp\/v2\/product_cat?post=759726"},{"taxonomy":"product_tag","embeddable":true,"href":"https:\/\/roveyayinevi.com.tr\/index.php\/wp-json\/wp\/v2\/product_tag?post=759726"}],"curies":[{"name":"wp","href":"https:\/\/api.w.org\/{rel}","templated":true}]}}