{"id":759725,"date":"2025-08-28T08:43:14","date_gmt":"2025-08-28T05:43:14","guid":{"rendered":"https:\/\/roveyayinevi.com.tr\/index.php\/urun\/bazi-seyler-hakkinda\/"},"modified":"2026-04-16T03:12:39","modified_gmt":"2026-04-16T00:12:39","slug":"bazi-seyler-hakkinda","status":"publish","type":"product","link":"https:\/\/roveyayinevi.com.tr\/index.php\/urun\/bazi-seyler-hakkinda\/","title":{"rendered":"Baz\u0131 \u015eeyler Hakk\u0131nda"},"content":{"rendered":"<p>D\u00fc\u015f\u00fcncelerimi etkileyen duygulardan ve duygular\u0131ma y\u00f6n veren d\u00fc\u015f\u00fcncelerimden s\u0131yr\u0131l\u0131p, bir s\u00fcre u\u00e7larda ya\u015famaya b\u0131rak\u0131p, d\u00fczl\u00fc\u011fe ve do\u011fru d\u00fc\u015f\u00fcnceye ula\u015ft\u0131\u011f\u0131m k\u0131sa anlardan, dar zamanlardan biriktirdi\u011fim kelimeler, c\u00fcmleler ve d\u00fc\u015f\u00fcnceler\u2026   Emrah Turap, &#8216;Baz\u0131 \u015eeyler Hakk\u0131nda&#8217; eserinde, toplumsal ve ki\u015fisel mekanizmalar\u0131n yaratt\u0131\u011f\u0131 yaln\u0131zl\u0131k hissini, insan\u0131n ka\u00e7ma iste\u011fini, sevginin karanl\u0131k, ac\u0131n\u0131n ayd\u0131nl\u0131k y\u00fcz\u00fcn\u00fc, yaray\u0131 kabul etme olgunlu\u011fu gibi derin konular\u0131 aforizmalar\u0131yla derleyerek ele almaktad\u0131r.<\/p>\n","protected":false},"excerpt":{"rendered":"<p>D\u00fc\u015f\u00fcncelerimi etkileyen duygulardan ve duygular\u0131ma y\u00f6n veren d\u00fc\u015f\u00fcncelerimden s\u0131yr\u0131l\u0131p, bir s\u00fcre u\u00e7larda ya\u015famaya b\u0131rak\u0131p, d\u00fczl\u00fc\u011fe ve do\u011fru d\u00fc\u015f\u00fcnceye ula\u015ft\u0131\u011f\u0131m k\u0131sa anlardan, dar zamanlardan biriktirdi\u011fim kelimeler, c\u00fcmleler<span class=\"excerpt-hellip\"> [\u2026]<\/span><\/p>\n","protected":false},"featured_media":0,"template":"","meta":{"_monsterinsights_skip_tracking":false,"_monsterinsights_sitenote_active":false,"_monsterinsights_sitenote_note":"","_monsterinsights_sitenote_category":0},"product_brand":[],"product_cat":[75065,12291],"product_tag":[],"class_list":{"0":"post-759725","1":"product","2":"type-product","3":"status-publish","5":"product_cat-aforizmalar","6":"product_cat-edebiyat","7":"pa_cilt-ciltsiz","8":"pa_tur-kitap","9":"pa_yayinevi-elpis-yayinlari","10":"pa_yazar-emrah-turap","12":"first","13":"instock","14":"sale","15":"shipping-taxable","16":"purchasable","17":"product-type-simple"},"_links":{"self":[{"href":"https:\/\/roveyayinevi.com.tr\/index.php\/wp-json\/wp\/v2\/product\/759725","targetHints":{"allow":["GET"]}}],"collection":[{"href":"https:\/\/roveyayinevi.com.tr\/index.php\/wp-json\/wp\/v2\/product"}],"about":[{"href":"https:\/\/roveyayinevi.com.tr\/index.php\/wp-json\/wp\/v2\/types\/product"}],"wp:attachment":[{"href":"https:\/\/roveyayinevi.com.tr\/index.php\/wp-json\/wp\/v2\/media?parent=759725"}],"wp:term":[{"taxonomy":"product_brand","embeddable":true,"href":"https:\/\/roveyayinevi.com.tr\/index.php\/wp-json\/wp\/v2\/product_brand?post=759725"},{"taxonomy":"product_cat","embeddable":true,"href":"https:\/\/roveyayinevi.com.tr\/index.php\/wp-json\/wp\/v2\/product_cat?post=759725"},{"taxonomy":"product_tag","embeddable":true,"href":"https:\/\/roveyayinevi.com.tr\/index.php\/wp-json\/wp\/v2\/product_tag?post=759725"}],"curies":[{"name":"wp","href":"https:\/\/api.w.org\/{rel}","templated":true}]}}