{"id":759721,"date":"2025-08-28T08:43:06","date_gmt":"2025-08-28T05:43:06","guid":{"rendered":"https:\/\/roveyayinevi.com.tr\/index.php\/urun\/disney-never-girls-arkadaslik-sanati\/"},"modified":"2026-04-16T03:12:39","modified_gmt":"2026-04-16T00:12:39","slug":"disney-never-girls-arkadaslik-sanati","status":"publish","type":"product","link":"https:\/\/roveyayinevi.com.tr\/index.php\/urun\/disney-never-girls-arkadaslik-sanati\/","title":{"rendered":"Disney Never Girls &#8211; Arkada\u015fl\u0131k Sanat\u0131"},"content":{"rendered":"<p>Gabby&#8217;nin s\u0131n\u0131f\u0131ndaki yeni bir \u00e7ocuk onun resimleriyle dalga ge\u00e7ince, Never Girls grubu ak\u0131l dan\u0131\u015fmak i\u00e7in sanat yetene\u011fi olan peri Leo&#8217;ya gidiyor. Onun da huysuz bir trolle sanat konusunda anla\u015fmazl\u0131k ya\u015fad\u0131\u011f\u0131 ortaya \u00e7\u0131k\u0131yor! Sanat\u0131n g\u00fcc\u00fc, yeni arkada\u015fl\u0131klar\u0131n filizlenmesine yardim edecek mi?<\/p>\n","protected":false},"excerpt":{"rendered":"<p>Gabby&#8217;nin s\u0131n\u0131f\u0131ndaki yeni bir \u00e7ocuk onun resimleriyle dalga ge\u00e7ince, Never Girls grubu ak\u0131l dan\u0131\u015fmak i\u00e7in sanat yetene\u011fi olan peri Leo&#8217;ya gidiyor. Onun da huysuz bir trolle<span class=\"excerpt-hellip\"> [\u2026]<\/span><\/p>\n","protected":false},"featured_media":0,"template":"","meta":{"_monsterinsights_skip_tracking":false,"_monsterinsights_sitenote_active":false,"_monsterinsights_sitenote_note":"","_monsterinsights_sitenote_category":0},"product_brand":[],"product_cat":[12689,12274],"product_tag":[],"class_list":{"0":"post-759721","1":"product","2":"type-product","3":"status-publish","5":"product_cat-cizgi-roman-cocuk-ve-genclik-kitaplari","6":"product_cat-cocuk-ve-genclik-kitaplari","7":"pa_cilt-ciltsiz","8":"pa_tur-kitap","9":"pa_yayinevi-beta-kids","10":"pa_yazar-catie-cook","12":"first","13":"instock","14":"sale","15":"shipping-taxable","16":"purchasable","17":"product-type-simple"},"_links":{"self":[{"href":"https:\/\/roveyayinevi.com.tr\/index.php\/wp-json\/wp\/v2\/product\/759721","targetHints":{"allow":["GET"]}}],"collection":[{"href":"https:\/\/roveyayinevi.com.tr\/index.php\/wp-json\/wp\/v2\/product"}],"about":[{"href":"https:\/\/roveyayinevi.com.tr\/index.php\/wp-json\/wp\/v2\/types\/product"}],"wp:attachment":[{"href":"https:\/\/roveyayinevi.com.tr\/index.php\/wp-json\/wp\/v2\/media?parent=759721"}],"wp:term":[{"taxonomy":"product_brand","embeddable":true,"href":"https:\/\/roveyayinevi.com.tr\/index.php\/wp-json\/wp\/v2\/product_brand?post=759721"},{"taxonomy":"product_cat","embeddable":true,"href":"https:\/\/roveyayinevi.com.tr\/index.php\/wp-json\/wp\/v2\/product_cat?post=759721"},{"taxonomy":"product_tag","embeddable":true,"href":"https:\/\/roveyayinevi.com.tr\/index.php\/wp-json\/wp\/v2\/product_tag?post=759721"}],"curies":[{"name":"wp","href":"https:\/\/api.w.org\/{rel}","templated":true}]}}