{"id":759720,"date":"2025-08-28T08:43:04","date_gmt":"2025-08-28T05:43:04","guid":{"rendered":"https:\/\/roveyayinevi.com.tr\/index.php\/urun\/disney-never-girls-denizkizi-lagununde-gizem\/"},"modified":"2026-04-16T03:12:39","modified_gmt":"2026-04-16T00:12:39","slug":"disney-never-girls-denizkizi-lagununde-gizem","status":"publish","type":"product","link":"https:\/\/roveyayinevi.com.tr\/index.php\/urun\/disney-never-girls-denizkizi-lagununde-gizem\/","title":{"rendered":"Disney Never Girls &#8211; Denizk\u0131z\u0131 Lag\u00fcn\u00fc\u2019nde Gizem"},"content":{"rendered":"<p>Never Girls grubu kendini bir denizk\u0131z\u0131-korsan kavgas\u0131n\u0131n ortas\u0131nda buluyor; i\u015fin k\u00f6t\u00fcs\u00fc, D\u00fc\u015fler \u00dclkesi sakinlerinin hepsi bir taraf\u0131 tutuyor! K\u0131zlar, kay\u0131p korsan hazinesinin gizemini \u00e7\u00f6z\u00fcp Denizk\u0131z\u0131 Lag\u00fcn\u00fc&#8217;ne bar\u0131\u015f\u0131 yeniden getirebilecekler mi?<\/p>\n","protected":false},"excerpt":{"rendered":"<p>Never Girls grubu kendini bir denizk\u0131z\u0131-korsan kavgas\u0131n\u0131n ortas\u0131nda buluyor; i\u015fin k\u00f6t\u00fcs\u00fc, D\u00fc\u015fler \u00dclkesi sakinlerinin hepsi bir taraf\u0131 tutuyor! K\u0131zlar, kay\u0131p korsan hazinesinin gizemini \u00e7\u00f6z\u00fcp Denizk\u0131z\u0131 Lag\u00fcn\u00fc&#8217;ne<span class=\"excerpt-hellip\"> [\u2026]<\/span><\/p>\n","protected":false},"featured_media":0,"template":"","meta":{"_monsterinsights_skip_tracking":false,"_monsterinsights_sitenote_active":false,"_monsterinsights_sitenote_note":"","_monsterinsights_sitenote_category":0},"product_brand":[],"product_cat":[12689,12274],"product_tag":[],"class_list":{"0":"post-759720","1":"product","2":"type-product","3":"status-publish","5":"product_cat-cizgi-roman-cocuk-ve-genclik-kitaplari","6":"product_cat-cocuk-ve-genclik-kitaplari","7":"pa_cilt-ciltsiz","8":"pa_tur-kitap","9":"pa_yayinevi-beta-kids","10":"pa_yazar-catie-cook","12":"first","13":"instock","14":"sale","15":"shipping-taxable","16":"purchasable","17":"product-type-simple"},"_links":{"self":[{"href":"https:\/\/roveyayinevi.com.tr\/index.php\/wp-json\/wp\/v2\/product\/759720","targetHints":{"allow":["GET"]}}],"collection":[{"href":"https:\/\/roveyayinevi.com.tr\/index.php\/wp-json\/wp\/v2\/product"}],"about":[{"href":"https:\/\/roveyayinevi.com.tr\/index.php\/wp-json\/wp\/v2\/types\/product"}],"wp:attachment":[{"href":"https:\/\/roveyayinevi.com.tr\/index.php\/wp-json\/wp\/v2\/media?parent=759720"}],"wp:term":[{"taxonomy":"product_brand","embeddable":true,"href":"https:\/\/roveyayinevi.com.tr\/index.php\/wp-json\/wp\/v2\/product_brand?post=759720"},{"taxonomy":"product_cat","embeddable":true,"href":"https:\/\/roveyayinevi.com.tr\/index.php\/wp-json\/wp\/v2\/product_cat?post=759720"},{"taxonomy":"product_tag","embeddable":true,"href":"https:\/\/roveyayinevi.com.tr\/index.php\/wp-json\/wp\/v2\/product_tag?post=759720"}],"curies":[{"name":"wp","href":"https:\/\/api.w.org\/{rel}","templated":true}]}}