{"id":759718,"date":"2025-08-28T08:43:00","date_gmt":"2025-08-28T05:43:00","guid":{"rendered":"https:\/\/roveyayinevi.com.tr\/index.php\/urun\/kal-benimle\/"},"modified":"2026-04-16T03:12:39","modified_gmt":"2026-04-16T00:12:39","slug":"kal-benimle","status":"publish","type":"product","link":"https:\/\/roveyayinevi.com.tr\/index.php\/urun\/kal-benimle\/","title":{"rendered":"Kal Benimle"},"content":{"rendered":"<p>Ka\u00e7 kez s\u00f6yledin bu iki kelimeyi hayat\u0131nda? Y\u00fcz\u00fcne s\u00f6ylemek istediklerin de oldu ya da arkas\u0131ndan sessizce f\u0131s\u0131ldad\u0131n sen bile zor duyarcas\u0131na. Kalanlar da oldu belki de arkas\u0131na bile bakmadan \u00e7ekip gidenler de. Kader ald\u0131 \u00e7o\u011funu ellerimizden ya da g\u00f6n\u00fcllerimize bir iz b\u0131rak\u0131p sessiz sedas\u0131z vazge\u00e7en de\u2026 Sen kendinden vazge\u00e7me. Ruhunu, kalbini dinle.  Sen kal seninle\u2026 <\/p>\n","protected":false},"excerpt":{"rendered":"<p>Ka\u00e7 kez s\u00f6yledin bu iki kelimeyi hayat\u0131nda? Y\u00fcz\u00fcne s\u00f6ylemek istediklerin de oldu ya da arkas\u0131ndan sessizce f\u0131s\u0131ldad\u0131n sen bile zor duyarcas\u0131na. Kalanlar da oldu belki de<span class=\"excerpt-hellip\"> [\u2026]<\/span><\/p>\n","protected":false},"featured_media":0,"template":"","meta":{"_monsterinsights_skip_tracking":false,"_monsterinsights_sitenote_active":false,"_monsterinsights_sitenote_note":"","_monsterinsights_sitenote_category":0},"product_brand":[],"product_cat":[12291,12711],"product_tag":[],"class_list":{"0":"post-759718","1":"product","2":"type-product","3":"status-publish","5":"product_cat-edebiyat","6":"product_cat-roman-oyku","7":"pa_cilt-ciltsiz","8":"pa_tur-kitap","9":"pa_yayinevi-imbik-yayinlari","10":"pa_yazar-olgu-taskin-cankaya","12":"first","13":"instock","14":"sale","15":"shipping-taxable","16":"purchasable","17":"product-type-simple"},"_links":{"self":[{"href":"https:\/\/roveyayinevi.com.tr\/index.php\/wp-json\/wp\/v2\/product\/759718","targetHints":{"allow":["GET"]}}],"collection":[{"href":"https:\/\/roveyayinevi.com.tr\/index.php\/wp-json\/wp\/v2\/product"}],"about":[{"href":"https:\/\/roveyayinevi.com.tr\/index.php\/wp-json\/wp\/v2\/types\/product"}],"wp:attachment":[{"href":"https:\/\/roveyayinevi.com.tr\/index.php\/wp-json\/wp\/v2\/media?parent=759718"}],"wp:term":[{"taxonomy":"product_brand","embeddable":true,"href":"https:\/\/roveyayinevi.com.tr\/index.php\/wp-json\/wp\/v2\/product_brand?post=759718"},{"taxonomy":"product_cat","embeddable":true,"href":"https:\/\/roveyayinevi.com.tr\/index.php\/wp-json\/wp\/v2\/product_cat?post=759718"},{"taxonomy":"product_tag","embeddable":true,"href":"https:\/\/roveyayinevi.com.tr\/index.php\/wp-json\/wp\/v2\/product_tag?post=759718"}],"curies":[{"name":"wp","href":"https:\/\/api.w.org\/{rel}","templated":true}]}}