{"id":759717,"date":"2025-08-28T08:42:58","date_gmt":"2025-08-28T05:42:58","guid":{"rendered":"https:\/\/roveyayinevi.com.tr\/index.php\/urun\/kralice-charlotte\/"},"modified":"2026-04-16T03:12:38","modified_gmt":"2026-04-16T00:12:38","slug":"kralice-charlotte","status":"publish","type":"product","link":"https:\/\/roveyayinevi.com.tr\/index.php\/urun\/kralice-charlotte\/","title":{"rendered":"Krali\u00e7e Charlotte"},"content":{"rendered":"<p>New York Times \u00e7ok satan yazar\u0131 Julia Quinn ve televizyon d\u00fcnyas\u0131n\u0131n \u00f6nc\u00fc ismi Shonda Rhimes, Bridgerton\u2019\u0131n Krali\u00e7esi Charlotte ile Kral III. George\u2019un b\u00fcy\u00fck a\u015fk hik\u00e2yesini ve bu hik\u00e2yenin toplumsal bir de\u011fi\u015fimi nas\u0131l tetikledi\u011fini anlat\u0131yor. Netflix i\u00e7in Shondaland taraf\u0131ndan yak\u0131n zamanda diziye uyarlanan Krali\u00e7e Charlotte, Bridgerton efsanesinin unutulmaz karakterini yeniden ekranlara ta\u015f\u0131yor. &#8212;&#8212;&#8212;&#8212;&#8212;&#8212;&#8212;&#8212;&#8212;-  Mecklenburg-Strelitz Prensesi Charlotte g\u00fczel, zeki ve hepsinden \u00f6nemlisi inat\u00e7\u0131yd\u0131. George\u2019un ise gizlemesi gereken s\u0131rlar\u0131 vard\u0131; hem de monar\u015finin temellerini sarsma potansiyeli olan s\u0131rlar\u2026 Eyl\u00fcl 1761\u2019de Kral George ve Prenses Charlotte ilk kez tan\u0131\u015ft\u0131 ve birka\u00e7 saat i\u00e7inde de evlendiler. Krali\u00e7e olarak yeni rol\u00fcn\u00fcn i\u00e7ine itilen Charlotte, saray\u0131n karma\u015f\u0131k siyasetini y\u00f6nlendirmeyi \u00f6\u011frenmek zorundad\u0131r&#8230; Bir yandan da kendini korumal\u0131d\u0131r \u00e7\u00fcnk\u00fc kral, saklad\u0131\u011f\u0131 s\u0131rlar y\u00fcz\u00fcnden onu kendinden uzakla\u015ft\u0131rmaya \u00e7al\u0131\u015fsa da ikisi de birbirlerine \u00e2\u015f\u0131k olmaya ba\u015flam\u0131\u015ft\u0131r. Ama her \u015feyden \u00f6nce y\u00f6netmeyi \u00f6\u011frenmeli ve kendisine toplumu yeniden \u015fekillendirme g\u00fcc\u00fc verildi\u011fini anlamal\u0131d\u0131r. Kendisi i\u00e7in, kocas\u0131 i\u00e7in ve ondan beklentisi olan halk\u0131 i\u00e7in sava\u015fmal\u0131d\u0131r. \u00c7\u00fcnk\u00fc bir daha asla Charlotte olamayacakt\u0131r. \u00c7\u00fcnk\u00fc bir krali\u00e7e olarak yerine getirmesi gereken g\u00f6revleri vard\u0131r ve kaderini ba\u015ftan yazmal\u0131d\u0131r&#8230; Ate\u015fli duygular, saray s\u0131rlar\u0131 ve a\u015fklar\u0131 i\u00e7in sava\u015fan bir kral ve krali\u00e7e\u2026 Krali\u00e7e Charlotte, tarihin ak\u0131\u015f\u0131n\u0131 de\u011fi\u015ftiren gen\u00e7 bir krali\u00e7enin hik\u00e2ye<\/p>\n","protected":false},"excerpt":{"rendered":"<p>New York Times \u00e7ok satan yazar\u0131 Julia Quinn ve televizyon d\u00fcnyas\u0131n\u0131n \u00f6nc\u00fc ismi Shonda Rhimes, Bridgerton\u2019\u0131n Krali\u00e7esi Charlotte ile Kral III. George\u2019un b\u00fcy\u00fck a\u015fk hik\u00e2yesini ve<span class=\"excerpt-hellip\"> [\u2026]<\/span><\/p>\n","protected":false},"featured_media":0,"template":"","meta":{"_monsterinsights_skip_tracking":false,"_monsterinsights_sitenote_active":false,"_monsterinsights_sitenote_note":"","_monsterinsights_sitenote_category":0},"product_brand":[],"product_cat":[14643,12291],"product_tag":[],"class_list":{"0":"post-759717","1":"product","2":"type-product","3":"status-publish","5":"product_cat-ask","6":"product_cat-edebiyat","7":"pa_cilt-ciltsiz","8":"pa_tur-kitap","9":"pa_yayinevi-epsilon-yayinlari","10":"pa_yazar-julia-quinn-shonda-rhimes","12":"first","13":"instock","14":"sale","15":"shipping-taxable","16":"purchasable","17":"product-type-simple"},"_links":{"self":[{"href":"https:\/\/roveyayinevi.com.tr\/index.php\/wp-json\/wp\/v2\/product\/759717","targetHints":{"allow":["GET"]}}],"collection":[{"href":"https:\/\/roveyayinevi.com.tr\/index.php\/wp-json\/wp\/v2\/product"}],"about":[{"href":"https:\/\/roveyayinevi.com.tr\/index.php\/wp-json\/wp\/v2\/types\/product"}],"wp:attachment":[{"href":"https:\/\/roveyayinevi.com.tr\/index.php\/wp-json\/wp\/v2\/media?parent=759717"}],"wp:term":[{"taxonomy":"product_brand","embeddable":true,"href":"https:\/\/roveyayinevi.com.tr\/index.php\/wp-json\/wp\/v2\/product_brand?post=759717"},{"taxonomy":"product_cat","embeddable":true,"href":"https:\/\/roveyayinevi.com.tr\/index.php\/wp-json\/wp\/v2\/product_cat?post=759717"},{"taxonomy":"product_tag","embeddable":true,"href":"https:\/\/roveyayinevi.com.tr\/index.php\/wp-json\/wp\/v2\/product_tag?post=759717"}],"curies":[{"name":"wp","href":"https:\/\/api.w.org\/{rel}","templated":true}]}}