{"id":759715,"date":"2025-08-28T08:42:54","date_gmt":"2025-08-28T05:42:54","guid":{"rendered":"https:\/\/roveyayinevi.com.tr\/index.php\/urun\/caylak-ile-filozof-7\/"},"modified":"2026-04-15T03:24:32","modified_gmt":"2026-04-15T00:24:32","slug":"caylak-ile-filozof-7","status":"publish","type":"product","link":"https:\/\/roveyayinevi.com.tr\/index.php\/urun\/caylak-ile-filozof-7\/","title":{"rendered":"\u00c7aylak \u0130le Filozof -7"},"content":{"rendered":"<p>Gerek insanlar\u0131n kendi elleri ile birbirlerine yapt\u0131klar\u0131 k\u00f6t\u00fcl\u00fckler, gerek d\u00fcnyan\u0131n yarad\u0131l\u0131\u015f\u0131 gere\u011fi maruz kald\u0131\u011f\u0131m\u0131z, \u00e7e\u015fitli sebeplerden zarar g\u00f6rd\u00fc\u011f\u00fcm\u00fcz deprem vs.. gibi olumsuz durumlar kar\u015f\u0131s\u0131nda nas\u0131l bir bak\u0131\u015fa sahip olmal\u0131y\u0131z ki, g\u00f6z\u00fcm\u00fcz\u00fcn \u00f6n\u00fcndeki \u201ck\u00f6t\u00fcl\u00fckleri\u201d Yarat\u0131c\u0131 ile aram\u0131za de\u011fil de, durmalar\u0131 gereken yere koyabilelim? Hepimizin g\u00f6zleri \u00f6n\u00fcnde Gazze\u2019de ya\u015fanan deh\u015fetli hadiselere, \u201cNerede bir mazlum varsa oras\u0131 vicdan\u0131m i\u00e7in \u00f6z vatan gibidir\u201d diyen Filozof\u2019un verdi\u011fi tepkiler ve \u00c7aylak\u2019\u0131n \u015fiddetli \u00f6fke n\u00f6betleri ile a\u00e7\u0131lan kitap, \u00c7aylak\u2019\u0131n cesurca sordu\u011fu sorular e\u015fli\u011finde ilerlerken Filozof, k\u00f6t\u00fcl\u00fck problemini bir problem olarak g\u00f6r\u00fcp ona bir cevap vermek ve \u201cteodiseleri\u201d arka arkaya s\u0131ralamak yerine \u00c7aylak\u2019a bir bak\u0131\u015f a\u00e7\u0131s\u0131 sunmay\u0131 tercih ediyor. \u00c7\u00fcnk\u00fc o, cevab\u0131n, do\u011fru bir bak\u0131\u015f a\u00e7\u0131s\u0131 ile bakmay\u0131 ba\u015farabilen herkesin g\u00f6rebilece\u011fi bir yerde durdu\u011funa inanmaktad\u0131r\u2026 Dokuz b\u00f6l\u00fcmden olu\u015fan kitab\u0131n b\u00f6l\u00fcm isimleri ise \u015f\u00f6yle: I- \u201cNe \u00e7ok ac\u0131 var\u201d II- \u201cSapere Aude\u201d III- Ger\u00e7e\u011fi incitmeden&#8230; IV- \u0130yilik problemi V- Ya sen? Sen ne yapt\u0131n? VI- K\u00f6t\u00fcl\u00fc\u011f\u00fcn s\u0131n\u0131rlar\u0131 VII- K\u00f6t\u00fcl\u00fck bir nedir?           VIII- Simone Weil\u2019in hayali IX- Ve yer sars\u0131ld\u0131\u011f\u0131nda Sokratik diyaloglar sayfalar boyu s\u00fcr\u00fcp giderken sat\u0131rlar aras\u0131ndan okurun kar\u015f\u0131s\u0131na, \u00c7aylak\u2019\u0131n c\u00f6mert\u00e7e payla\u015ft\u0131\u011f\u0131 duygu d\u00fcnyas\u0131na dair izler, eski bir \u015fark\u0131, antik bir \u015fiir ve Simone Weil gibi \u015fa\u015f\u0131rt\u0131c\u0131 bir Felsef\u00ee karakterin de \u00e7\u0131k\u0131verdi\u011fi bu yedinci kitap, her zaman oldu\u011fu gibi \u00c7aylak ile Filozof\u2019un ger\u00e7ek ya\u015famlar\u0131na dair tuhaf s\u0131rlar, s\u00fcrprizler ve ipu\u00e7lar\u0131 ile bitiyor\u2026 <\/p>\n","protected":false},"excerpt":{"rendered":"<p>Gerek insanlar\u0131n kendi elleri ile birbirlerine yapt\u0131klar\u0131 k\u00f6t\u00fcl\u00fckler, gerek d\u00fcnyan\u0131n yarad\u0131l\u0131\u015f\u0131 gere\u011fi maruz kald\u0131\u011f\u0131m\u0131z, \u00e7e\u015fitli sebeplerden zarar g\u00f6rd\u00fc\u011f\u00fcm\u00fcz deprem vs.. gibi olumsuz durumlar kar\u015f\u0131s\u0131nda nas\u0131l bir<span class=\"excerpt-hellip\"> [\u2026]<\/span><\/p>\n","protected":false},"featured_media":0,"template":"","meta":{"_monsterinsights_skip_tracking":false,"_monsterinsights_sitenote_active":false,"_monsterinsights_sitenote_note":"","_monsterinsights_sitenote_category":0},"product_brand":[],"product_cat":[12274,12284],"product_tag":[],"class_list":{"0":"post-759715","1":"product","2":"type-product","3":"status-publish","5":"product_cat-cocuk-ve-genclik-kitaplari","6":"product_cat-hikayeler","7":"pa_cilt-ciltsiz","8":"pa_tur-kitap","9":"pa_yayinevi-ugurbocegi-yayinlari","10":"pa_yazar-ozkan-oze","12":"first","13":"instock","14":"sale","15":"shipping-taxable","16":"purchasable","17":"product-type-simple"},"_links":{"self":[{"href":"https:\/\/roveyayinevi.com.tr\/index.php\/wp-json\/wp\/v2\/product\/759715","targetHints":{"allow":["GET"]}}],"collection":[{"href":"https:\/\/roveyayinevi.com.tr\/index.php\/wp-json\/wp\/v2\/product"}],"about":[{"href":"https:\/\/roveyayinevi.com.tr\/index.php\/wp-json\/wp\/v2\/types\/product"}],"wp:attachment":[{"href":"https:\/\/roveyayinevi.com.tr\/index.php\/wp-json\/wp\/v2\/media?parent=759715"}],"wp:term":[{"taxonomy":"product_brand","embeddable":true,"href":"https:\/\/roveyayinevi.com.tr\/index.php\/wp-json\/wp\/v2\/product_brand?post=759715"},{"taxonomy":"product_cat","embeddable":true,"href":"https:\/\/roveyayinevi.com.tr\/index.php\/wp-json\/wp\/v2\/product_cat?post=759715"},{"taxonomy":"product_tag","embeddable":true,"href":"https:\/\/roveyayinevi.com.tr\/index.php\/wp-json\/wp\/v2\/product_tag?post=759715"}],"curies":[{"name":"wp","href":"https:\/\/api.w.org\/{rel}","templated":true}]}}