{"id":759714,"date":"2025-08-28T08:42:53","date_gmt":"2025-08-28T05:42:53","guid":{"rendered":"https:\/\/roveyayinevi.com.tr\/index.php\/urun\/eve-donus-yolunu-bulmak\/"},"modified":"2026-04-16T03:12:38","modified_gmt":"2026-04-16T00:12:38","slug":"eve-donus-yolunu-bulmak","status":"publish","type":"product","link":"https:\/\/roveyayinevi.com.tr\/index.php\/urun\/eve-donus-yolunu-bulmak\/","title":{"rendered":"Eve D\u00f6n\u00fc\u015f Yolunu Bulmak"},"content":{"rendered":"<p>ravma, bize yalan s\u00f6yleyen ger\u00e7ekli\u011fin bir anl\u0131k g\u00f6r\u00fcnt\u00fcs\u00fcd\u00fcr. Travma hakk\u0131nda bildi\u011finizi sand\u0131\u011f\u0131n\u0131z her \u015feyi unutun. \u00c7o\u011fu zaman travmay\u0131 bir sald\u0131r\u0131, do\u011fal afet, kaza, hastal\u0131k, sava\u015f veya kay\u0131p gibi ya\u015fananlar ba\u011flam\u0131nda d\u00fc\u015f\u00fcn\u00fcr\u00fcz. Peki bunun yerine, travmay\u0131 bir deneyimin do\u011furdu\u011fu tepki olarak d\u00fc\u015f\u00fcnsek nas\u0131l olur? MaryCatherine McDonald, travma ya\u015faman\u0131n utan\u00e7 kayna\u011f\u0131 olmad\u0131\u011f\u0131n\u0131, bunun yaln\u0131zca zorluklar\u0131n \u00fcstesinden gelemeyecek kadar k\u0131r\u0131lgan insanlar\u0131n ba\u015f\u0131na gelmedi\u011fini a\u00e7\u0131kl\u0131yor ve ekliyor: \u201cTravma tepkisi zay\u0131fl\u0131ktan de\u011fil, g\u00fc\u00e7ten do\u011far. Travma tepkisi bizi hayatta tutar. O olmadan var olamay\u0131z. Zira k\u00f6kleri g\u00fcce ve insan\u0131n hayatta kalma d\u00fcrt\u00fcs\u00fcne dayan\u0131r.\u201d N\u00f6robilim, psikoloji ve iyile\u015fmeyi h\u0131zland\u0131racak uygulamalar\u0131 i\u00e7eren bu kitab\u0131 okurken hayatla tam olarak b\u00fct\u00fcnle\u015fti\u011finizi hissedeceksiniz. \u201cEve D\u00f6n\u00fc\u015f Yolunu Bulmak, ya\u015fad\u0131\u011f\u0131m\u0131z travmalar\u0131n \u00f6tesine ge\u00e7erek nas\u0131l g\u00fc\u00e7lenebilece\u011fimizi g\u00f6stermesi a\u00e7\u0131s\u0131ndan son derece \u00f6nemli.\u201d\u2014Allan Hamilton, MD  <\/p>\n","protected":false},"excerpt":{"rendered":"<p>ravma, bize yalan s\u00f6yleyen ger\u00e7ekli\u011fin bir anl\u0131k g\u00f6r\u00fcnt\u00fcs\u00fcd\u00fcr. Travma hakk\u0131nda bildi\u011finizi sand\u0131\u011f\u0131n\u0131z her \u015feyi unutun. \u00c7o\u011fu zaman travmay\u0131 bir sald\u0131r\u0131, do\u011fal afet, kaza, hastal\u0131k, sava\u015f veya<span class=\"excerpt-hellip\"> [\u2026]<\/span><\/p>\n","protected":false},"featured_media":0,"template":"","meta":{"_monsterinsights_skip_tracking":false,"_monsterinsights_sitenote_active":false,"_monsterinsights_sitenote_note":"","_monsterinsights_sitenote_category":0},"product_brand":[],"product_cat":[12358,12357],"product_tag":[],"class_list":{"0":"post-759714","1":"product","2":"type-product","3":"status-publish","5":"product_cat-genel-psikoloji","6":"product_cat-psikoloji","7":"pa_cilt-ciltsiz","8":"pa_tur-kitap","9":"pa_yayinevi-serenad-yayinevi","10":"pa_yazar-marycatherine-mcdonald","12":"first","13":"instock","14":"sale","15":"shipping-taxable","16":"purchasable","17":"product-type-simple"},"_links":{"self":[{"href":"https:\/\/roveyayinevi.com.tr\/index.php\/wp-json\/wp\/v2\/product\/759714","targetHints":{"allow":["GET"]}}],"collection":[{"href":"https:\/\/roveyayinevi.com.tr\/index.php\/wp-json\/wp\/v2\/product"}],"about":[{"href":"https:\/\/roveyayinevi.com.tr\/index.php\/wp-json\/wp\/v2\/types\/product"}],"wp:attachment":[{"href":"https:\/\/roveyayinevi.com.tr\/index.php\/wp-json\/wp\/v2\/media?parent=759714"}],"wp:term":[{"taxonomy":"product_brand","embeddable":true,"href":"https:\/\/roveyayinevi.com.tr\/index.php\/wp-json\/wp\/v2\/product_brand?post=759714"},{"taxonomy":"product_cat","embeddable":true,"href":"https:\/\/roveyayinevi.com.tr\/index.php\/wp-json\/wp\/v2\/product_cat?post=759714"},{"taxonomy":"product_tag","embeddable":true,"href":"https:\/\/roveyayinevi.com.tr\/index.php\/wp-json\/wp\/v2\/product_tag?post=759714"}],"curies":[{"name":"wp","href":"https:\/\/api.w.org\/{rel}","templated":true}]}}