{"id":759711,"date":"2025-08-28T08:42:49","date_gmt":"2025-08-28T05:42:49","guid":{"rendered":"https:\/\/roveyayinevi.com.tr\/index.php\/urun\/11-sinif-tum-dersler-sayisal-konu-ozetli-soru-bankasi\/"},"modified":"2026-04-16T03:12:38","modified_gmt":"2026-04-16T00:12:38","slug":"11-sinif-tum-dersler-sayisal-konu-ozetli-soru-bankasi","status":"publish","type":"product","link":"https:\/\/roveyayinevi.com.tr\/index.php\/urun\/11-sinif-tum-dersler-sayisal-konu-ozetli-soru-bankasi\/","title":{"rendered":"11. S\u0131n\u0131f T\u00fcm Dersler Say\u0131sal Konu \u00d6zetli Soru Bankas\u0131"},"content":{"rendered":"<p>11. S\u0131n\u0131f T\u00fcm Dersler Say\u0131sal Konu \u00d6zetli Soru Bankas\u0131 Evrensel \u0130leti\u015fim Yay\u0131nlar\u0131<\/p>\n","protected":false},"excerpt":{"rendered":"<p>11. S\u0131n\u0131f T\u00fcm Dersler Say\u0131sal Konu \u00d6zetli Soru Bankas\u0131 Evrensel \u0130leti\u015fim Yay\u0131nlar\u0131<\/p>\n","protected":false},"featured_media":0,"template":"","meta":{"_monsterinsights_skip_tracking":false,"_monsterinsights_sitenote_active":false,"_monsterinsights_sitenote_note":"","_monsterinsights_sitenote_category":0},"product_brand":[],"product_cat":[12573,12566],"product_tag":[],"class_list":{"0":"post-759711","1":"product","2":"type-product","3":"status-publish","5":"product_cat-akademik-kitaplar","6":"product_cat-egitim","7":"pa_cilt-ciltsiz","8":"pa_tur-kitap","9":"pa_yayinevi-evrensel-iletisim-yayinlari","10":"pa_yazar-kolektif","12":"first","13":"instock","14":"sale","15":"shipping-taxable","16":"purchasable","17":"product-type-simple"},"_links":{"self":[{"href":"https:\/\/roveyayinevi.com.tr\/index.php\/wp-json\/wp\/v2\/product\/759711","targetHints":{"allow":["GET"]}}],"collection":[{"href":"https:\/\/roveyayinevi.com.tr\/index.php\/wp-json\/wp\/v2\/product"}],"about":[{"href":"https:\/\/roveyayinevi.com.tr\/index.php\/wp-json\/wp\/v2\/types\/product"}],"wp:attachment":[{"href":"https:\/\/roveyayinevi.com.tr\/index.php\/wp-json\/wp\/v2\/media?parent=759711"}],"wp:term":[{"taxonomy":"product_brand","embeddable":true,"href":"https:\/\/roveyayinevi.com.tr\/index.php\/wp-json\/wp\/v2\/product_brand?post=759711"},{"taxonomy":"product_cat","embeddable":true,"href":"https:\/\/roveyayinevi.com.tr\/index.php\/wp-json\/wp\/v2\/product_cat?post=759711"},{"taxonomy":"product_tag","embeddable":true,"href":"https:\/\/roveyayinevi.com.tr\/index.php\/wp-json\/wp\/v2\/product_tag?post=759711"}],"curies":[{"name":"wp","href":"https:\/\/api.w.org\/{rel}","templated":true}]}}