{"id":759706,"date":"2025-08-28T08:42:42","date_gmt":"2025-08-28T05:42:42","guid":{"rendered":"https:\/\/roveyayinevi.com.tr\/index.php\/urun\/mandala-renk-renk-desenler\/"},"modified":"2026-04-16T03:12:38","modified_gmt":"2026-04-16T00:12:38","slug":"mandala-renk-renk-desenler","status":"publish","type":"product","link":"https:\/\/roveyayinevi.com.tr\/index.php\/urun\/mandala-renk-renk-desenler\/","title":{"rendered":"Mandala Renk Renk Desenler"},"content":{"rendered":"<p>Mandala Renk Renk Desenler\u0130nsan zihnini rahatlatan bir \u00f6zelli\u011fe sahip olan mandala, g\u00fcn\u00fcm\u00fczde hem \u00e7ocuklar hem yeti\u015fkinlerin sevdi\u011fi bir e\u011flence arac\u0131d\u0131r. \u00d6zel olarak \u00e7izilmi\u015f farkl\u0131 ve renksiz \u015fekillerin, de\u011fi\u015fik kalemler \u00fczerinden boyanmas\u0131 ile yap\u0131lan bir uygulamad\u0131r. Mandala severlerin vaktini keyifle ge\u00e7irece\u011fi, dikkatini art\u0131raca\u011f\u0131, kendi hayat\u0131na renk verece\u011fi boyama kitab\u0131.<\/p>\n","protected":false},"excerpt":{"rendered":"<p>Mandala Renk Renk Desenler\u0130nsan zihnini rahatlatan bir \u00f6zelli\u011fe sahip olan mandala, g\u00fcn\u00fcm\u00fczde hem \u00e7ocuklar hem yeti\u015fkinlerin sevdi\u011fi bir e\u011flence arac\u0131d\u0131r. \u00d6zel olarak \u00e7izilmi\u015f farkl\u0131 ve renksiz<span class=\"excerpt-hellip\"> [\u2026]<\/span><\/p>\n","protected":false},"featured_media":0,"template":"","meta":{"_monsterinsights_skip_tracking":false,"_monsterinsights_sitenote_active":false,"_monsterinsights_sitenote_note":"","_monsterinsights_sitenote_category":0},"product_brand":[],"product_cat":[38511,15563],"product_tag":[],"class_list":{"0":"post-759706","1":"product","2":"type-product","3":"status-publish","5":"product_cat-buyukler-icin-boyama-mandala","6":"product_cat-hobi","7":"pa_cilt-ciltsiz","8":"pa_tur-kitap","9":"pa_yayinevi-evrensel-iletisim-yayinlari","10":"pa_yazar-kolektif","12":"first","13":"instock","14":"sale","15":"shipping-taxable","16":"purchasable","17":"product-type-simple"},"_links":{"self":[{"href":"https:\/\/roveyayinevi.com.tr\/index.php\/wp-json\/wp\/v2\/product\/759706","targetHints":{"allow":["GET"]}}],"collection":[{"href":"https:\/\/roveyayinevi.com.tr\/index.php\/wp-json\/wp\/v2\/product"}],"about":[{"href":"https:\/\/roveyayinevi.com.tr\/index.php\/wp-json\/wp\/v2\/types\/product"}],"wp:attachment":[{"href":"https:\/\/roveyayinevi.com.tr\/index.php\/wp-json\/wp\/v2\/media?parent=759706"}],"wp:term":[{"taxonomy":"product_brand","embeddable":true,"href":"https:\/\/roveyayinevi.com.tr\/index.php\/wp-json\/wp\/v2\/product_brand?post=759706"},{"taxonomy":"product_cat","embeddable":true,"href":"https:\/\/roveyayinevi.com.tr\/index.php\/wp-json\/wp\/v2\/product_cat?post=759706"},{"taxonomy":"product_tag","embeddable":true,"href":"https:\/\/roveyayinevi.com.tr\/index.php\/wp-json\/wp\/v2\/product_tag?post=759706"}],"curies":[{"name":"wp","href":"https:\/\/api.w.org\/{rel}","templated":true}]}}