{"id":759701,"date":"2025-08-28T08:42:35","date_gmt":"2025-08-28T05:42:35","guid":{"rendered":"https:\/\/roveyayinevi.com.tr\/index.php\/urun\/goc-etmek-isteyen-serce\/"},"modified":"2026-04-16T03:12:38","modified_gmt":"2026-04-16T00:12:38","slug":"goc-etmek-isteyen-serce","status":"publish","type":"product","link":"https:\/\/roveyayinevi.com.tr\/index.php\/urun\/goc-etmek-isteyen-serce\/","title":{"rendered":"G\u00f6\u00e7 Etmek \u0130steyen Ser\u00e7e"},"content":{"rendered":"<p>Bu kitap leyleklere, yaban kazlar\u0131na, k\u0131rlang\u0131\u00e7lara \u00f6zenerek g\u00f6\u00e7 etmek isteyen minik bir ser\u00e7enin \u00f6yk\u00fcs\u00fcd\u00fcr.G\u00f6\u00e7 etmek isteyen minik ser\u00e7e, \u00f6nce yakla\u015fan k\u0131\u015f mevsiminin so\u011fuk r\u00fczg\u00e2rlar\u0131yla ba\u015fa \u00e7\u0131kmaya \u00e7al\u0131\u015f\u0131r. Is\u0131nmak i\u00e7in s\u0131cak b\u00f6lgelere g\u00f6\u00e7 etmeyi d\u00fc\u015f\u00fcn\u00fcr. \u00c7ok ge\u00e7meden minik bedeninin g\u00f6\u00e7 edebilecek donan\u0131ma sahip olmad\u0131\u011f\u0131n\u0131 anlar ve tam umutsuzlu\u011fa kap\u0131lacakken ba\u015fka t\u00fcrlerle tan\u0131\u015f\u0131r.Tek ba\u015f\u0131na g\u00f6\u00e7 edemeyen ser\u00e7e, t\u00fcm \u00e7abalar\u0131yla ayn\u0131 zamanda k\u0131\u015f boyu yiyece\u011fini ararken, di\u011fer kanatl\u0131 t\u00fcrlerin tecr\u00fcbelerine dan\u0131\u015f\u0131r. Onlar gibi s\u0131cak \u00fclkelere, birlik i\u00e7erisinde nas\u0131l gidebilece\u011fini soru\u015fturur. Sorular\u0131n\u0131n cevab\u0131n\u0131 alsa da denemeleri kar\u015f\u0131s\u0131nda bekledi\u011fi ba\u015far\u0131ya ula\u015famaz. Yine de minik ser\u00e7e pes etmeyecek ve g\u00f6\u00e7 edemese de yeme\u011fini, s\u0131cak yuvas\u0131n\u0131 bulacakt\u0131r. Leylekler, yaban kazlar\u0131, k\u0131rlang\u0131\u00e7lar&#8230;G\u00f6\u00e7 ediyorlar s\u0131cak yerlere.Peki ya minik ser\u00e7e?Kat\u0131labilir mi ku\u015f s\u00fcr\u00fcs\u00fcn\u00fcn i\u00e7ine?E\u011fer kat\u0131lamazsa,Bulabilir mi yiyeceklerini karlar\u0131n i\u00e7inde?<\/p>\n","protected":false},"excerpt":{"rendered":"<p>Bu kitap leyleklere, yaban kazlar\u0131na, k\u0131rlang\u0131\u00e7lara \u00f6zenerek g\u00f6\u00e7 etmek isteyen minik bir ser\u00e7enin \u00f6yk\u00fcs\u00fcd\u00fcr.G\u00f6\u00e7 etmek isteyen minik ser\u00e7e, \u00f6nce yakla\u015fan k\u0131\u015f mevsiminin so\u011fuk r\u00fczg\u00e2rlar\u0131yla ba\u015fa \u00e7\u0131kmaya<span class=\"excerpt-hellip\"> [\u2026]<\/span><\/p>\n","protected":false},"featured_media":0,"template":"","meta":{"_monsterinsights_skip_tracking":false,"_monsterinsights_sitenote_active":false,"_monsterinsights_sitenote_note":"","_monsterinsights_sitenote_category":0},"product_brand":[],"product_cat":[12274,12284],"product_tag":[],"class_list":{"0":"post-759701","1":"product","2":"type-product","3":"status-publish","5":"product_cat-cocuk-ve-genclik-kitaplari","6":"product_cat-hikayeler","7":"pa_cilt-ciltsiz","8":"pa_tur-kitap","9":"pa_yayinevi-otuken-nesriyat","10":"pa_yazar-merve-ozcan","12":"first","13":"instock","14":"sale","15":"shipping-taxable","16":"purchasable","17":"product-type-simple"},"_links":{"self":[{"href":"https:\/\/roveyayinevi.com.tr\/index.php\/wp-json\/wp\/v2\/product\/759701","targetHints":{"allow":["GET"]}}],"collection":[{"href":"https:\/\/roveyayinevi.com.tr\/index.php\/wp-json\/wp\/v2\/product"}],"about":[{"href":"https:\/\/roveyayinevi.com.tr\/index.php\/wp-json\/wp\/v2\/types\/product"}],"wp:attachment":[{"href":"https:\/\/roveyayinevi.com.tr\/index.php\/wp-json\/wp\/v2\/media?parent=759701"}],"wp:term":[{"taxonomy":"product_brand","embeddable":true,"href":"https:\/\/roveyayinevi.com.tr\/index.php\/wp-json\/wp\/v2\/product_brand?post=759701"},{"taxonomy":"product_cat","embeddable":true,"href":"https:\/\/roveyayinevi.com.tr\/index.php\/wp-json\/wp\/v2\/product_cat?post=759701"},{"taxonomy":"product_tag","embeddable":true,"href":"https:\/\/roveyayinevi.com.tr\/index.php\/wp-json\/wp\/v2\/product_tag?post=759701"}],"curies":[{"name":"wp","href":"https:\/\/api.w.org\/{rel}","templated":true}]}}