{"id":759700,"date":"2025-08-28T08:42:34","date_gmt":"2025-08-28T05:42:34","guid":{"rendered":"https:\/\/roveyayinevi.com.tr\/index.php\/urun\/nutuk-ozel-baski-tam-metin\/"},"modified":"2026-04-16T03:12:38","modified_gmt":"2026-04-16T00:12:38","slug":"nutuk-ozel-baski-tam-metin","status":"publish","type":"product","link":"https:\/\/roveyayinevi.com.tr\/index.php\/urun\/nutuk-ozel-baski-tam-metin\/","title":{"rendered":"Nutuk &#8211; \u00d6zel Bask\u0131 &#8211; Tam Metin"},"content":{"rendered":"<p>Yaz\u0131ld\u0131\u011f\u0131 d\u00f6nemde Cumhur Reisi ve Cumhuriyet Halk F\u0131rkas\u0131 Umumi Reisi olan Gazi Mustafa Kemal&#8217;in 15-20 Ekim 1927 tarihlerinde, 1919&#8217;dan 1927&#8217;ye dek kendisinin ve silah arkada\u015flar\u0131n\u0131n faaliyetlerini \u00f6zetledi\u011fi konu\u015fmas\u0131n\u0131n metnidir.<\/p>\n","protected":false},"excerpt":{"rendered":"<p>Yaz\u0131ld\u0131\u011f\u0131 d\u00f6nemde Cumhur Reisi ve Cumhuriyet Halk F\u0131rkas\u0131 Umumi Reisi olan Gazi Mustafa Kemal&#8217;in 15-20 Ekim 1927 tarihlerinde, 1919&#8217;dan 1927&#8217;ye dek kendisinin ve silah arkada\u015flar\u0131n\u0131n faaliyetlerini<span class=\"excerpt-hellip\"> [\u2026]<\/span><\/p>\n","protected":false},"featured_media":0,"template":"","meta":{"_monsterinsights_skip_tracking":false,"_monsterinsights_sitenote_active":false,"_monsterinsights_sitenote_note":"","_monsterinsights_sitenote_category":0},"product_brand":[],"product_cat":[12530,12304],"product_tag":[],"class_list":{"0":"post-759700","1":"product","2":"type-product","3":"status-publish","5":"product_cat-mustafa-kemal-ataturk","6":"product_cat-tarih","7":"pa_cilt-ciltli","8":"pa_tur-kitap","9":"pa_yayinevi-evrensel-iletisim-yayinlari","10":"pa_yazar-kolektif","12":"first","13":"instock","14":"sale","15":"shipping-taxable","16":"purchasable","17":"product-type-simple"},"_links":{"self":[{"href":"https:\/\/roveyayinevi.com.tr\/index.php\/wp-json\/wp\/v2\/product\/759700","targetHints":{"allow":["GET"]}}],"collection":[{"href":"https:\/\/roveyayinevi.com.tr\/index.php\/wp-json\/wp\/v2\/product"}],"about":[{"href":"https:\/\/roveyayinevi.com.tr\/index.php\/wp-json\/wp\/v2\/types\/product"}],"wp:attachment":[{"href":"https:\/\/roveyayinevi.com.tr\/index.php\/wp-json\/wp\/v2\/media?parent=759700"}],"wp:term":[{"taxonomy":"product_brand","embeddable":true,"href":"https:\/\/roveyayinevi.com.tr\/index.php\/wp-json\/wp\/v2\/product_brand?post=759700"},{"taxonomy":"product_cat","embeddable":true,"href":"https:\/\/roveyayinevi.com.tr\/index.php\/wp-json\/wp\/v2\/product_cat?post=759700"},{"taxonomy":"product_tag","embeddable":true,"href":"https:\/\/roveyayinevi.com.tr\/index.php\/wp-json\/wp\/v2\/product_tag?post=759700"}],"curies":[{"name":"wp","href":"https:\/\/api.w.org\/{rel}","templated":true}]}}