{"id":759699,"date":"2025-08-28T08:42:33","date_gmt":"2025-08-28T05:42:33","guid":{"rendered":"https:\/\/roveyayinevi.com.tr\/index.php\/urun\/4-sinif-sarmal-6li-deneme-video-cozumlu\/"},"modified":"2026-04-16T03:12:38","modified_gmt":"2026-04-16T00:12:38","slug":"4-sinif-sarmal-6li-deneme-video-cozumlu","status":"publish","type":"product","link":"https:\/\/roveyayinevi.com.tr\/index.php\/urun\/4-sinif-sarmal-6li-deneme-video-cozumlu\/","title":{"rendered":"4. S\u0131n\u0131f Sarmal 6l\u0131 Deneme Video \u00c7\u00f6z\u00fcml\u00fc"},"content":{"rendered":"<p>4. S\u0131n\u0131f Sarmal 6l\u0131 Deneme Video \u00c7\u00f6z\u00fcml\u00fc<\/p>\n","protected":false},"excerpt":{"rendered":"<p>4. S\u0131n\u0131f Sarmal 6l\u0131 Deneme Video \u00c7\u00f6z\u00fcml\u00fc<\/p>\n","protected":false},"featured_media":0,"template":"","meta":{"_monsterinsights_skip_tracking":false,"_monsterinsights_sitenote_active":false,"_monsterinsights_sitenote_note":"","_monsterinsights_sitenote_category":0},"product_brand":[],"product_cat":[12566,13473],"product_tag":[],"class_list":{"0":"post-759699","1":"product","2":"type-product","3":"status-publish","5":"product_cat-egitim","6":"product_cat-sinavlara-hazirlik-okula-yardimci-kaynaklar","7":"pa_cilt-ciltsiz","8":"pa_tur-kitap","9":"pa_yayinevi-mavi-boncuk","10":"pa_yazar-kolektif","12":"first","13":"instock","14":"sale","15":"shipping-taxable","16":"purchasable","17":"product-type-simple"},"_links":{"self":[{"href":"https:\/\/roveyayinevi.com.tr\/index.php\/wp-json\/wp\/v2\/product\/759699","targetHints":{"allow":["GET"]}}],"collection":[{"href":"https:\/\/roveyayinevi.com.tr\/index.php\/wp-json\/wp\/v2\/product"}],"about":[{"href":"https:\/\/roveyayinevi.com.tr\/index.php\/wp-json\/wp\/v2\/types\/product"}],"wp:attachment":[{"href":"https:\/\/roveyayinevi.com.tr\/index.php\/wp-json\/wp\/v2\/media?parent=759699"}],"wp:term":[{"taxonomy":"product_brand","embeddable":true,"href":"https:\/\/roveyayinevi.com.tr\/index.php\/wp-json\/wp\/v2\/product_brand?post=759699"},{"taxonomy":"product_cat","embeddable":true,"href":"https:\/\/roveyayinevi.com.tr\/index.php\/wp-json\/wp\/v2\/product_cat?post=759699"},{"taxonomy":"product_tag","embeddable":true,"href":"https:\/\/roveyayinevi.com.tr\/index.php\/wp-json\/wp\/v2\/product_tag?post=759699"}],"curies":[{"name":"wp","href":"https:\/\/api.w.org\/{rel}","templated":true}]}}