{"id":759695,"date":"2025-08-28T08:42:28","date_gmt":"2025-08-28T05:42:28","guid":{"rendered":"https:\/\/roveyayinevi.com.tr\/index.php\/urun\/cilli-cirpi-7-vedalar-artik-kalp-kirmasin\/"},"modified":"2026-04-16T03:12:38","modified_gmt":"2026-04-16T00:12:38","slug":"cilli-cirpi-7-vedalar-artik-kalp-kirmasin","status":"publish","type":"product","link":"https:\/\/roveyayinevi.com.tr\/index.php\/urun\/cilli-cirpi-7-vedalar-artik-kalp-kirmasin\/","title":{"rendered":"\u00c7illi \u00c7irpi 7 Vedalar Art\u0131k Kalp K\u0131rmas\u0131n"},"content":{"rendered":"<p>T\u00fc\u00fc\u00fchhhhh!..\u00c7illi \u00c7irpi\u2019nin sa\u00e7lar\u0131 bitlendi. Hem de muhte\u015fem k\u00f6y tatilinin sonuna geldi\u011fi i\u00e7in \u00e7ok \u00fczg\u00fcn ama biliyor musun b\u00fct\u00fcn olumsuzlukla ba\u015fa \u00e7\u0131kmay\u0131 ba\u015faracak! Yeni do\u011fan karde\u015fiyle tan\u0131\u015fma zaman\u0131 da geldi. K\u00f6ydeyse \u00fcz\u00fcm hasad\u0131 yar\u0131\u015fmas\u0131 yap\u0131lacak. Sence kim \u00fcz\u00fcm g\u00fczeli se\u00e7ilir? Muammalar, Deliyontu, erzak dedesi derken p\u00fcsk\u00fcll\u00fc davul d\u00f6v\u00fcld\u00fc, boncuklu zurna \u00fcflendi, h\u0131mb\u0131l tefin zilleri \u015f\u0131ng\u0131rdad\u0131 ve k\u00f6y d\u00fc\u011f\u00fcn\u00fc ba\u015flad\u0131.Veda zaman\u0131 geldi.\u00dcz\u00fclme, birbirini \u00e7ok seven insanlar kavu\u015fmak i\u00e7in her f\u0131rsat\u0131 de\u011ferlendirir nas\u0131lsa!\u00c7illi \u00c7irpi son sayfalar\u0131na yakla\u015fm\u0131\u015fken \u201cHayvan Pusulas\u0131\u201dna b\u00f6cekleri yazd\u0131. B\u00f6ceklerden korkuyorsan o k\u00fc\u00e7\u00fcc\u00fck canl\u0131lar\u0131n d\u00fcnyas\u0131na bir de bu kitaptan bak. A\u011fustos b\u00f6ce\u011fi neresinden ses \u00e7\u0131kar\u0131r? Kene nas\u0131l koku al\u0131r? D\u00fcnyan\u0131n en eski zamanlar\u0131ndan beri var olan b\u00f6cek hangisi? Mantar yeti\u015ftirip t\u0131rt\u0131llar\u0131n s\u0131rt\u0131na binen kar\u0131ncalar\u0131 hi\u00e7 duydun mu? Ya da ate\u015f b\u00f6ce\u011finin bir sokak lambas\u0131 b\u00fcy\u00fckl\u00fc\u011f\u00fcnde olmas\u0131 h\u00e2linde koca mahalleyi ayd\u0131nlataca\u011f\u0131n\u0131 s\u00f6ylesem, ne dersin? Hadi okumaya ba\u015fla, ama \u00c7illi \u00c7irpi\u2019yle vedala\u015fma; o, sen ne zaman istersen hemen yan\u0131 ba\u015f\u0131nda!<\/p>\n","protected":false},"excerpt":{"rendered":"<p>T\u00fc\u00fc\u00fchhhhh!..\u00c7illi \u00c7irpi\u2019nin sa\u00e7lar\u0131 bitlendi. Hem de muhte\u015fem k\u00f6y tatilinin sonuna geldi\u011fi i\u00e7in \u00e7ok \u00fczg\u00fcn ama biliyor musun b\u00fct\u00fcn olumsuzlukla ba\u015fa \u00e7\u0131kmay\u0131 ba\u015faracak! Yeni do\u011fan karde\u015fiyle tan\u0131\u015fma<span class=\"excerpt-hellip\"> [\u2026]<\/span><\/p>\n","protected":false},"featured_media":0,"template":"","meta":{"_monsterinsights_skip_tracking":false,"_monsterinsights_sitenote_active":false,"_monsterinsights_sitenote_note":"","_monsterinsights_sitenote_category":0},"product_brand":[],"product_cat":[12274,12284],"product_tag":[],"class_list":{"0":"post-759695","1":"product","2":"type-product","3":"status-publish","5":"product_cat-cocuk-ve-genclik-kitaplari","6":"product_cat-hikayeler","7":"pa_cilt-ciltsiz","8":"pa_tur-kitap","9":"pa_yayinevi-otuken-nesriyat","10":"pa_yazar-kudret-ayse-yilmaz","12":"first","13":"instock","14":"sale","15":"shipping-taxable","16":"purchasable","17":"product-type-simple"},"_links":{"self":[{"href":"https:\/\/roveyayinevi.com.tr\/index.php\/wp-json\/wp\/v2\/product\/759695","targetHints":{"allow":["GET"]}}],"collection":[{"href":"https:\/\/roveyayinevi.com.tr\/index.php\/wp-json\/wp\/v2\/product"}],"about":[{"href":"https:\/\/roveyayinevi.com.tr\/index.php\/wp-json\/wp\/v2\/types\/product"}],"wp:attachment":[{"href":"https:\/\/roveyayinevi.com.tr\/index.php\/wp-json\/wp\/v2\/media?parent=759695"}],"wp:term":[{"taxonomy":"product_brand","embeddable":true,"href":"https:\/\/roveyayinevi.com.tr\/index.php\/wp-json\/wp\/v2\/product_brand?post=759695"},{"taxonomy":"product_cat","embeddable":true,"href":"https:\/\/roveyayinevi.com.tr\/index.php\/wp-json\/wp\/v2\/product_cat?post=759695"},{"taxonomy":"product_tag","embeddable":true,"href":"https:\/\/roveyayinevi.com.tr\/index.php\/wp-json\/wp\/v2\/product_tag?post=759695"}],"curies":[{"name":"wp","href":"https:\/\/api.w.org\/{rel}","templated":true}]}}