{"id":759693,"date":"2025-08-28T08:42:25","date_gmt":"2025-08-28T05:42:25","guid":{"rendered":"https:\/\/roveyayinevi.com.tr\/index.php\/urun\/gunumuz-sanatinda-mistik-etkilesimler\/"},"modified":"2026-04-16T03:12:38","modified_gmt":"2026-04-16T00:12:38","slug":"gunumuz-sanatinda-mistik-etkilesimler","status":"publish","type":"product","link":"https:\/\/roveyayinevi.com.tr\/index.php\/urun\/gunumuz-sanatinda-mistik-etkilesimler\/","title":{"rendered":"G\u00fcn\u00fcm\u00fcz Sanat\u0131nda Mistik Etkile\u015fimler"},"content":{"rendered":"<p>Sanat\u00e7\u0131; hisseden, be\u015f duyu organ\u0131n\u0131n, zekas\u0131n\u0131n  ve zihninin \u00f6tesinde, kalbi, ruhu ve \u00f6z benli\u011fiyle hareket eden, onlardan ald\u0131\u011f\u0131 duyumlar, \u00f6nsezi ve k\u0131p\u0131rt\u0131larla yaratan ki\u015fidir. Onun ba\u015fl\u0131ca hedefi kendi i\u00e7selli\u011fini a\u00e7\u0131\u011fa \u00e7\u0131karmak, onu g\u00f6r\u00fcn\u00fcr hale getirmek ve ondan \u00f6zg\u00fcrle\u015fmektir. Yaratma an\u0131nda ya\u015fananlar, d\u00fcnya ger\u00e7ekli\u011fi d\u0131\u015f\u0131nda, t\u0131pk\u0131 ruhani bir \u00e7al\u0131\u015fma s\u0131ras\u0131nda  ya\u015fananlar gibi, insan\u0131 farkl\u0131 bir boyuta; zaman\u0131n ve benli\u011fin olmad\u0131\u011f\u0131 bir kendinden ge\u00e7me haline getiren, onu ar\u0131nd\u0131ran, iyile\u015ftiren ve y\u00fckselten deneyimlerdir. Alg\u0131n\u0131n ve bilincin sanat \u00fcretme esnas\u0131nda u\u011frad\u0131\u011f\u0131 b\u00f6ylesine etkileyici bu de\u011fi\u015fim, sadece sanat\u00e7\u0131 taraf\u0131nda kalmay\u0131p, sunulan eserle birlikte izleyiciye ula\u015farak onu da de\u011fi\u015ftirmekte ve uyand\u0131rmaktad\u0131r. \u0130\u015fte bu uyan\u0131\u015f, insana var olu\u015f sebebini, evrim ve m\u00fckemmelle\u015fme yolundaki d\u00fczeyini hat\u0131rlatan ve g\u00f6steren y\u00fcce fark\u0131ndal\u0131k halidir&#8230;<\/p>\n","protected":false},"excerpt":{"rendered":"<p>Sanat\u00e7\u0131; hisseden, be\u015f duyu organ\u0131n\u0131n, zekas\u0131n\u0131n ve zihninin \u00f6tesinde, kalbi, ruhu ve \u00f6z benli\u011fiyle hareket eden, onlardan ald\u0131\u011f\u0131 duyumlar, \u00f6nsezi ve k\u0131p\u0131rt\u0131larla yaratan ki\u015fidir. Onun ba\u015fl\u0131ca<span class=\"excerpt-hellip\"> [\u2026]<\/span><\/p>\n","protected":false},"featured_media":0,"template":"","meta":{"_monsterinsights_skip_tracking":false,"_monsterinsights_sitenote_active":false,"_monsterinsights_sitenote_note":"","_monsterinsights_sitenote_category":0},"product_brand":[],"product_cat":[12408],"product_tag":[],"class_list":{"0":"post-759693","1":"product","2":"type-product","3":"status-publish","5":"product_cat-sanat","6":"pa_cilt-ciltsiz","7":"pa_tur-kitap","8":"pa_yayinevi-dorlion-yayinevi","9":"pa_yazar-idil-mirata","11":"first","12":"instock","13":"sale","14":"shipping-taxable","15":"purchasable","16":"product-type-simple"},"_links":{"self":[{"href":"https:\/\/roveyayinevi.com.tr\/index.php\/wp-json\/wp\/v2\/product\/759693","targetHints":{"allow":["GET"]}}],"collection":[{"href":"https:\/\/roveyayinevi.com.tr\/index.php\/wp-json\/wp\/v2\/product"}],"about":[{"href":"https:\/\/roveyayinevi.com.tr\/index.php\/wp-json\/wp\/v2\/types\/product"}],"wp:attachment":[{"href":"https:\/\/roveyayinevi.com.tr\/index.php\/wp-json\/wp\/v2\/media?parent=759693"}],"wp:term":[{"taxonomy":"product_brand","embeddable":true,"href":"https:\/\/roveyayinevi.com.tr\/index.php\/wp-json\/wp\/v2\/product_brand?post=759693"},{"taxonomy":"product_cat","embeddable":true,"href":"https:\/\/roveyayinevi.com.tr\/index.php\/wp-json\/wp\/v2\/product_cat?post=759693"},{"taxonomy":"product_tag","embeddable":true,"href":"https:\/\/roveyayinevi.com.tr\/index.php\/wp-json\/wp\/v2\/product_tag?post=759693"}],"curies":[{"name":"wp","href":"https:\/\/api.w.org\/{rel}","templated":true}]}}