{"id":759691,"date":"2025-08-28T08:42:21","date_gmt":"2025-08-28T05:42:21","guid":{"rendered":"https:\/\/roveyayinevi.com.tr\/index.php\/urun\/bir-karikaturistin-hatira-defteri\/"},"modified":"2026-04-16T03:12:38","modified_gmt":"2026-04-16T00:12:38","slug":"bir-karikaturistin-hatira-defteri","status":"publish","type":"product","link":"https:\/\/roveyayinevi.com.tr\/index.php\/urun\/bir-karikaturistin-hatira-defteri\/","title":{"rendered":"Bir Karikat\u00fcristin Hat\u0131ra Defteri"},"content":{"rendered":"<p>\u201cAbidin Dino,ya \u00f6n\u00fcne gelen, \u2018Sen mutlulu\u011fun resmini yapabildin mi Abidin?\u2019 diye sorup duruyordu. Son s\u00f6yle\u015filerinden birinde, \u2018Yapmad\u0131m, yapamam elbet. Fakat resim yapabilmek, \u00e7izebilmek ne b\u00fcy\u00fck mutluluk!\u2019 diye yan\u0131t vermi\u015fti b\u00fcy\u00fck \u00fcstat.\u201d \u201cSon onalar, \u2018\u00c7izmek, bana ayr\u0131lan boyutu \u00e7izmek&#8230;\u2019 diye de eklemi\u015f.   Evet, \u00e7iziyor \u00e7izebiliyor olmak, ba\u015fl\u0131 ba\u015f\u0131na bir mutluluk. San\u0131r\u0131m sen de bunu hissediyorsun \u00e7izerken. i\u015flerindeki co\u015fku g\u00f6r\u00fcn\u00fcyor. Kitab\u0131n\u0131 \u015fimdiden kutluyorum.\u201d   Sel\u00e7uk Demirel <\/p>\n","protected":false},"excerpt":{"rendered":"<p>\u201cAbidin Dino,ya \u00f6n\u00fcne gelen, \u2018Sen mutlulu\u011fun resmini yapabildin mi Abidin?\u2019 diye sorup duruyordu. Son s\u00f6yle\u015filerinden birinde, \u2018Yapmad\u0131m, yapamam elbet. Fakat resim yapabilmek, \u00e7izebilmek ne b\u00fcy\u00fck mutluluk!\u2019<span class=\"excerpt-hellip\"> [\u2026]<\/span><\/p>\n","protected":false},"featured_media":0,"template":"","meta":{"_monsterinsights_skip_tracking":false,"_monsterinsights_sitenote_active":false,"_monsterinsights_sitenote_note":"","_monsterinsights_sitenote_category":0},"product_brand":[],"product_cat":[12291,49405],"product_tag":[],"class_list":{"0":"post-759691","1":"product","2":"type-product","3":"status-publish","5":"product_cat-edebiyat","6":"product_cat-karikatur","7":"pa_cilt-ciltsiz","8":"pa_tur-kitap","9":"pa_yayinevi-kara-karga-yayinlari","10":"pa_yazar-mumin-durmaz","12":"first","13":"instock","14":"sale","15":"shipping-taxable","16":"purchasable","17":"product-type-simple"},"_links":{"self":[{"href":"https:\/\/roveyayinevi.com.tr\/index.php\/wp-json\/wp\/v2\/product\/759691","targetHints":{"allow":["GET"]}}],"collection":[{"href":"https:\/\/roveyayinevi.com.tr\/index.php\/wp-json\/wp\/v2\/product"}],"about":[{"href":"https:\/\/roveyayinevi.com.tr\/index.php\/wp-json\/wp\/v2\/types\/product"}],"wp:attachment":[{"href":"https:\/\/roveyayinevi.com.tr\/index.php\/wp-json\/wp\/v2\/media?parent=759691"}],"wp:term":[{"taxonomy":"product_brand","embeddable":true,"href":"https:\/\/roveyayinevi.com.tr\/index.php\/wp-json\/wp\/v2\/product_brand?post=759691"},{"taxonomy":"product_cat","embeddable":true,"href":"https:\/\/roveyayinevi.com.tr\/index.php\/wp-json\/wp\/v2\/product_cat?post=759691"},{"taxonomy":"product_tag","embeddable":true,"href":"https:\/\/roveyayinevi.com.tr\/index.php\/wp-json\/wp\/v2\/product_tag?post=759691"}],"curies":[{"name":"wp","href":"https:\/\/api.w.org\/{rel}","templated":true}]}}