{"id":759690,"date":"2025-08-28T08:42:19","date_gmt":"2025-08-28T05:42:19","guid":{"rendered":"https:\/\/roveyayinevi.com.tr\/index.php\/urun\/hayallerin-efendisi-tolkien\/"},"modified":"2026-04-16T03:12:38","modified_gmt":"2026-04-16T00:12:38","slug":"hayallerin-efendisi-tolkien","status":"publish","type":"product","link":"https:\/\/roveyayinevi.com.tr\/index.php\/urun\/hayallerin-efendisi-tolkien\/","title":{"rendered":"Hayallerin Efendisi &#8211; Tolkien"},"content":{"rendered":"<p>\u201cYa\u015fam\u0131n bu kadar k\u0131sa olmamas\u0131n\u0131 dilerdim, dil \u00f6\u011frenmek zaman al\u0131yor.\u201d \u2013 J.R.R. TOLKIEN Tolkien\u2019in d\u00fcnyas\u0131 yuvarlak de\u011fil d\u00fczd\u00fcr ve tam merkezinde yaratt\u0131\u011f\u0131 bir \u201cOrta D\u00fcnya\u201d vard\u0131r. O d\u00fcnyada her bir \u0131rk kendine ait dil, tarih ve mit ta\u015f\u0131r. Tam da bu g\u00fc\u00e7l\u00fc derinli\u011fi sayesinde Tolkien\u2019in eserleri hayal d\u00fcnyas\u0131nda ger\u00e7eklik bulmu\u015ftur. Hayalperest dilbilim profes\u00f6r\u00fc, Oxford S\u00f6zl\u00fc\u011f\u00fc\u2019ne katk\u0131s\u0131 d\u0131\u015f\u0131nda, Y\u00fcz\u00fcklerin Efendisi eserine at\u0131fla ona benzer kitaplar\u0131n tasviri i\u00e7in kullan\u0131lan \u201cTolkienesque\u201d kelimesini de literat\u00fcre kazand\u0131rm\u0131\u015ft\u0131r. Peki bu b\u00fcy\u00fck d\u00e2hi, gelenekselci dindar adam eserlerinde ne anlat\u0131r, yaratt\u0131\u011f\u0131 d\u00fcnya neleri sembolize eder, onca uydurma dili ve leh\u00e7elerini nas\u0131l tasarlam\u0131\u015ft\u0131r? Fantastik d\u00fcnya onun i\u00e7in bir kurgu mudur yoksa ger\u00e7ekli\u011fin sorgusu mudur? Koyu bir Katolik olmas\u0131, her daim kalabal\u0131klar i\u00e7inde olma arzusuna kar\u015f\u0131n i\u00e7inde ta\u015f\u0131d\u0131\u011f\u0131 b\u00fcy\u00fck yaln\u0131zl\u0131k kederi yazarl\u0131k hayat\u0131n\u0131 nas\u0131l etkilemi\u015ftir? Tolkien\u2019in ya\u015fam\u0131na ve eserlerinin yarat\u0131m\u0131na dair bunca sorunun, akl\u0131n\u0131za gelmemi\u015f daha pek \u00e7oklar\u0131n\u0131n yan\u0131t\u0131n\u0131 bu kitapta bulacaks\u0131n\u0131z. <\/p>\n","protected":false},"excerpt":{"rendered":"<p>\u201cYa\u015fam\u0131n bu kadar k\u0131sa olmamas\u0131n\u0131 dilerdim, dil \u00f6\u011frenmek zaman al\u0131yor.\u201d \u2013 J.R.R. TOLKIEN Tolkien\u2019in d\u00fcnyas\u0131 yuvarlak de\u011fil d\u00fczd\u00fcr ve tam merkezinde yaratt\u0131\u011f\u0131 bir \u201cOrta D\u00fcnya\u201d vard\u0131r.<span class=\"excerpt-hellip\"> [\u2026]<\/span><\/p>\n","protected":false},"featured_media":0,"template":"","meta":{"_monsterinsights_skip_tracking":false,"_monsterinsights_sitenote_active":false,"_monsterinsights_sitenote_note":"","_monsterinsights_sitenote_category":0},"product_brand":[],"product_cat":[14009,12291],"product_tag":[],"class_list":{"0":"post-759690","1":"product","2":"type-product","3":"status-publish","5":"product_cat-biyografi-otobiyografi-edebiyat","6":"product_cat-edebiyat","7":"pa_cilt-ciltsiz","8":"pa_tur-kitap","9":"pa_yayinevi-destek-yayinlari","10":"pa_yazar-melissa-mey","12":"first","13":"instock","14":"sale","15":"shipping-taxable","16":"purchasable","17":"product-type-simple"},"_links":{"self":[{"href":"https:\/\/roveyayinevi.com.tr\/index.php\/wp-json\/wp\/v2\/product\/759690","targetHints":{"allow":["GET"]}}],"collection":[{"href":"https:\/\/roveyayinevi.com.tr\/index.php\/wp-json\/wp\/v2\/product"}],"about":[{"href":"https:\/\/roveyayinevi.com.tr\/index.php\/wp-json\/wp\/v2\/types\/product"}],"wp:attachment":[{"href":"https:\/\/roveyayinevi.com.tr\/index.php\/wp-json\/wp\/v2\/media?parent=759690"}],"wp:term":[{"taxonomy":"product_brand","embeddable":true,"href":"https:\/\/roveyayinevi.com.tr\/index.php\/wp-json\/wp\/v2\/product_brand?post=759690"},{"taxonomy":"product_cat","embeddable":true,"href":"https:\/\/roveyayinevi.com.tr\/index.php\/wp-json\/wp\/v2\/product_cat?post=759690"},{"taxonomy":"product_tag","embeddable":true,"href":"https:\/\/roveyayinevi.com.tr\/index.php\/wp-json\/wp\/v2\/product_tag?post=759690"}],"curies":[{"name":"wp","href":"https:\/\/api.w.org\/{rel}","templated":true}]}}