{"id":759687,"date":"2025-08-28T08:42:13","date_gmt":"2025-08-28T05:42:13","guid":{"rendered":"https:\/\/roveyayinevi.com.tr\/index.php\/urun\/kimsesizligin-acisi\/"},"modified":"2026-04-16T03:12:38","modified_gmt":"2026-04-16T00:12:38","slug":"kimsesizligin-acisi","status":"publish","type":"product","link":"https:\/\/roveyayinevi.com.tr\/index.php\/urun\/kimsesizligin-acisi\/","title":{"rendered":"Kimsesizli\u011fin Ac\u0131s\u0131"},"content":{"rendered":"<p>Bir \u00e7ocu\u011fun y\u00fcre\u011finden d\u00f6k\u00fclen c\u00fcmlelerle mucizelere \u015fahit olmaya ne dersiniz? Mucizeler sizleri bazen heyecanland\u0131racak, bazen g\u00fcld\u00fcrecek ve \u00e7ok\u00e7a h\u00fcz\u00fcnlendirecek. Her insan kendi mucizesini olu\u015fturur d\u00fc\u015f\u00fcncesiyle, Asya D. ve Can Suyu hayat hikayelerini ya\u015fan\u0131lan ac\u0131lar ve fedak\u00e2rl\u0131klarla kelimelere d\u00f6k\u00fcyorlar. Daha do\u011fmadan ba\u015flam\u0131\u015ft\u0131 ac\u0131lar, anne karn\u0131ndan hastane koridorlar\u0131na uzanan ve dahas\u0131&#8230;   Kimsesizlik mi daha ac\u0131yd\u0131? Hasta iken \u00e7ekilen ac\u0131 m\u0131? Soyad\u0131n\u0131n bile olmamas\u0131 m\u0131? Baban\u0131n seni terk etmesi mi?   Hangisinin daha ac\u0131 oldu\u011fu tart\u0131\u015f\u0131la dursun&#8230; \u0130lahi adaletin tecellisi i\u015flemeye ba\u015flam\u0131\u015f, mucizeler bir bir gelmeye devam etmi\u015fti. \u0130\u015fte tamda bu anda y\u00fcrekten d\u00f6k\u00fclen kelimeler \u201cKimsesizli\u011fin Ac\u0131s\u0131\u201d kitab\u0131n\u0131 olu\u015fturuvermi\u015fti&#8230;   Sahi bu arada! \u201cHer baba ger\u00e7ekten baba olabilir miydi\u201d? <\/p>\n","protected":false},"excerpt":{"rendered":"<p>Bir \u00e7ocu\u011fun y\u00fcre\u011finden d\u00f6k\u00fclen c\u00fcmlelerle mucizelere \u015fahit olmaya ne dersiniz? Mucizeler sizleri bazen heyecanland\u0131racak, bazen g\u00fcld\u00fcrecek ve \u00e7ok\u00e7a h\u00fcz\u00fcnlendirecek. Her insan kendi mucizesini olu\u015fturur d\u00fc\u015f\u00fcncesiyle, Asya<span class=\"excerpt-hellip\"> [\u2026]<\/span><\/p>\n","protected":false},"featured_media":0,"template":"","meta":{"_monsterinsights_skip_tracking":false,"_monsterinsights_sitenote_active":false,"_monsterinsights_sitenote_note":"","_monsterinsights_sitenote_category":0},"product_brand":[],"product_cat":[14009,12291],"product_tag":[],"class_list":{"0":"post-759687","1":"product","2":"type-product","3":"status-publish","5":"product_cat-biyografi-otobiyografi-edebiyat","6":"product_cat-edebiyat","7":"pa_cilt-ciltsiz","8":"pa_tur-kitap","9":"pa_yayinevi-zet-yayinlari","10":"pa_yazar-asya-d","12":"first","13":"instock","14":"sale","15":"shipping-taxable","16":"purchasable","17":"product-type-simple"},"_links":{"self":[{"href":"https:\/\/roveyayinevi.com.tr\/index.php\/wp-json\/wp\/v2\/product\/759687","targetHints":{"allow":["GET"]}}],"collection":[{"href":"https:\/\/roveyayinevi.com.tr\/index.php\/wp-json\/wp\/v2\/product"}],"about":[{"href":"https:\/\/roveyayinevi.com.tr\/index.php\/wp-json\/wp\/v2\/types\/product"}],"wp:attachment":[{"href":"https:\/\/roveyayinevi.com.tr\/index.php\/wp-json\/wp\/v2\/media?parent=759687"}],"wp:term":[{"taxonomy":"product_brand","embeddable":true,"href":"https:\/\/roveyayinevi.com.tr\/index.php\/wp-json\/wp\/v2\/product_brand?post=759687"},{"taxonomy":"product_cat","embeddable":true,"href":"https:\/\/roveyayinevi.com.tr\/index.php\/wp-json\/wp\/v2\/product_cat?post=759687"},{"taxonomy":"product_tag","embeddable":true,"href":"https:\/\/roveyayinevi.com.tr\/index.php\/wp-json\/wp\/v2\/product_tag?post=759687"}],"curies":[{"name":"wp","href":"https:\/\/api.w.org\/{rel}","templated":true}]}}