{"id":759685,"date":"2025-08-28T08:42:11","date_gmt":"2025-08-28T05:42:11","guid":{"rendered":"https:\/\/roveyayinevi.com.tr\/index.php\/urun\/anka-ciltli\/"},"modified":"2026-04-16T03:12:38","modified_gmt":"2026-04-16T00:12:38","slug":"anka-ciltli","status":"publish","type":"product","link":"https:\/\/roveyayinevi.com.tr\/index.php\/urun\/anka-ciltli\/","title":{"rendered":"Anka (Ciltli)"},"content":{"rendered":"<p>Food Online Aydan dergisi ekibi olarak yapt\u0131\u011f\u0131m\u0131z en iyi \u015fey san\u0131r\u0131m arkam\u0131zda estetik ve bir o kadar da ger\u00e7ek\u00e7i tabaklar b\u0131rakmak. Yemek hik\u00e2yesinde bizleri birle\u015ftiren tam olarak estetik bak\u0131\u015f a\u00e7\u0131lar\u0131m\u0131z.6 \u015eubat&#8230; 7,8\u2019lik depremin vurdu\u011fu iller g\u00f6\u00e7\u00fck alt\u0131nda kal\u0131rken hepimizin ruhu da o ta\u015f y\u0131\u011f\u0131nlar\u0131n\u0131n alt\u0131nda kald\u0131. 6 \u015eubat 2023 sabah\u0131 her \u015fey de\u011fi\u015fti.Depremin vurdu\u011fu 10 ilimizin tatlar\u0131, k\u00f6kleri derinlere uzanan yemek hik\u00e2yeleri, b\u00f6lgenin tar\u0131msal \u00fcretiminin T\u00fcrkiye ekonomisine katk\u0131lar\u0131, etkileri \u00fczerine bir kitap projelendirme fikriyle ba\u015flad\u0131\u011f\u0131m\u0131z ara\u015ft\u0131rmalar bizi bamba\u015fka yerlere g\u00f6t\u00fcrd\u00fc.Birbirinden ilgin\u00e7 ve birbirinden de\u011ferli sonu\u00e7lar elde etti\u011fimiz bu ara\u015ft\u0131rmalar s\u0131ras\u0131nda \u00f6nemli bir ayr\u0131nt\u0131da tak\u0131l\u0131p kald\u0131k. Zira deneyim ve hik\u00e2yelere sahip yemeklerin birbirinden farkl\u0131 pek \u00e7ok versiyonuyla kar\u015f\u0131la\u015ft\u0131k.En do\u011fruyu bulmak, o zengin ve derin yemek k\u00fclt\u00fcr\u00fcn\u00fc sonsuza dek ya\u015fatmak ad\u0131na b\u00f6lgenin uzman \u015fefleriyle elinizdeki kitab\u0131 haz\u0131rlad\u0131k.10 ilimizin ac\u0131 tatl\u0131 yemek zevkinden s\u00fcz\u00fcl\u00fcp gelen tarifleri size ula\u015ft\u0131rmam\u0131z\u0131 sa\u011flayan pek \u00e7ok isme buradan en derin te\u015fekk\u00fcrlerimizle.Keyifli sofralarda, lezzetini ala ala, huzurla..<\/p>\n","protected":false},"excerpt":{"rendered":"<p>Food Online Aydan dergisi ekibi olarak yapt\u0131\u011f\u0131m\u0131z en iyi \u015fey san\u0131r\u0131m arkam\u0131zda estetik ve bir o kadar da ger\u00e7ek\u00e7i tabaklar b\u0131rakmak. Yemek hik\u00e2yesinde bizleri birle\u015ftiren tam<span class=\"excerpt-hellip\"> [\u2026]<\/span><\/p>\n","protected":false},"featured_media":0,"template":"","meta":{"_monsterinsights_skip_tracking":false,"_monsterinsights_sitenote_active":false,"_monsterinsights_sitenote_note":"","_monsterinsights_sitenote_category":0},"product_brand":[],"product_cat":[12458,12457],"product_tag":[],"class_list":{"0":"post-759685","1":"product","2":"type-product","3":"status-publish","5":"product_cat-turk-mutfagi","6":"product_cat-yemek-kitaplari","7":"pa_cilt-ciltli","8":"pa_tur-kitap","9":"pa_yayinevi-altin-kitaplar","10":"pa_yazar-aydan-ustkanat","12":"first","13":"instock","14":"sale","15":"shipping-taxable","16":"purchasable","17":"product-type-simple"},"_links":{"self":[{"href":"https:\/\/roveyayinevi.com.tr\/index.php\/wp-json\/wp\/v2\/product\/759685","targetHints":{"allow":["GET"]}}],"collection":[{"href":"https:\/\/roveyayinevi.com.tr\/index.php\/wp-json\/wp\/v2\/product"}],"about":[{"href":"https:\/\/roveyayinevi.com.tr\/index.php\/wp-json\/wp\/v2\/types\/product"}],"wp:attachment":[{"href":"https:\/\/roveyayinevi.com.tr\/index.php\/wp-json\/wp\/v2\/media?parent=759685"}],"wp:term":[{"taxonomy":"product_brand","embeddable":true,"href":"https:\/\/roveyayinevi.com.tr\/index.php\/wp-json\/wp\/v2\/product_brand?post=759685"},{"taxonomy":"product_cat","embeddable":true,"href":"https:\/\/roveyayinevi.com.tr\/index.php\/wp-json\/wp\/v2\/product_cat?post=759685"},{"taxonomy":"product_tag","embeddable":true,"href":"https:\/\/roveyayinevi.com.tr\/index.php\/wp-json\/wp\/v2\/product_tag?post=759685"}],"curies":[{"name":"wp","href":"https:\/\/api.w.org\/{rel}","templated":true}]}}