{"id":759672,"date":"2025-08-28T08:41:50","date_gmt":"2025-08-28T05:41:50","guid":{"rendered":"https:\/\/roveyayinevi.com.tr\/index.php\/urun\/borsada-iki-milyon-dolari-nasil-kazandim\/"},"modified":"2026-04-16T03:12:38","modified_gmt":"2026-04-16T00:12:38","slug":"borsada-iki-milyon-dolari-nasil-kazandim","status":"publish","type":"product","link":"https:\/\/roveyayinevi.com.tr\/index.php\/urun\/borsada-iki-milyon-dolari-nasil-kazandim\/","title":{"rendered":"Borsada \u0130ki Milyon Dolar\u0131 Nas\u0131l Kazand\u0131m?"},"content":{"rendered":"<p>D\u00fcnyaca \u00fcnl\u00fc dans\u00e7\u0131 Nicolas Darvas, dans etti\u011fi bir gece kul\u00fcb\u00fc para yerine hisse senedi vermeyi \u00f6nerince kendisini borsa piyasas\u0131n\u0131n i\u00e7inde bulur. Nihayetinde, dans etmedeki sezgi ve g\u00f6zlem yetene\u011fini borsaya ta\u015f\u0131yarak milyonlarca dolar kazan\u0131r. Peki, t\u00fcm zamanlar\u0131n en \u00e7ok konu\u015fulan yat\u0131r\u0131mc\u0131lar\u0131ndan biri olanDarvas, k\u0131sa s\u00fcre i\u00e7erisinde bu kadar kazanc\u0131 nas\u0131l elde etti? Dans\u00e7\u0131 olarak bo\u015f zamanlar\u0131nda, piyasa ve b\u00fcy\u00fck spek\u00fclat\u00f6rler hakk\u0131nda y\u00fczlerce kitap okudu ve g\u00fcnde yakla\u015f\u0131k sekiz saat borsa \u00fczerine \u00e7al\u0131\u015ft\u0131. Darvas, t\u00fcm paras\u0131n\u0131 birka\u00e7 hisse senedine yat\u0131rd\u0131. Otuz dokuz ya\u015f\u0131nda b\u00fcy\u00fck bir servet elde ettikten sonra tekniklerini Borsada \u0130ki Milyon Dolar\u0131 Nas\u0131l Kazand\u0131m? Kitab\u0131yla okuyucuya aktar\u0131yor. Borsa d\u00fcnyas\u0131 i\u00e7in paha bi\u00e7ilemez bir referans olan bu kitapta, Darvas\u2019\u0131n \u201cKutu Teorisi\u201d de detaylar\u0131yla anlat\u0131l\u0131yor. Bir yat\u0131r\u0131m klasi\u011fi olarak kabul edilen Borsada \u0130ki Milyon Dolar\u0131 Nas\u0131l Kazand\u0131m?, belgesel niteli\u011findeki anlat\u0131m diliyle okuyucuya de\u011fi\u015fken piyasa ko\u015fullar\u0131nda kazan\u00e7 sa\u011flaman\u0131n yollar\u0131n\u0131 sunuyor.<\/p>\n","protected":false},"excerpt":{"rendered":"<p>D\u00fcnyaca \u00fcnl\u00fc dans\u00e7\u0131 Nicolas Darvas, dans etti\u011fi bir gece kul\u00fcb\u00fc para yerine hisse senedi vermeyi \u00f6nerince kendisini borsa piyasas\u0131n\u0131n i\u00e7inde bulur. Nihayetinde, dans etmedeki sezgi ve<span class=\"excerpt-hellip\"> [\u2026]<\/span><\/p>\n","protected":false},"featured_media":0,"template":"","meta":{"_monsterinsights_skip_tracking":false,"_monsterinsights_sitenote_active":false,"_monsterinsights_sitenote_note":"","_monsterinsights_sitenote_category":0},"product_brand":[],"product_cat":[20333,13043],"product_tag":[],"class_list":{"0":"post-759672","1":"product","2":"type-product","3":"status-publish","5":"product_cat-diger-ekonomi","6":"product_cat-ekonomi","7":"pa_cilt-ciltsiz","8":"pa_tur-kitap","9":"pa_yayinevi-epsilon-yayinlari","10":"pa_yazar-nicolas-darvas","12":"first","13":"instock","14":"sale","15":"shipping-taxable","16":"purchasable","17":"product-type-simple"},"_links":{"self":[{"href":"https:\/\/roveyayinevi.com.tr\/index.php\/wp-json\/wp\/v2\/product\/759672","targetHints":{"allow":["GET"]}}],"collection":[{"href":"https:\/\/roveyayinevi.com.tr\/index.php\/wp-json\/wp\/v2\/product"}],"about":[{"href":"https:\/\/roveyayinevi.com.tr\/index.php\/wp-json\/wp\/v2\/types\/product"}],"wp:attachment":[{"href":"https:\/\/roveyayinevi.com.tr\/index.php\/wp-json\/wp\/v2\/media?parent=759672"}],"wp:term":[{"taxonomy":"product_brand","embeddable":true,"href":"https:\/\/roveyayinevi.com.tr\/index.php\/wp-json\/wp\/v2\/product_brand?post=759672"},{"taxonomy":"product_cat","embeddable":true,"href":"https:\/\/roveyayinevi.com.tr\/index.php\/wp-json\/wp\/v2\/product_cat?post=759672"},{"taxonomy":"product_tag","embeddable":true,"href":"https:\/\/roveyayinevi.com.tr\/index.php\/wp-json\/wp\/v2\/product_tag?post=759672"}],"curies":[{"name":"wp","href":"https:\/\/api.w.org\/{rel}","templated":true}]}}