{"id":759671,"date":"2025-08-28T08:41:49","date_gmt":"2025-08-28T05:41:49","guid":{"rendered":"https:\/\/roveyayinevi.com.tr\/index.php\/urun\/labirentin-disinda\/"},"modified":"2026-04-12T03:16:28","modified_gmt":"2026-04-12T00:16:28","slug":"labirentin-disinda","status":"publish","type":"product","link":"https:\/\/roveyayinevi.com.tr\/index.php\/urun\/labirentin-disinda\/","title":{"rendered":"Labirentin D\u0131s\u0327\u0131nda"},"content":{"rendered":"<p>\u201cYa o karanl\u0131k k\u00f6\u015feler asl\u0131nda karanl\u0131k de\u011filse?\u201d dedi.\u201cNas\u0131l karanl\u0131k olmayabilirler?\u201d dedi Hem. \u201cSonu\u00e7ta \u00f6yle olduklar\u0131 i\u00e7in onlara karanl\u0131k k\u00f6\u015feler deniyor!\u201dUmut uzan\u0131p duvar \u015famdan\u0131ndan kal\u0131n bir mum ald\u0131.\u201cE\u011fer biz mum g\u00f6t\u00fcr\u00fcrsek art\u0131k karanl\u0131k olmazlar.\u201d Hepimiz zaman zaman beklenmedik ve istenmeyen de\u011fi\u015fimlerle kar\u015f\u0131 kar\u015f\u0131ya kal\u0131yoruz. Peki ya b\u00f6yle zamanlarda neler yapabilece\u011fimizi biliyor muyuz? Spencer Johnson, inan\u00e7lar\u0131m\u0131z\u0131 de\u011fi\u015ftirerek bug\u00fcne uyumlanman\u0131n ba\u015far\u0131y\u0131 da beraberinde getirece\u011fini s\u00f6yl\u00fcyor. \u0130ster \u00f6zg\u00fcveni y\u00fcksek ister \u00f6zg\u00fcvensiz, ister a\u00e7\u0131k fikirli ister konfor alan\u0131n\u0131 terk etmekten korkan biri olal\u0131m\u2026 \u0130nan\u00e7lar\u0131m\u0131z\u0131 de\u011fi\u015fime uyarlamak her ne kadar zor olsa da ba\u015far\u0131y\u0131 beraberinde getiren bu uyumlanman\u0131n ta kendisidir! Bir rehber g\u00f6revi \u00fcstlenen Labirentin D\u0131\u015f\u0131nda, daha derinlere inerek inan\u00e7lar\u0131m\u0131z\u0131 bug\u00fcne uyarlaman\u0131n ve b\u00f6ylece hayatta \u00e7ok daha ba\u015far\u0131l\u0131 olman\u0131n yollar\u0131n\u0131 sunuyor.<\/p>\n","protected":false},"excerpt":{"rendered":"<p>\u201cYa o karanl\u0131k k\u00f6\u015feler asl\u0131nda karanl\u0131k de\u011filse?\u201d dedi.\u201cNas\u0131l karanl\u0131k olmayabilirler?\u201d dedi Hem. \u201cSonu\u00e7ta \u00f6yle olduklar\u0131 i\u00e7in onlara karanl\u0131k k\u00f6\u015feler deniyor!\u201dUmut uzan\u0131p duvar \u015famdan\u0131ndan kal\u0131n bir mum<span class=\"excerpt-hellip\"> [\u2026]<\/span><\/p>\n","protected":false},"featured_media":0,"template":"","meta":{"_monsterinsights_skip_tracking":false,"_monsterinsights_sitenote_active":false,"_monsterinsights_sitenote_note":"","_monsterinsights_sitenote_category":0},"product_brand":[],"product_cat":[12364,12376],"product_tag":[],"class_list":{"0":"post-759671","1":"product","2":"type-product","3":"status-publish","5":"product_cat-genel-konular","6":"product_cat-kisisel-gelisim","7":"pa_cilt-ciltsiz","8":"pa_tur-kitap","9":"pa_yayinevi-epsilon-yayinlari","10":"pa_yazar-spencer-johnson","12":"first","13":"instock","14":"sale","15":"shipping-taxable","16":"purchasable","17":"product-type-simple"},"_links":{"self":[{"href":"https:\/\/roveyayinevi.com.tr\/index.php\/wp-json\/wp\/v2\/product\/759671","targetHints":{"allow":["GET"]}}],"collection":[{"href":"https:\/\/roveyayinevi.com.tr\/index.php\/wp-json\/wp\/v2\/product"}],"about":[{"href":"https:\/\/roveyayinevi.com.tr\/index.php\/wp-json\/wp\/v2\/types\/product"}],"wp:attachment":[{"href":"https:\/\/roveyayinevi.com.tr\/index.php\/wp-json\/wp\/v2\/media?parent=759671"}],"wp:term":[{"taxonomy":"product_brand","embeddable":true,"href":"https:\/\/roveyayinevi.com.tr\/index.php\/wp-json\/wp\/v2\/product_brand?post=759671"},{"taxonomy":"product_cat","embeddable":true,"href":"https:\/\/roveyayinevi.com.tr\/index.php\/wp-json\/wp\/v2\/product_cat?post=759671"},{"taxonomy":"product_tag","embeddable":true,"href":"https:\/\/roveyayinevi.com.tr\/index.php\/wp-json\/wp\/v2\/product_tag?post=759671"}],"curies":[{"name":"wp","href":"https:\/\/api.w.org\/{rel}","templated":true}]}}