{"id":759669,"date":"2025-08-28T08:41:46","date_gmt":"2025-08-28T05:41:46","guid":{"rendered":"https:\/\/roveyayinevi.com.tr\/index.php\/urun\/insaniz-ayibi-yok\/"},"modified":"2026-04-08T03:21:12","modified_gmt":"2026-04-08T00:21:12","slug":"insaniz-ayibi-yok","status":"publish","type":"product","link":"https:\/\/roveyayinevi.com.tr\/index.php\/urun\/insaniz-ayibi-yok\/","title":{"rendered":"\u0130nsan\u0131z Ay\u0131b\u0131 Yok"},"content":{"rendered":"<p>Hepimiz hata yap\u0131yoruz, her birimizin eksikleri var, zaman zaman hepimiz kayboluyoruz. Ancak insan olmak, ya\u015famak bu demek de\u011fil mi? B\u0131rak art\u0131k kendini su\u00e7lamay\u0131, ge\u00e7mi\u015fi kurcalamay\u0131, bug\u00fcne duvarlar \u00f6rmeyi ve cesaretle a\u00e7 y\u00fcre\u011fini. Sen zaten oldu\u011fu gibi de\u011ferli olan, y\u00fcre\u011findekileri ya\u015famay\u0131 hak edensin. Kimse kimseyi aldatmaz, insan sadece kendini aldat\u0131r. Yalan\u0131 en kolay kendine s\u00f6yler, inan\u0131r kendi yalan\u0131na. Ard\u0131ndan ruhu par\u00e7alan\u0131r. Huzursuz anlar, mutlu olamama sanc\u0131s\u0131, \u00f6zg\u00fcrl\u00fck aray\u0131\u015f\u0131&#8230; Hayallerine giden yol, her \u015feyden \u00f6nce kendinle bar\u0131\u015farak, aya\u011fa kalkmanla ba\u015flayacak. Ne yaparsam yapay\u0131m yarg\u0131land\u0131m, kimseyi memnun edemedim. A\u015fk ve mutlulukla dolu, huzurlu, ba\u015far\u0131l\u0131, daha iyi bir ya\u015fam masal\u0131ndan k\u00e2buslarla uyand\u0131r\u0131ld\u0131m. Bana g\u00f6sterilen d\u00fcnyan\u0131n, ya\u015fad\u0131\u011f\u0131m korkular\u0131n ger\u00e7ek olmad\u0131\u011f\u0131n\u0131 anlad\u0131\u011f\u0131m g\u00fcn bu geceye haz\u0131rland\u0131m. Kendi filmimin son perdesinde k\u00e2\u011f\u0131ttan evleri y\u0131kmaya, kafeslerin kap\u0131lar\u0131n\u0131 a\u00e7maya, korkunun yerine sevgiyi, g\u00f6zya\u015f\u0131n\u0131n yerine tebess\u00fcm\u00fc, sahtelerin yerine ger\u00e7ekleri koymaya geldim. Yaln\u0131z olmad\u0131\u011f\u0131m\u0131 biliyorum. Sana inand\u0131\u011f\u0131m, sana g\u00fcvendi\u011fim i\u00e7in c\u00fcmlelerimi sana emanet ediyorum. Sessizlik seni yan\u0131ltmas\u0131n. Ayn\u0131 g\u00f6ky\u00fcz\u00fcn\u00fcn alt\u0131nda farkl\u0131 yerlerde birlikte nefes al\u0131yoruz. \u00c7o\u011funlu\u011fun sesi y\u00fckseldi\u011finde ne demek istedi\u011fimi anlayacaks\u0131n. <\/p>\n","protected":false},"excerpt":{"rendered":"<p>Hepimiz hata yap\u0131yoruz, her birimizin eksikleri var, zaman zaman hepimiz kayboluyoruz. Ancak insan olmak, ya\u015famak bu demek de\u011fil mi? B\u0131rak art\u0131k kendini su\u00e7lamay\u0131, ge\u00e7mi\u015fi kurcalamay\u0131, bug\u00fcne<span class=\"excerpt-hellip\"> [\u2026]<\/span><\/p>\n","protected":false},"featured_media":0,"template":"","meta":{"_monsterinsights_skip_tracking":false,"_monsterinsights_sitenote_active":false,"_monsterinsights_sitenote_note":"","_monsterinsights_sitenote_category":0},"product_brand":[],"product_cat":[12364,12376],"product_tag":[],"class_list":{"0":"post-759669","1":"product","2":"type-product","3":"status-publish","5":"product_cat-genel-konular","6":"product_cat-kisisel-gelisim","7":"pa_cilt-ciltsiz","8":"pa_tur-kitap","9":"pa_yayinevi-ucuncu-goz","10":"pa_yazar-aret-vartanyan","12":"first","13":"instock","14":"sale","15":"shipping-taxable","16":"purchasable","17":"product-type-simple"},"_links":{"self":[{"href":"https:\/\/roveyayinevi.com.tr\/index.php\/wp-json\/wp\/v2\/product\/759669","targetHints":{"allow":["GET"]}}],"collection":[{"href":"https:\/\/roveyayinevi.com.tr\/index.php\/wp-json\/wp\/v2\/product"}],"about":[{"href":"https:\/\/roveyayinevi.com.tr\/index.php\/wp-json\/wp\/v2\/types\/product"}],"wp:attachment":[{"href":"https:\/\/roveyayinevi.com.tr\/index.php\/wp-json\/wp\/v2\/media?parent=759669"}],"wp:term":[{"taxonomy":"product_brand","embeddable":true,"href":"https:\/\/roveyayinevi.com.tr\/index.php\/wp-json\/wp\/v2\/product_brand?post=759669"},{"taxonomy":"product_cat","embeddable":true,"href":"https:\/\/roveyayinevi.com.tr\/index.php\/wp-json\/wp\/v2\/product_cat?post=759669"},{"taxonomy":"product_tag","embeddable":true,"href":"https:\/\/roveyayinevi.com.tr\/index.php\/wp-json\/wp\/v2\/product_tag?post=759669"}],"curies":[{"name":"wp","href":"https:\/\/api.w.org\/{rel}","templated":true}]}}