{"id":759667,"date":"2025-08-28T08:41:43","date_gmt":"2025-08-28T05:41:43","guid":{"rendered":"https:\/\/roveyayinevi.com.tr\/index.php\/urun\/gercekten-yasiyor-musun\/"},"modified":"2026-04-05T03:15:04","modified_gmt":"2026-04-05T00:15:04","slug":"gercekten-yasiyor-musun","status":"publish","type":"product","link":"https:\/\/roveyayinevi.com.tr\/index.php\/urun\/gercekten-yasiyor-musun\/","title":{"rendered":"Ger\u00e7ekten Ya\u015f\u0131yor Musun?"},"content":{"rendered":"<p>Sana kar\u015f\u0131 d\u00fcr\u00fcst olaca\u011f\u0131m. Bug\u00fcne kadar herkes sana bir \u015feyler anlatmaya \u00e7al\u0131\u015ft\u0131. Ailen, \u00f6\u011fretmenlerin, toplum, gazeteler, kitaplar&#8230; Sana nas\u0131l ya\u015faman gerekti\u011fini anlatt\u0131lar, ne yapman gerekti\u011fini ve kim oldu\u011funu. Sen fazla bir \u015fey istemedin asl\u0131nda&#8230; Mutlu, ba\u015far\u0131l\u0131 olmak, sevmek, sevilmek, hayallerini ya\u015famak, kendini de\u011ferli hissetmek&#8230; Ya\u015fad\u0131klar\u0131nla, zamanla, ruhun, zihnin kar\u0131\u015ft\u0131. Art\u0131k sana anlat\u0131lanlara da ruhun doydu. Ben de \u00e7ok s\u0131k\u0131ld\u0131m. Mutluluk i\u00e7in, ba\u015far\u0131 i\u00e7in, kendim olmak i\u00e7in bana s\u00fcrekli vaatlerde bulunan kitaplardan, seminerlerden, kurallardan, \u00f6\u011fretilerden&#8230; Y\u0131llarca yol ald\u0131m, oradan oraya s\u00fcr\u00fcklendim&#8230; Sonunda c\u00fcmleleri toplad\u0131m. Ve elinde tuttu\u011fun sayfalara ta\u015f\u0131d\u0131m. \u0130nsanlara kar\u0131\u015ft\u0131m, g\u00f6zlerine bakt\u0131m, y\u00fcreklerinde yer buldum. Sorum ayn\u0131yd\u0131, \u201cGer\u00e7ekten ya\u015f\u0131yor musun? Yoksa sadece nefes mi al\u0131yorsun?\u201d Her c\u00fcmlesi dam\u0131t\u0131larak yaz\u0131lm\u0131\u015f, deneyimle ve ger\u00e7ek hayatla boyanm\u0131\u015f ger\u00e7e\u011fimi payla\u015f\u0131yorum. Kli\u015felerden, basmakal\u0131p s\u00f6zc\u00fcklerden uzak y\u00fcre\u011fimi ve d\u00fcnyam\u0131 ard\u0131na kadar sana a\u00e7\u0131yorum. G\u00fcnahlar\u0131nla, sevaplar\u0131nla, eksilerin ve art\u0131lar\u0131nla, karanl\u0131k noktalar\u0131nla, yaralar\u0131nla sen, sensin&#8230; T\u00fcm kap\u0131lar\u0131n\u0131 a\u00e7acak, seni ger\u00e7ekten ya\u015famaya g\u00f6t\u00fcrecek bir tane ger\u00e7ek var. Elinde tuttu\u011fun sayfalar, onu sana g\u00f6stermeye geldi. Kitaplar\u0131 ve Ya\u015fam At\u00f6lyesi ile y\u00fcz binlerce insana ula\u015fan Aret Vartanyan, Ger\u00e7ekten Ya\u015f\u0131yor musun?\u2019da kendimiz olabildi\u011fimiz, hayallerimizi ya\u015fad\u0131\u011f\u0131m\u0131z ve son nefeste \u201c\u0130yi ki ya\u015fad\u0131m!\u201d diyece\u011fimiz bir ya\u015fam\u0131n s\u0131rlar\u0131n\u0131 payla\u015f\u0131yor. <\/p>\n","protected":false},"excerpt":{"rendered":"<p>Sana kar\u015f\u0131 d\u00fcr\u00fcst olaca\u011f\u0131m. Bug\u00fcne kadar herkes sana bir \u015feyler anlatmaya \u00e7al\u0131\u015ft\u0131. Ailen, \u00f6\u011fretmenlerin, toplum, gazeteler, kitaplar&#8230; Sana nas\u0131l ya\u015faman gerekti\u011fini anlatt\u0131lar, ne yapman gerekti\u011fini ve<span class=\"excerpt-hellip\"> [\u2026]<\/span><\/p>\n","protected":false},"featured_media":0,"template":"","meta":{"_monsterinsights_skip_tracking":false,"_monsterinsights_sitenote_active":false,"_monsterinsights_sitenote_note":"","_monsterinsights_sitenote_category":0},"product_brand":[],"product_cat":[12364,12376],"product_tag":[],"class_list":{"0":"post-759667","1":"product","2":"type-product","3":"status-publish","5":"product_cat-genel-konular","6":"product_cat-kisisel-gelisim","7":"pa_cilt-ciltsiz","8":"pa_tur-kitap","9":"pa_yayinevi-ucuncu-goz","10":"pa_yazar-aret-vartanyan","12":"first","13":"instock","14":"sale","15":"shipping-taxable","16":"purchasable","17":"product-type-simple"},"_links":{"self":[{"href":"https:\/\/roveyayinevi.com.tr\/index.php\/wp-json\/wp\/v2\/product\/759667","targetHints":{"allow":["GET"]}}],"collection":[{"href":"https:\/\/roveyayinevi.com.tr\/index.php\/wp-json\/wp\/v2\/product"}],"about":[{"href":"https:\/\/roveyayinevi.com.tr\/index.php\/wp-json\/wp\/v2\/types\/product"}],"wp:attachment":[{"href":"https:\/\/roveyayinevi.com.tr\/index.php\/wp-json\/wp\/v2\/media?parent=759667"}],"wp:term":[{"taxonomy":"product_brand","embeddable":true,"href":"https:\/\/roveyayinevi.com.tr\/index.php\/wp-json\/wp\/v2\/product_brand?post=759667"},{"taxonomy":"product_cat","embeddable":true,"href":"https:\/\/roveyayinevi.com.tr\/index.php\/wp-json\/wp\/v2\/product_cat?post=759667"},{"taxonomy":"product_tag","embeddable":true,"href":"https:\/\/roveyayinevi.com.tr\/index.php\/wp-json\/wp\/v2\/product_tag?post=759667"}],"curies":[{"name":"wp","href":"https:\/\/api.w.org\/{rel}","templated":true}]}}