{"id":759662,"date":"2025-08-28T08:41:35","date_gmt":"2025-08-28T05:41:35","guid":{"rendered":"https:\/\/roveyayinevi.com.tr\/index.php\/urun\/oynadim-oynattim-oynatalim-erman-toroglu-kitabi-2\/"},"modified":"2026-04-16T03:12:37","modified_gmt":"2026-04-16T00:12:37","slug":"oynadim-oynattim-oynatalim-erman-toroglu-kitabi-2","status":"publish","type":"product","link":"https:\/\/roveyayinevi.com.tr\/index.php\/urun\/oynadim-oynattim-oynatalim-erman-toroglu-kitabi-2\/","title":{"rendered":"Oynad\u0131m, Oynatt\u0131m, Oynatal\u0131m Erman Toro\u011flu Kitab\u0131"},"content":{"rendered":"<p>\u201cElinizdeki bu kitab\u0131 yazmaya mecburdum. \u00c7\u00fcnk\u00fc y\u0131llarca spor hayat\u0131m, yani futbolculu\u011fum, sonra hakemli\u011fim, sonra kabz\u0131mall\u0131\u011f\u0131m ve sonra gazete ve televizyon hayat\u0131mdaki ya\u015fad\u0131\u011f\u0131m olaylardan dolay\u0131 yaz\u0131l\u0131, g\u00f6rsel ve sosyal medyada \u00e7ok yorumlar yap\u0131ld\u0131. Do\u011fru olanlar vard\u0131, hatal\u0131 olanlar vard\u0131. Baz\u0131lar\u0131na yorumculuk yapt\u0131\u011f\u0131m televizyonlarda, baz\u0131lar\u0131na da yazd\u0131\u011f\u0131m gazetelerde cevap vermeye \u00e7al\u0131\u015f\u0131yordum. Ama biliyordum ki hepsi kopuk kopuktu. Televizyonlar\u0131 seyretmeyenler, gazeteleri okumayanlar var. Ben bunlar\u0131n hepsini kafamda birle\u015ftirip kendimi tatmin ediyordum ama kamuoyunun b\u00fct\u00fcn bunlar\u0131 toplay\u0131p da ke\u015ffetmeye ne zaman\u0131 ne de b\u00f6yle bir hakk\u0131 vard\u0131. Onun i\u00e7in de bu kitab\u0131 yazmaya karar verdim. Hayat\u0131mda sevmedi\u011fim c\u00fcmleler var. \u2018Ben do\u011fru bir adam\u0131m.\u2019 \u2018Ben d\u00fcr\u00fcst bir insan\u0131m.\u2019 \u2018Ben yalan s\u00f6ylemem.\u2019 Bunlar\u0131n hi\u00e7birini ne yaz\u0131lar\u0131mda, ne s\u00f6ylemlerimde ne de \u00f6zel hayat\u0131mda kulland\u0131m. Siz neyseniz onun karar\u0131n\u0131 kamuoyu verir, siz veremezsiniz; \u00f6yle bir hakk\u0131n\u0131z da yok. Art\u0131s\u0131yla eksisiyle bu kitab\u0131 yazd\u0131m. \u0130kinci bir kitap yazar m\u0131y\u0131m? \u015eu anda \u00e7ok zor g\u00f6z\u00fck\u00fcyor. Kitab\u0131n son s\u00f6z\u00fcn\u00fc bu arka kapakta yaz\u0131yorum. Bu kitap hem benim kitab\u0131m hem de \u2018BEN\u0130M\u2019.\u201d <\/p>\n","protected":false},"excerpt":{"rendered":"<p>\u201cElinizdeki bu kitab\u0131 yazmaya mecburdum. \u00c7\u00fcnk\u00fc y\u0131llarca spor hayat\u0131m, yani futbolculu\u011fum, sonra hakemli\u011fim, sonra kabz\u0131mall\u0131\u011f\u0131m ve sonra gazete ve televizyon hayat\u0131mdaki ya\u015fad\u0131\u011f\u0131m olaylardan dolay\u0131 yaz\u0131l\u0131, g\u00f6rsel<span class=\"excerpt-hellip\"> [\u2026]<\/span><\/p>\n","protected":false},"featured_media":0,"template":"","meta":{"_monsterinsights_skip_tracking":false,"_monsterinsights_sitenote_active":false,"_monsterinsights_sitenote_note":"","_monsterinsights_sitenote_category":0},"product_brand":[],"product_cat":[14009,12291],"product_tag":[],"class_list":{"0":"post-759662","1":"product","2":"type-product","3":"status-publish","5":"product_cat-biyografi-otobiyografi-edebiyat","6":"product_cat-edebiyat","7":"pa_cilt-ciltsiz","8":"pa_tur-kitap","9":"pa_yayinevi-tk-yayinlari","10":"pa_yazar-erman-toroglu-hamit-turhan","12":"first","13":"instock","14":"sale","15":"shipping-taxable","16":"purchasable","17":"product-type-simple"},"_links":{"self":[{"href":"https:\/\/roveyayinevi.com.tr\/index.php\/wp-json\/wp\/v2\/product\/759662","targetHints":{"allow":["GET"]}}],"collection":[{"href":"https:\/\/roveyayinevi.com.tr\/index.php\/wp-json\/wp\/v2\/product"}],"about":[{"href":"https:\/\/roveyayinevi.com.tr\/index.php\/wp-json\/wp\/v2\/types\/product"}],"wp:attachment":[{"href":"https:\/\/roveyayinevi.com.tr\/index.php\/wp-json\/wp\/v2\/media?parent=759662"}],"wp:term":[{"taxonomy":"product_brand","embeddable":true,"href":"https:\/\/roveyayinevi.com.tr\/index.php\/wp-json\/wp\/v2\/product_brand?post=759662"},{"taxonomy":"product_cat","embeddable":true,"href":"https:\/\/roveyayinevi.com.tr\/index.php\/wp-json\/wp\/v2\/product_cat?post=759662"},{"taxonomy":"product_tag","embeddable":true,"href":"https:\/\/roveyayinevi.com.tr\/index.php\/wp-json\/wp\/v2\/product_tag?post=759662"}],"curies":[{"name":"wp","href":"https:\/\/api.w.org\/{rel}","templated":true}]}}