{"id":759657,"date":"2025-08-28T08:41:27","date_gmt":"2025-08-28T05:41:27","guid":{"rendered":"https:\/\/roveyayinevi.com.tr\/index.php\/urun\/agac-atlasi-ciltli-dunya-haritasi-ve-cikartma-hediyeli\/"},"modified":"2026-04-16T03:12:37","modified_gmt":"2026-04-16T00:12:37","slug":"agac-atlasi-ciltli-dunya-haritasi-ve-cikartma-hediyeli","status":"publish","type":"product","link":"https:\/\/roveyayinevi.com.tr\/index.php\/urun\/agac-atlasi-ciltli-dunya-haritasi-ve-cikartma-hediyeli\/","title":{"rendered":"A\u011fa\u00e7 Atlas\u0131 (Ciltli- D\u00fcnya Haritas\u0131 ve \u00c7ikartma Hediyeli)"},"content":{"rendered":"<p>Meyveleri g\u00f6vdesinde b\u00fcy\u00fcyen jabuticaba, dinozorlar\u0131 g\u00f6rm\u00fc\u015f ginkgo, suyun i\u00e7inde b\u00fcy\u00fcyen mangrov, dallar\u0131 bulutlara de\u011fen sedir, g\u00f6vdesinden darbe al\u0131nca kanayan ejderha kan\u0131 a\u011fac\u0131, masallardan f\u0131rlam\u0131\u015f gibi g\u00f6r\u00fcnen dev baobap, 4 bin y\u0131ld\u0131r meyvesini yedi\u011fimiz zeytin, h\u00fck\u00fcmdarlara g\u00f6lgelik etmi\u015f uzun \u00f6m\u00fcrl\u00fc \u00e7\u0131nar, meyvesi neredeyse 10 kilo olan sosis a\u011fac\u0131, reng\u00e2renk g\u00f6vdesiyle g\u00f6kku\u015fa\u011f\u0131 okaliptusu, d\u00fcnyan\u0131n en b\u00fcy\u00fck meyvesine sahip jak a\u011fac\u0131, mis kokulu yapraklar\u0131yla defne, d\u00fcnyan\u0131n en uzun a\u011fa\u00e7lar\u0131ndan biri olan sekoya\u2026 52 \u00fclkeden 52 g\u00fczel a\u011fa\u00e7 bu atlasta!   Dr. Fatih Dikmen\u2019in kaleme ald\u0131\u011f\u0131, S\u00fcmeyye Ero\u011flu \u0130skit&#8217;in capcanl\u0131 \u00e7izimleriyle s\u00fcsledi\u011fi A\u011fa\u00e7 Atlas\u0131; d\u00fcnyan\u0131n d\u00f6rt bir yan\u0131ndaki a\u011fa\u00e7lar\u0131 yak\u0131ndan tan\u0131mak isteyen macerasever ve merakl\u0131 \u00e7ocuklar i\u00e7in yaz\u0131ld\u0131. Atlas\u0131n i\u00e7inden \u00e7\u0131kan dev d\u00fcnya haritas\u0131 ve a\u011fa\u00e7 \u00e7\u0131kartmalar\u0131yla kitap boyunca anlat\u0131lan bilgileri oyuna d\u00f6n\u00fc\u015ft\u00fcrmek de bu ne\u015feli ansiklopedinin en e\u011flenceli k\u0131sm\u0131! <\/p>\n","protected":false},"excerpt":{"rendered":"<p>Meyveleri g\u00f6vdesinde b\u00fcy\u00fcyen jabuticaba, dinozorlar\u0131 g\u00f6rm\u00fc\u015f ginkgo, suyun i\u00e7inde b\u00fcy\u00fcyen mangrov, dallar\u0131 bulutlara de\u011fen sedir, g\u00f6vdesinden darbe al\u0131nca kanayan ejderha kan\u0131 a\u011fac\u0131, masallardan f\u0131rlam\u0131\u015f gibi g\u00f6r\u00fcnen<span class=\"excerpt-hellip\"> [\u2026]<\/span><\/p>\n","protected":false},"featured_media":0,"template":"","meta":{"_monsterinsights_skip_tracking":false,"_monsterinsights_sitenote_active":false,"_monsterinsights_sitenote_note":"","_monsterinsights_sitenote_category":0},"product_brand":[],"product_cat":[12274],"product_tag":[],"class_list":{"0":"post-759657","1":"product","2":"type-product","3":"status-publish","5":"product_cat-cocuk-ve-genclik-kitaplari","6":"pa_cilt-ciltli","7":"pa_tur-kitap","8":"pa_yayinevi-taze-kitap","9":"pa_yazar-fatih-dikmen","11":"first","12":"instock","13":"sale","14":"shipping-taxable","15":"purchasable","16":"product-type-simple"},"_links":{"self":[{"href":"https:\/\/roveyayinevi.com.tr\/index.php\/wp-json\/wp\/v2\/product\/759657","targetHints":{"allow":["GET"]}}],"collection":[{"href":"https:\/\/roveyayinevi.com.tr\/index.php\/wp-json\/wp\/v2\/product"}],"about":[{"href":"https:\/\/roveyayinevi.com.tr\/index.php\/wp-json\/wp\/v2\/types\/product"}],"wp:attachment":[{"href":"https:\/\/roveyayinevi.com.tr\/index.php\/wp-json\/wp\/v2\/media?parent=759657"}],"wp:term":[{"taxonomy":"product_brand","embeddable":true,"href":"https:\/\/roveyayinevi.com.tr\/index.php\/wp-json\/wp\/v2\/product_brand?post=759657"},{"taxonomy":"product_cat","embeddable":true,"href":"https:\/\/roveyayinevi.com.tr\/index.php\/wp-json\/wp\/v2\/product_cat?post=759657"},{"taxonomy":"product_tag","embeddable":true,"href":"https:\/\/roveyayinevi.com.tr\/index.php\/wp-json\/wp\/v2\/product_tag?post=759657"}],"curies":[{"name":"wp","href":"https:\/\/api.w.org\/{rel}","templated":true}]}}