{"id":759655,"date":"2025-08-28T08:41:24","date_gmt":"2025-08-28T05:41:24","guid":{"rendered":"https:\/\/roveyayinevi.com.tr\/index.php\/urun\/rafadan-tayfa-hayrimator-ciltli\/"},"modified":"2026-04-16T03:12:37","modified_gmt":"2026-04-16T00:12:37","slug":"rafadan-tayfa-hayrimator-ciltli","status":"publish","type":"product","link":"https:\/\/roveyayinevi.com.tr\/index.php\/urun\/rafadan-tayfa-hayrimator-ciltli\/","title":{"rendered":"Rafadan Tayfa &#8211; Hayrimat\u00f6r (Ciltli)"},"content":{"rendered":"<p>Her \u015fey bilim merkezine kay\u0131t olmamla ba\u015flam\u0131\u015ft\u0131. Dev bir robot yapm\u0131\u015ft\u0131m ve ad\u0131n\u0131 Hayrimat\u00f6r koymu\u015ftum. Robotumla u\u011fra\u015fmaktan arkada\u015flar\u0131ma vakit ay\u0131ram\u0131yordum. Rafadan Tayfa olarak eski birlikteli\u011fimiz ve ne\u015femiz kalmam\u0131\u015ft\u0131. Zobi\u2019nin de yard\u0131m\u0131yla nihayet u\u011fra\u015flar\u0131m sonu\u00e7 verdi ve robotum bilim fuar\u0131nda sergilendi. Ama mutlulu\u011fum k\u0131sa s\u00fcrd\u00fc\u2026 Hayrimat\u00f6r\u2019\u00fcm, Zobi\u2019nin y\u00fcz\u00fc\u011f\u00fc ve Galata Kulesi k\u00f6t\u00fclerin elinde kay\u0131plara kar\u0131\u015ft\u0131. \u0130\u015fte \u015fimdi arkada\u015flar\u0131ma \u00e7ok ihtiyac\u0131m vard\u0131. Rafadan Tayfa eski g\u00fcnlerdeki gibi bir araya gelebilecek mi? Kaybolan Galata Kulesi yerine konabilecek mi? Zobi, y\u00fcz\u00fc\u011f\u00fc bulunup ailesine kavu\u015fabilecek mi? Siz de bu sorular\u0131n cevab\u0131n\u0131 merak ediyorsan\u0131z, dev bir macera sizleri bekliyor<\/p>\n","protected":false},"excerpt":{"rendered":"<p>Her \u015fey bilim merkezine kay\u0131t olmamla ba\u015flam\u0131\u015ft\u0131. Dev bir robot yapm\u0131\u015ft\u0131m ve ad\u0131n\u0131 Hayrimat\u00f6r koymu\u015ftum. Robotumla u\u011fra\u015fmaktan arkada\u015flar\u0131ma vakit ay\u0131ram\u0131yordum. Rafadan Tayfa olarak eski birlikteli\u011fimiz ve<span class=\"excerpt-hellip\"> [\u2026]<\/span><\/p>\n","protected":false},"featured_media":0,"template":"","meta":{"_monsterinsights_skip_tracking":false,"_monsterinsights_sitenote_active":false,"_monsterinsights_sitenote_note":"","_monsterinsights_sitenote_category":0},"product_brand":[],"product_cat":[12274,12284],"product_tag":[],"class_list":{"0":"post-759655","1":"product","2":"type-product","3":"status-publish","5":"product_cat-cocuk-ve-genclik-kitaplari","6":"product_cat-hikayeler","7":"pa_cilt-ciltli","8":"pa_tur-kitap","9":"pa_yayinevi-isf-yayinlari","10":"pa_yazar-arzu-yurtseven","12":"first","13":"instock","14":"sale","15":"shipping-taxable","16":"purchasable","17":"product-type-simple"},"_links":{"self":[{"href":"https:\/\/roveyayinevi.com.tr\/index.php\/wp-json\/wp\/v2\/product\/759655","targetHints":{"allow":["GET"]}}],"collection":[{"href":"https:\/\/roveyayinevi.com.tr\/index.php\/wp-json\/wp\/v2\/product"}],"about":[{"href":"https:\/\/roveyayinevi.com.tr\/index.php\/wp-json\/wp\/v2\/types\/product"}],"wp:attachment":[{"href":"https:\/\/roveyayinevi.com.tr\/index.php\/wp-json\/wp\/v2\/media?parent=759655"}],"wp:term":[{"taxonomy":"product_brand","embeddable":true,"href":"https:\/\/roveyayinevi.com.tr\/index.php\/wp-json\/wp\/v2\/product_brand?post=759655"},{"taxonomy":"product_cat","embeddable":true,"href":"https:\/\/roveyayinevi.com.tr\/index.php\/wp-json\/wp\/v2\/product_cat?post=759655"},{"taxonomy":"product_tag","embeddable":true,"href":"https:\/\/roveyayinevi.com.tr\/index.php\/wp-json\/wp\/v2\/product_tag?post=759655"}],"curies":[{"name":"wp","href":"https:\/\/api.w.org\/{rel}","templated":true}]}}